{"id":104,"date":"2017-10-23T18:23:56","date_gmt":"2017-10-23T16:23:56","guid":{"rendered":"https:\/\/awo-fulda.de\/?page_id=104"},"modified":"2026-03-13T11:02:07","modified_gmt":"2026-03-13T10:02:07","slug":"buero-tann","status":"publish","type":"page","link":"https:\/\/awo-fulda.de\/fa\/begegnungsstaetten\/buero-tann\/","title":{"rendered":"Gemeinwesenarbeit in Tann (Rh\u00f6n)"},"content":{"rendered":"<table style=\"border-collapse: collapse; width: 100%;\">\n<tbody>\n<tr>\n<td style=\"width: 33.3333%;\"><img loading=\"lazy\" decoding=\"async\" class=\"alignnone wp-image-26501 size-medium\" src=\"https:\/\/awo-fulda.de\/wp-content\/uploads\/2021\/01\/Sprachcafe-mit-Herz-480x270.jpg\" alt=\"\" width=\"480\" height=\"270\" srcset=\"https:\/\/awo-fulda.de\/wp-content\/uploads\/2021\/01\/Sprachcafe-mit-Herz-480x270.jpg 480w, https:\/\/awo-fulda.de\/wp-content\/uploads\/2021\/01\/Sprachcafe-mit-Herz-640x360.jpg 640w, https:\/\/awo-fulda.de\/wp-content\/uploads\/2021\/01\/Sprachcafe-mit-Herz-768x432.jpg 768w, https:\/\/awo-fulda.de\/wp-content\/uploads\/2021\/01\/Sprachcafe-mit-Herz-1536x864.jpg 1536w, https:\/\/awo-fulda.de\/wp-content\/uploads\/2021\/01\/Sprachcafe-mit-Herz-2048x1152.jpg 2048w\" sizes=\"auto, (max-width: 480px) 100vw, 480px\" \/><\/td>\n<td style=\"width: 33.3333%;\"><img loading=\"lazy\" decoding=\"async\" class=\"alignnone wp-image-23460 size-medium\" src=\"https:\/\/awo-fulda.de\/wp-content\/uploads\/2020\/07\/UpcyclingKindertag-e1646306825710-480x270.jpg\" alt=\"\" width=\"480\" height=\"270\" srcset=\"https:\/\/awo-fulda.de\/wp-content\/uploads\/2020\/07\/UpcyclingKindertag-e1646306825710-480x270.jpg 480w, https:\/\/awo-fulda.de\/wp-content\/uploads\/2020\/07\/UpcyclingKindertag-e1646306825710-640x360.jpg 640w, https:\/\/awo-fulda.de\/wp-content\/uploads\/2020\/07\/UpcyclingKindertag-e1646306825710-768x432.jpg 768w, https:\/\/awo-fulda.de\/wp-content\/uploads\/2020\/07\/UpcyclingKindertag-e1646306825710.jpg 1024w\" sizes=\"auto, (max-width: 480px) 100vw, 480px\" \/><\/td>\n<td style=\"width: 33.3333%;\"><img loading=\"lazy\" decoding=\"async\" class=\"aligncenter\" src=\"https:\/\/awo-fulda.de\/wp-content\/uploads\/2023\/06\/Fotoleiste_Tann-rechts-scaled.jpg\" alt=\"\" width=\"480\" height=\"270\" \/><\/td>\n<\/tr>\n<\/tbody>\n<\/table>\n<p>Hier am AWO-Standort in Tann (Rh\u00f6n) bieten wir eine Vielzahl an Angeboten. Unser Name \u201e<strong>AWO <span style=\"background-color: #ff99cc;\">Jugend<\/span>&#8211; und <span style=\"background-color: #ccffcc;\">Familienzentrum<\/span>, <span style=\"background-color: #ffff99;\">Gemeinwesenarbeit<\/span><\/strong>\u201c repr\u00e4sentiert dabei schon unsere <span style=\"text-decoration: underline;\">drei<\/span> Handlungsbereiche.<\/p>\n<p>Der erste Bereich ist das <span style=\"background-color: #ff99cc;\"><strong>Jugendzentrum<\/strong><\/span>. Dank einer F\u00f6rderung des Landkreises Fulda konnten wir einen Jugendraum ausstatten, den wir Ende April feierlich eingeweiht haben. Einmal die Woche (immer donnerstags 16:30 \u2013 20:00 Uhr) haben wir f\u00fcr euch ge\u00f6ffnet. Hier warten Tischkicker, Dartscheibe, Tischtennis, Billard und Playstation auf euch. Im Rahmen dieses Jugendtreffs wollen wir in Zukunft auch Ausfl\u00fcge und Fahrten organisieren.<\/p>\n<p>Im Rahmen des <span style=\"background-color: #ccffcc;\"><strong>Familienzentrums<\/strong><\/span> schaffen wir Angebote f\u00fcr Kinder, wie unsere regelm\u00e4\u00dfig stattfindenden Ferienprogramme, aber auch f\u00fcr Familien. Diese generations\u00fcbergreifenden Veranstaltungen sind beispielsweise ein Familien-Schwimmbadtag oder ein Kinderflohmarkt. Hinzu kommen U3 Angebote, die wir immer wieder mit im Programm haben (Eltern-Kind-Fr\u00fchst\u00fcck, Musikkindergarten).<\/p>\n<p><span style=\"background-color: #ffff99;\">\u201e<strong>Gemeinwesenarbeit<\/strong>\u201c<\/span> ist ein F\u00f6rderprogramm des Hessischen Ministeriums f\u00fcr Soziales und Integration und erm\u00f6glicht uns seit 2017 in Tann aktiv zu werden. Aber was hei\u00dft das konkret?<\/p>\n<p>Durch verschiedene Angebote unterst\u00fctzen wir den Zusammenhalt und die Gleichberechtigung aller Bewohner:innen von Tann. Beispielsweise arbeiten wir eng mit der Stadt Tann (Rh\u00f6n) zusammen, aber auch mit den hiesigen Vereinen. Dieser Austausch ist wichtig, um die W\u00fcnsche der Bewohner:innen festzustellen und umsetzen zu k\u00f6nnen. Dabei arbeiten wir daraufhin, dass sich die Menschen mit einer Idee einbringen und lernen, diese selbstst\u00e4ndig oder mit unserer Unterst\u00fctzung zu verwirklichen (Beispiele: Lernangebote, Freizeitangebote).<\/p>\n<p>Au\u00dferdem ist uns besonders wichtig, dass wir das Zusammenleben von Bewohner:innen aus verschiedenen Generationen und Kulturen f\u00f6rdern. Daf\u00fcr schaffen wir gezielt Begegnungsorte, wie Caf\u00e9s oder ein interkulturelles Picknick, aber organisieren auch Feste verschiedener Religionen und Kulturen, wie beispielsweise das Zuckerfest im Islam.<\/p>\n<p>Neben solchen interkulturellen Veranstaltungen, bieten wir aber auch eine Anlaufstelle f\u00fcr Bewohner:innen mit Fragen und Problemen. Das ist besonders wichtig, denn der niedrigschwellige Zugang zu Beratungen und die Vermittlung an Fachstellen sollte gerade in l\u00e4ndlichen Regionen gew\u00e4hrleistet werden. Aber nicht nur Beratungen geh\u00f6ren zu unserem Aufgabengebiet, sondern auch das Organisieren von Fachvortr\u00e4gen, beispielsweise vom Verbraucherschutz oder Digitalisierung.<\/p>\n<p>Die Gemeinwesenarbeit ist also ein breites Feld, das zum Ziel hat, die Lebensqualit\u00e4t der Menschen durch verschiedene Ma\u00dfnahmen wie interkulturelle Veranstaltungen, niedrigschwellige Beratungen oder die Ermutigung zu selbstorganisierten Angeboten zu verbessern.<\/p>\n<h3>\u00a0<\/h3>\n<p><strong>WAS SIND FR\u00dcHE HILFEN?<br \/>Schwangere und Familien mit kleinen Kindern (bis 3 Jahre) in belastenden Lebenssituationen k\u00f6nnen kostenfrei Unterst\u00fctzung bekommen. <br \/><\/strong><\/p>\n<p>Aber nicht allen jungen und werdenden Eltern sind die kostenfreien Angebote bekannt. Deshalb wurde dieser dreimin\u00fctigen Film erstellt: <strong> <a href=\"https:\/\/youtu.be\/uLNlWI4ZN3A\">&#8220;Fr\u00fche Hilfen&#8221;<\/a><\/strong>, Er erkl\u00e4rt spielerisch, was Fr\u00fche Hilfen sind und wie einfach Schwangere und Familien mit Unterst\u00fctzungsbedarf die Angebote erhalten k\u00f6nnen. Weitere Informationen und eine Suche nach Fr\u00fchen Hilfen in der N\u00e4he finden Eltern unter: <a href=\"http:\/\/www.elternsein.info\/was-sind-fruehe-hilfen\">www.elternsein.info\/was-sind-fruehe-hilfen<\/a><\/p>\n<p>\u00a0<\/p>\n<p><strong>Unser aktuelles Programm f\u00fcr die Osterferien vom 07.04. \u2013 11.04.2026 (inkl. Anmeldung) finden Sie hier (zur Vergr\u00f6\u00dferung bitte anklicken):<\/strong><\/p>\n<p><a href=\"https:\/\/awo-fulda.de\/wp-content\/uploads\/2026\/03\/2026-Osterferien_-FerienprogrammAnmeldung.pdf\" target=\"_blank\" rel=\"noopener\">Osterferienprogramm (inkl. Anmeldung)<\/a><\/p>\n<p>\u00a0<\/p>\n<p><strong>Unser aktuelles Monatsprogramm finden Sie hier (zur Vergr\u00f6\u00dferung bitte anklicken):<\/strong><\/p>\n<p><a href=\"https:\/\/awo-fulda.de\/wp-content\/uploads\/2025\/06\/2025_Sommerferien_-FerienprogrammAnmeldung.pdf\" target=\"_blank\" rel=\"noopener\">Monatsprogramm Juli 2025<\/a><\/p>\n<p>\u00a0<\/p>\n<p><strong>Unser Spielekatalog zum St\u00f6bern:<\/strong><\/p>\n<p><a href=\"https:\/\/awo-fulda.de\/wp-content\/uploads\/2022\/03\/Spielekatalog-Stand-07.02.2022.pdf\" target=\"_blank\" rel=\"noopener\">Spielekatalog (Stand 07.02.2022)<\/a><\/p>\n<p>\u00a0<\/p>\n\n\n<p>&nbsp;<\/p>\n\n\n\n<p>&nbsp;<\/p>\n\n\n","protected":false},"excerpt":{"rendered":"<p>Hier am AWO-Standort in Tann (Rh\u00f6n) bieten wir eine Vielzahl an Angeboten. Unser Name \u201eAWO Jugend&#8211; und Familienzentrum, Gemeinwesenarbeit\u201c repr\u00e4sentiert dabei schon unsere drei Handlungsbereiche. Der erste Bereich ist das&hellip;<\/p>\n","protected":false},"author":1,"featured_media":0,"parent":92,"menu_order":0,"comment_status":"closed","ping_status":"closed","template":"","meta":{"_editorskit_title_hidden":false,"_editorskit_reading_time":2,"_editorskit_is_block_options_detached":false,"_editorskit_block_options_position":"{}","footnotes":""},"class_list":["post-104","page","type-page","status-publish","hentry","description-off"],"translation":{"provider":"WPGlobus","version":"3.0.2","language":"fa","enabled_languages":["de","en","fr","ru","ar","tr","fa"],"languages":{"de":{"title":true,"content":true,"excerpt":false},"en":{"title":false,"content":false,"excerpt":false},"fr":{"title":false,"content":false,"excerpt":false},"ru":{"title":false,"content":false,"excerpt":false},"ar":{"title":false,"content":false,"excerpt":false},"tr":{"title":false,"content":false,"excerpt":false},"fa":{"title":false,"content":false,"excerpt":false}}},"_links":{"self":[{"href":"https:\/\/awo-fulda.de\/fa\/wp-json\/wp\/v2\/pages\/104","targetHints":{"allow":["GET"]}}],"collection":[{"href":"https:\/\/awo-fulda.de\/fa\/wp-json\/wp\/v2\/pages"}],"about":[{"href":"https:\/\/awo-fulda.de\/fa\/wp-json\/wp\/v2\/types\/page"}],"author":[{"embeddable":true,"href":"https:\/\/awo-fulda.de\/fa\/wp-json\/wp\/v2\/users\/1"}],"replies":[{"embeddable":true,"href":"https:\/\/awo-fulda.de\/fa\/wp-json\/wp\/v2\/comments?post=104"}],"version-history":[{"count":232,"href":"https:\/\/awo-fulda.de\/fa\/wp-json\/wp\/v2\/pages\/104\/revisions"}],"predecessor-version":[{"id":144757,"href":"https:\/\/awo-fulda.de\/fa\/wp-json\/wp\/v2\/pages\/104\/revisions\/144757"}],"up":[{"embeddable":true,"href":"https:\/\/awo-fulda.de\/fa\/wp-json\/wp\/v2\/pages\/92"}],"wp:attachment":[{"href":"https:\/\/awo-fulda.de\/fa\/wp-json\/wp\/v2\/media?parent=104"}],"curies":[{"name":"wp","href":"https:\/\/api.w.org\/{rel}","templated":true}]}}