{"id":86,"date":"2017-10-23T18:20:10","date_gmt":"2017-10-23T16:20:10","guid":{"rendered":"https:\/\/awo-fulda.de\/?page_id=86"},"modified":"2020-09-29T11:29:32","modified_gmt":"2020-09-29T09:29:32","slug":"qualifizierungsmassnahme-artemis","status":"publish","type":"page","link":"https:\/\/awo-fulda.de\/en\/arbeit-bildung\/qualifizierungsmassnahme-artemis\/","title":{"rendered":"Qualifizierungsma\u00dfnahme Artemis"},"content":{"rendered":"<table style=\"height: 72px;\" width=\"1027\">\n<tbody>\n<tr>\n<td style=\"width: 335px;\"><img loading=\"lazy\" decoding=\"async\" class=\"alignnone size-medium wp-image-15186\" src=\"https:\/\/awo-fulda.de\/wp-content\/uploads\/2018\/05\/Artemis3-480x270.jpg\" alt=\"\" width=\"480\" height=\"270\" srcset=\"https:\/\/awo-fulda.de\/wp-content\/uploads\/2018\/05\/Artemis3-480x270.jpg 480w, https:\/\/awo-fulda.de\/wp-content\/uploads\/2018\/05\/Artemis3-768x432.jpg 768w, https:\/\/awo-fulda.de\/wp-content\/uploads\/2018\/05\/Artemis3-640x360.jpg 640w, https:\/\/awo-fulda.de\/wp-content\/uploads\/2018\/05\/Artemis3.jpg 1600w\" sizes=\"auto, (max-width: 480px) 100vw, 480px\" \/><\/td>\n<td style=\"width: 335px;\"><img loading=\"lazy\" decoding=\"async\" class=\"alignnone size-medium wp-image-15365\" src=\"https:\/\/awo-fulda.de\/wp-content\/uploads\/2018\/05\/Artemis-Kochtopf-480x270.jpg\" alt=\"\" width=\"480\" height=\"270\" srcset=\"https:\/\/awo-fulda.de\/wp-content\/uploads\/2018\/05\/Artemis-Kochtopf-480x270.jpg 480w, https:\/\/awo-fulda.de\/wp-content\/uploads\/2018\/05\/Artemis-Kochtopf-768x432.jpg 768w, https:\/\/awo-fulda.de\/wp-content\/uploads\/2018\/05\/Artemis-Kochtopf-640x360.jpg 640w, https:\/\/awo-fulda.de\/wp-content\/uploads\/2018\/05\/Artemis-Kochtopf.jpg 1600w\" sizes=\"auto, (max-width: 480px) 100vw, 480px\" \/><\/td>\n<td style=\"width: 335px;\"><img loading=\"lazy\" decoding=\"async\" class=\"alignnone size-medium wp-image-15366\" src=\"https:\/\/awo-fulda.de\/wp-content\/uploads\/2018\/05\/Artemis-Teamtraining-480x270.jpg\" alt=\"\" width=\"480\" height=\"270\" srcset=\"https:\/\/awo-fulda.de\/wp-content\/uploads\/2018\/05\/Artemis-Teamtraining-480x270.jpg 480w, https:\/\/awo-fulda.de\/wp-content\/uploads\/2018\/05\/Artemis-Teamtraining-768x432.jpg 768w, https:\/\/awo-fulda.de\/wp-content\/uploads\/2018\/05\/Artemis-Teamtraining-640x360.jpg 640w, https:\/\/awo-fulda.de\/wp-content\/uploads\/2018\/05\/Artemis-Teamtraining.jpg 1600w\" sizes=\"auto, (max-width: 480px) 100vw, 480px\" \/><\/td>\n<\/tr>\n<\/tbody>\n<\/table>\n<p>Das niedrigschwellige Projekt <em>Artemis<\/em> begleitet und unterst\u00fctzt arbeitslose junge Frauen mit multiplen Vermittlungshemmnissen bis 27 Jahren, die in Form einer Arbeitsgelegenheit bei unserem Kooperationspartner, dem Wildpark Gersfeld, besch\u00e4ftigt sind. Dieser gesch\u00fctzte Rahmen ist ein gutes Arbeitsfeld, um die jungen Frauen zu einem selbstst\u00e4ndigen und unabh\u00e4ngigen Leben zu bef\u00e4higen.<\/p>\n<p>An vier Tagen in der Woche sind die Jugendlichen unter fachlicher und p\u00e4dagogischer Anleitung in der Tierpflege sowie der Instandhaltung und der Pflege der Gehege und Au\u00dfenanlagen t\u00e4tig. Schwerpunkt sind Elemente der tiergest\u00fctzten P\u00e4dagogik, wodurch die jungen Frauen ihre sozialen Kompetenzen weiterentwickeln k\u00f6nnen und lernen, sich besser in Gruppen und in die Gesellschaft zu integrieren. Zudem werden sie an den Arbeitsmarkt herangef\u00fchrt und streben bestenfalls einen Schulabschluss, eine Ausbildung oder eine Besch\u00e4ftigung an.<\/p>\n<p>Ein Wochentag wird f\u00fcr Qualifikation und unterschiedliche Aktivit\u00e4ten genutzt. Diese Mischung aus praktischen T\u00e4tigkeiten, freizeit- und erlebnisp\u00e4dagogischen Aktivit\u00e4ten, Qualifizierungsmodulen und p\u00e4dagogischer Betreuung wirkt sich positiv auf die soziale und berufliche Integration der jungen Frauen aus.<\/p>\n<p><strong>Hinweis : Das Projekt Artemis ist in der Woche vom 5.10.-9.10. geschlossen.<\/strong><\/p>\n","protected":false},"excerpt":{"rendered":"<p>Das niedrigschwellige Projekt Artemis begleitet und unterst\u00fctzt arbeitslose junge Frauen mit multiplen Vermittlungshemmnissen bis 27 Jahren, die in Form einer Arbeitsgelegenheit bei unserem Kooperationspartner, dem Wildpark Gersfeld, besch\u00e4ftigt sind. Dieser&hellip;<\/p>\n","protected":false},"author":1,"featured_media":0,"parent":28,"menu_order":0,"comment_status":"closed","ping_status":"closed","template":"","meta":{"_editorskit_title_hidden":false,"_editorskit_reading_time":0,"_editorskit_is_block_options_detached":false,"_editorskit_block_options_position":"{}","footnotes":""},"class_list":["post-86","page","type-page","status-publish","hentry","description-off"],"translation":{"provider":"WPGlobus","version":"3.0.2","language":"en","enabled_languages":["de","en","fr","ru","ar","tr","fa"],"languages":{"de":{"title":true,"content":true,"excerpt":false},"en":{"title":false,"content":false,"excerpt":false},"fr":{"title":false,"content":false,"excerpt":false},"ru":{"title":false,"content":false,"excerpt":false},"ar":{"title":false,"content":false,"excerpt":false},"tr":{"title":false,"content":false,"excerpt":false},"fa":{"title":false,"content":false,"excerpt":false}}},"_links":{"self":[{"href":"https:\/\/awo-fulda.de\/en\/wp-json\/wp\/v2\/pages\/86","targetHints":{"allow":["GET"]}}],"collection":[{"href":"https:\/\/awo-fulda.de\/en\/wp-json\/wp\/v2\/pages"}],"about":[{"href":"https:\/\/awo-fulda.de\/en\/wp-json\/wp\/v2\/types\/page"}],"author":[{"embeddable":true,"href":"https:\/\/awo-fulda.de\/en\/wp-json\/wp\/v2\/users\/1"}],"replies":[{"embeddable":true,"href":"https:\/\/awo-fulda.de\/en\/wp-json\/wp\/v2\/comments?post=86"}],"version-history":[{"count":9,"href":"https:\/\/awo-fulda.de\/en\/wp-json\/wp\/v2\/pages\/86\/revisions"}],"predecessor-version":[{"id":24532,"href":"https:\/\/awo-fulda.de\/en\/wp-json\/wp\/v2\/pages\/86\/revisions\/24532"}],"up":[{"embeddable":true,"href":"https:\/\/awo-fulda.de\/en\/wp-json\/wp\/v2\/pages\/28"}],"wp:attachment":[{"href":"https:\/\/awo-fulda.de\/en\/wp-json\/wp\/v2\/media?parent=86"}],"curies":[{"name":"wp","href":"https:\/\/api.w.org\/{rel}","templated":true}]}}