{"id":66,"date":"2024-05-23T13:35:07","date_gmt":"2024-05-23T11:35:07","guid":{"rendered":"https:\/\/awo-fulda.de\/?page_id=66"},"modified":"2026-04-07T09:02:54","modified_gmt":"2026-04-07T07:02:54","slug":"schuldner-und-insolvenzberatung","status":"publish","type":"page","link":"https:\/\/awo-fulda.de\/en\/beratung-begleitung\/schuldner-und-insolvenzberatung\/","title":{"rendered":"Schuldner- und Insolvenzberatung (LK Fulda)"},"content":{"rendered":"<div class=\"wpb-content-wrapper\">[vc_row][vc_column][vc_column_text]\n<div class=\"field field-name-body field-type-text-with-summary field-label-hidden\">\n<div class=\"field-items\">\n<div class=\"field-item even\">\n<table style=\"height: 76px;\" width=\"1367\">\n<tbody>\n<tr>\n<td style=\"width: 448.333px;\"><img loading=\"lazy\" decoding=\"async\" class=\"alignnone size-large wp-image-15271\" src=\"https:\/\/awo-fulda.de\/wp-content\/uploads\/2018\/05\/Un-Job-2-640x360.jpg\" alt=\"\" width=\"640\" height=\"360\" srcset=\"https:\/\/awo-fulda.de\/wp-content\/uploads\/2018\/05\/Un-Job-2-640x360.jpg 640w, https:\/\/awo-fulda.de\/wp-content\/uploads\/2018\/05\/Un-Job-2-480x270.jpg 480w, https:\/\/awo-fulda.de\/wp-content\/uploads\/2018\/05\/Un-Job-2-768x432.jpg 768w, https:\/\/awo-fulda.de\/wp-content\/uploads\/2018\/05\/Un-Job-2.jpg 1600w\" sizes=\"auto, (max-width: 640px) 100vw, 640px\" \/><\/td>\n<td style=\"width: 448.333px;\"><img loading=\"lazy\" decoding=\"async\" class=\"alignnone size-medium wp-image-15347\" src=\"https:\/\/awo-fulda.de\/wp-content\/uploads\/2018\/05\/Leere-Taschen-480x270.jpg\" alt=\"\" width=\"480\" height=\"270\" srcset=\"https:\/\/awo-fulda.de\/wp-content\/uploads\/2018\/05\/Leere-Taschen-480x270.jpg 480w, https:\/\/awo-fulda.de\/wp-content\/uploads\/2018\/05\/Leere-Taschen-768x432.jpg 768w, https:\/\/awo-fulda.de\/wp-content\/uploads\/2018\/05\/Leere-Taschen-640x360.jpg 640w, https:\/\/awo-fulda.de\/wp-content\/uploads\/2018\/05\/Leere-Taschen.jpg 1600w\" sizes=\"auto, (max-width: 480px) 100vw, 480px\" \/><\/td>\n<td style=\"width: 448.333px;\"><img loading=\"lazy\" decoding=\"async\" class=\"size-medium wp-image-15342 alignnone\" src=\"https:\/\/awo-fulda.de\/wp-content\/uploads\/2018\/05\/Taschenrechner-480x270.jpg\" alt=\"\" width=\"480\" height=\"270\" srcset=\"https:\/\/awo-fulda.de\/wp-content\/uploads\/2018\/05\/Taschenrechner-480x270.jpg 480w, https:\/\/awo-fulda.de\/wp-content\/uploads\/2018\/05\/Taschenrechner-768x432.jpg 768w, https:\/\/awo-fulda.de\/wp-content\/uploads\/2018\/05\/Taschenrechner-640x360.jpg 640w, https:\/\/awo-fulda.de\/wp-content\/uploads\/2018\/05\/Taschenrechner.jpg 1600w\" sizes=\"auto, (max-width: 480px) 100vw, 480px\" \/><\/td>\n<\/tr>\n<\/tbody>\n<\/table>\n<\/div>\n<\/div>\n<\/div>\n<p>Die Schuldner- und Insolvenzberatung des Kreisverbandes der Arbeiterwohlfahrt Fulda e.V. ber\u00e4t und begleitet Menschen in finanziellen Notlagen. Ihr Ziel ist es, eine Perspektive aus der finanziellen Belastungssituation aufzuzeigen, was sich dann auch positiv auf die ganze psychosoziale Situation auswirkt.<\/p>\n<p>Dazu bietet die AWO <strong>kostenlose<\/strong>, offene Sprechstunden an, die von jedem Einwohner aus Stadt und Landkreis Fulda wahrgenommen werden k\u00f6nnen. Zudem beraten wir in Zusammenarbeit mit dem kommunalen Kreisjobcenter Menschen im SGB-II-Bezug, die von Schuldenproblemen bedroht oder betroffen sind.<\/p>\n<p>Der AWO Kreisverband Fulda ist eine vom Regierungspr\u00e4sidium Kassel anerkannte Stelle nach \u00a7 305 Insolvenzordnung (InsO). Sie ist berechtigt, die f\u00fcr einen Antrag auf Er\u00f6ffnung des Verbraucherinsolvenzverfahrens erforderliche Bescheinigung \u00fcber einen gescheiterten au\u00dfergerichtlichen Einigungsversuch auszustellen.<\/p>\n<table style=\"border-collapse: collapse; width: 100%; height: 76px;\">\n<tbody>\n<tr>\n<td style=\"width: 99.7655%;\">\n<h3 style=\"text-align: center;\"><span style=\"font-size: 20px;\"><strong><span style=\"color: #ff0000;\">Aktuelle Sprechstunden der Schuldner- und Insolvenzberatung<\/span><\/strong><\/span><\/h3>\n<p style=\"text-align: left;\"><span style=\"font-size: 20px; color: #000000;\">Wenn Sie bereits Klient:in in der Schuldner- und Insolvenzberatung sind, nutzen Sie bitte die jeweiligen Kontaktdaten Ihrer Schuldnerberaterin f\u00fcr R\u00fccksprachen via Telefon oder E-Mail bzw. vereinbaren Sie hier\u00fcber einen Pr\u00e4senztermin. Die Sprechstunden sind <strong>nur f\u00fcr Neuzug\u00e4nge<\/strong> gedacht.<\/span><\/p>\n<p style=\"text-align: left;\"><span style=\"font-size: 20px; color: #000000;\"><strong>Ansonsten finden unsere Sprechstunden zu den folgenden Zeiten statt:<\/strong><\/span><\/p>\n<table style=\"height: 57px; width: 59.645%; border-collapse: collapse;\">\n<tbody>\n<tr style=\"height: 19px;\">\n<td style=\"width: 25.6332%; height: 19px;\"><strong>Montag:<\/strong><\/td>\n<td style=\"width: 80.9964%; text-align: left; height: 19px;\">17:00 &#8211; 18:00 Uhr<\/td>\n<\/tr>\n<tr style=\"height: 19px;\">\n<td style=\"width: 25.6332%; height: 19px;\"><strong>Dienstag:<\/strong><\/td>\n<td style=\"width: 80.9964%; height: 19px;\">14:00 &#8211; 16:00 Uhr <span style=\"color: #ff0000;\">[entf\u00e4llt am 07.04.]<\/span><\/td>\n<\/tr>\n<tr style=\"height: 19px;\">\n<td style=\"width: 25.6332%; height: 19px;\"><strong>Donnerstag:<\/strong><\/td>\n<td style=\"width: 80.9964%; height: 19px;\">12:00 &#8211; 14:00 Uhr und 17:00 &#8211; 18:00 Uhr <span style=\"color: #ff0000;\">[entf\u00e4llt am 09.04.]<\/span><\/td>\n<\/tr>\n<\/tbody>\n<\/table>\n<p style=\"text-align: left;\"><span style=\"color: #000000; font-size: 20px;\">Die Sprechstunden finden in den R\u00e4umen der AWO-Gesch\u00e4ftsstelle in der Frankfurter Stra\u00dfe 28 in 36043 Fulda statt. Bitte beachten Sie, dass die Sprechstunden <span style=\"text-decoration: underline;\">ohne Termin<\/span> stattfinden, sodass Ihrerseits Wartezeiten eingeplant werden m\u00fcssen. Sollte in Ausnahmef\u00e4llen aus zeitlichen Gr\u00fcnden eine Kontaktaufnahme \u00fcber die offenen Sprechstunden nicht m\u00f6glich sein, wenden Sie sich zwecks Terminvereinbarung bitte an den Empfang.<\/span><\/p>\n<\/td>\n<td style=\"width: 1.17238%; text-align: center;\"><strong><span style=\"font-size: 20px;\">.<\/span><\/strong><\/td>\n<\/tr>\n<\/tbody>\n<\/table>\n<p><span style=\"font-size: 20px;\"><strong>\u00a0<\/strong><\/span><\/p>\n<div><\/div>\n<\/div>","protected":false},"excerpt":{"rendered":"<p>[vc_row][vc_column][vc_column_text] Die Schuldner- und Insolvenzberatung des Kreisverbandes der Arbeiterwohlfahrt Fulda e.V. ber\u00e4t und begleitet Menschen in finanziellen Notlagen. Ihr Ziel ist es, eine Perspektive aus der finanziellen Belastungssituation aufzuzeigen, was&hellip;<\/p>\n","protected":false},"author":1,"featured_media":0,"parent":24,"menu_order":0,"comment_status":"closed","ping_status":"closed","template":"","meta":{"_editorskit_title_hidden":false,"_editorskit_reading_time":1,"_editorskit_is_block_options_detached":false,"_editorskit_block_options_position":"{}","footnotes":""},"class_list":["post-66","page","type-page","status-publish","hentry","description-off"],"translation":{"provider":"WPGlobus","version":"3.0.2","language":"en","enabled_languages":["de","en","fr","ru","ar","tr","fa"],"languages":{"de":{"title":true,"content":true,"excerpt":false},"en":{"title":false,"content":false,"excerpt":false},"fr":{"title":false,"content":false,"excerpt":false},"ru":{"title":false,"content":false,"excerpt":false},"ar":{"title":false,"content":false,"excerpt":false},"tr":{"title":false,"content":false,"excerpt":false},"fa":{"title":false,"content":false,"excerpt":false}}},"_links":{"self":[{"href":"https:\/\/awo-fulda.de\/en\/wp-json\/wp\/v2\/pages\/66","targetHints":{"allow":["GET"]}}],"collection":[{"href":"https:\/\/awo-fulda.de\/en\/wp-json\/wp\/v2\/pages"}],"about":[{"href":"https:\/\/awo-fulda.de\/en\/wp-json\/wp\/v2\/types\/page"}],"author":[{"embeddable":true,"href":"https:\/\/awo-fulda.de\/en\/wp-json\/wp\/v2\/users\/1"}],"replies":[{"embeddable":true,"href":"https:\/\/awo-fulda.de\/en\/wp-json\/wp\/v2\/comments?post=66"}],"version-history":[{"count":175,"href":"https:\/\/awo-fulda.de\/en\/wp-json\/wp\/v2\/pages\/66\/revisions"}],"predecessor-version":[{"id":144871,"href":"https:\/\/awo-fulda.de\/en\/wp-json\/wp\/v2\/pages\/66\/revisions\/144871"}],"up":[{"embeddable":true,"href":"https:\/\/awo-fulda.de\/en\/wp-json\/wp\/v2\/pages\/24"}],"wp:attachment":[{"href":"https:\/\/awo-fulda.de\/en\/wp-json\/wp\/v2\/media?parent=66"}],"curies":[{"name":"wp","href":"https:\/\/api.w.org\/{rel}","templated":true}]}}