{"id":16501,"date":"2018-06-22T17:27:42","date_gmt":"2018-06-22T15:27:42","guid":{"rendered":"https:\/\/awo-fulda.de\/?page_id=16501"},"modified":"2023-06-09T14:06:28","modified_gmt":"2023-06-09T12:06:28","slug":"durch-spenden-helfen","status":"publish","type":"page","link":"https:\/\/awo-fulda.de\/en\/durch-spenden-helfen\/","title":{"rendered":"Durch Spenden helfen"},"content":{"rendered":"<table style=\"width: 100%; border-collapse: collapse;\" border=\"0\">\n<tbody>\n<tr>\n<td style=\"width: 33.3333%;\"><a class=\"dt-pswp-item\" href=\"https:\/\/awo-fulda.de\/wp-content\/uploads\/2018\/06\/Geldschein.jpg\" data-dt-img-description=\"\" data-large_image_width=\"1600\" data-large_image_height=\"900\"><img loading=\"lazy\" decoding=\"async\" class=\"alignnone size-full wp-image-16503\" src=\"https:\/\/awo-fulda.de\/wp-content\/uploads\/2018\/06\/Geldschein.jpg\" alt=\"\" width=\"1600\" height=\"900\" srcset=\"https:\/\/awo-fulda.de\/wp-content\/uploads\/2018\/06\/Geldschein.jpg 1600w, https:\/\/awo-fulda.de\/wp-content\/uploads\/2018\/06\/Geldschein-480x270.jpg 480w, https:\/\/awo-fulda.de\/wp-content\/uploads\/2018\/06\/Geldschein-768x432.jpg 768w, https:\/\/awo-fulda.de\/wp-content\/uploads\/2018\/06\/Geldschein-640x360.jpg 640w\" sizes=\"auto, (max-width: 1600px) 100vw, 1600px\" \/><\/a><\/td>\n<td style=\"width: 33.3333%;\"><a class=\"dt-pswp-item\" href=\"https:\/\/awo-fulda.de\/wp-content\/uploads\/2018\/06\/Kita-H\u00fcte.jpg\" data-dt-img-description=\"\" data-large_image_width=\"1600\" data-large_image_height=\"900\"><img loading=\"lazy\" decoding=\"async\" class=\"alignnone size-full wp-image-16414\" src=\"https:\/\/awo-fulda.de\/wp-content\/uploads\/2018\/06\/Kita-H\u00fcte.jpg\" alt=\"\" width=\"1600\" height=\"900\" srcset=\"https:\/\/awo-fulda.de\/wp-content\/uploads\/2018\/06\/Kita-H\u00fcte.jpg 1600w, https:\/\/awo-fulda.de\/wp-content\/uploads\/2018\/06\/Kita-H\u00fcte-480x270.jpg 480w, https:\/\/awo-fulda.de\/wp-content\/uploads\/2018\/06\/Kita-H\u00fcte-768x432.jpg 768w, https:\/\/awo-fulda.de\/wp-content\/uploads\/2018\/06\/Kita-H\u00fcte-640x360.jpg 640w\" sizes=\"auto, (max-width: 1600px) 100vw, 1600px\" \/><\/a><\/td>\n<td style=\"width: 33.3333%;\"><a class=\"dt-pswp-item\" href=\"https:\/\/awo-fulda.de\/wp-content\/uploads\/2018\/06\/Herz-in-der-Hand.jpg\" data-dt-img-description=\"\" data-large_image_width=\"1600\" data-large_image_height=\"900\"><img loading=\"lazy\" decoding=\"async\" class=\"alignnone size-full wp-image-16504\" src=\"https:\/\/awo-fulda.de\/wp-content\/uploads\/2018\/06\/Herz-in-der-Hand.jpg\" alt=\"\" width=\"1600\" height=\"900\" srcset=\"https:\/\/awo-fulda.de\/wp-content\/uploads\/2018\/06\/Herz-in-der-Hand.jpg 1600w, https:\/\/awo-fulda.de\/wp-content\/uploads\/2018\/06\/Herz-in-der-Hand-480x270.jpg 480w, https:\/\/awo-fulda.de\/wp-content\/uploads\/2018\/06\/Herz-in-der-Hand-768x432.jpg 768w, https:\/\/awo-fulda.de\/wp-content\/uploads\/2018\/06\/Herz-in-der-Hand-640x360.jpg 640w\" sizes=\"auto, (max-width: 1600px) 100vw, 1600px\" \/><\/a><\/td>\n<\/tr>\n<\/tbody>\n<\/table>\n<p><strong>Werden Sie als Spender*in selbst ein Teil unserer Hilfe!<\/strong><\/p>\n<p>Alle Spender*innen tragen wesentlich zum Gelingen und zur Fortf\u00fchrung unserer sozialen Dienste bei. Einmalige oder regelm\u00e4\u00dfige finanzielle Unterst\u00fctzung l\u00e4sst den AWO Kreisverband die allgemeinen sozialen Aufgaben in Stadt und Landkreis Fulda sicherstellen.<\/p>\n<p>Wir bedanken uns herzlich bei allen, die uns im Laufe der Jahre Geld oder Sachspenden zur Verf\u00fcgung gestellt haben. Auch die kleinste Spende z\u00e4hlt!<\/p>\n<p>Wenn Sie eine Spendenbescheinigung m\u00f6chten, geben Sie bitte bei der \u00dcberweisung ihre vollst\u00e4ndige Adresse an. Bei Betr\u00e4gen bis 200 \u20ac reicht allerdings ein sogenannter vereinfachter Nachweis, d.h. die Buchungsbest\u00e4tigung. Es muss dann nicht extra eine Spendenbescheinigung geschrieben werden. Der Betrag von 200 Euro gilt \u00fcbrigens f\u00fcr jede Einzelspende (nicht f\u00fcr die Summe der im Jahr geleisteten Spenden).<\/p>\n<p>Verwenden Sie bitte folgende IBAN: DE64 5305 0180 0041 0251 09.<\/p>\n<p>Kontonummer: 41 025 109<br \/>\nInstitut: Sparkasse Fulda<br \/>\nBLZ: 530 501 80<br \/>\nBIC: HELADEF1FDS<\/p>\n<p>&nbsp;<\/p>\n","protected":false},"excerpt":{"rendered":"<p>Werden Sie als Spender*in selbst ein Teil unserer Hilfe! Alle Spender*innen tragen wesentlich zum Gelingen und zur Fortf\u00fchrung unserer sozialen Dienste bei. Einmalige oder regelm\u00e4\u00dfige finanzielle Unterst\u00fctzung l\u00e4sst den AWO&hellip;<\/p>\n","protected":false},"author":6,"featured_media":0,"parent":0,"menu_order":0,"comment_status":"closed","ping_status":"closed","template":"","meta":{"_editorskit_title_hidden":false,"_editorskit_reading_time":0,"_editorskit_is_block_options_detached":false,"_editorskit_block_options_position":"{}","footnotes":""},"class_list":["post-16501","page","type-page","status-publish","hentry","description-off"],"translation":{"provider":"WPGlobus","version":"3.0.2","language":"en","enabled_languages":["de","en","fr","ru","ar","tr","fa"],"languages":{"de":{"title":true,"content":true,"excerpt":false},"en":{"title":false,"content":false,"excerpt":false},"fr":{"title":false,"content":false,"excerpt":false},"ru":{"title":false,"content":false,"excerpt":false},"ar":{"title":false,"content":false,"excerpt":false},"tr":{"title":false,"content":false,"excerpt":false},"fa":{"title":false,"content":false,"excerpt":false}}},"_links":{"self":[{"href":"https:\/\/awo-fulda.de\/en\/wp-json\/wp\/v2\/pages\/16501","targetHints":{"allow":["GET"]}}],"collection":[{"href":"https:\/\/awo-fulda.de\/en\/wp-json\/wp\/v2\/pages"}],"about":[{"href":"https:\/\/awo-fulda.de\/en\/wp-json\/wp\/v2\/types\/page"}],"author":[{"embeddable":true,"href":"https:\/\/awo-fulda.de\/en\/wp-json\/wp\/v2\/users\/6"}],"replies":[{"embeddable":true,"href":"https:\/\/awo-fulda.de\/en\/wp-json\/wp\/v2\/comments?post=16501"}],"version-history":[{"count":7,"href":"https:\/\/awo-fulda.de\/en\/wp-json\/wp\/v2\/pages\/16501\/revisions"}],"predecessor-version":[{"id":124008,"href":"https:\/\/awo-fulda.de\/en\/wp-json\/wp\/v2\/pages\/16501\/revisions\/124008"}],"wp:attachment":[{"href":"https:\/\/awo-fulda.de\/en\/wp-json\/wp\/v2\/media?parent=16501"}],"curies":[{"name":"wp","href":"https:\/\/api.w.org\/{rel}","templated":true}]}}