{"id":16216,"date":"2018-06-11T14:10:02","date_gmt":"2018-06-11T12:10:02","guid":{"rendered":"https:\/\/awo-fulda.de\/?page_id=16216"},"modified":"2026-02-19T11:35:01","modified_gmt":"2026-02-19T10:35:01","slug":"drums_of_panama","status":"publish","type":"page","link":"https:\/\/awo-fulda.de\/en\/wir-ueber-uns\/nahestehende-vereine-gruppen\/drums_of_panama\/","title":{"rendered":"Drums of Panama"},"content":{"rendered":"<p>In 2016 gr\u00fcndete sich im damaligen Caf\u00e9 Panama (L14) die Trommelgruppe \u201eDrums of Panama\u201c unter Leitung von David Steller. Nach personellen und r\u00e4umlichen \u00c4nderungen hat sie sich neu aufgestellt: Trommler*innen der ersten Stunde haben mit einem erweiterten Kreis an Mitspieler*innen eine neue Wirkst\u00e4tte im B\u00fcrgerzentrum Ziehers-S\u00fcd gefunden.<\/p>\n<p>Die bunt gemischte Trommelgruppe spielt Lieder nach westafrikanischem Stil an Djemb\u00e9 und Basstrommel. Sie trifft sich zum selbstorganisierten \u00dcben in den R\u00e4umlichkeiten des AWO B\u00fcrgerzentrums in der Dingelstedtstr 12, 36043 Fulda. Vorbehaltlich Ferienzeiten und anderen Ausnahmen finden die Treffen jeden Dienstagabend von 18-20 Uhr statt.<\/p>\n<p>Die Trommelrunden sind offen f\u00fcr interessierte und engagierte Mittrommler*innen. Die Treffen finden ohne (An)leitung und Unterricht statt. Vorerfahrung ist gerne gesehen, aber nicht zwingend erforderlich.<\/p>\n<p>Gerne bereichern wir Stadtteilfeste und andere Events mit unseren Trommelkl\u00e4ngen.<\/p>\n<p><a class=\"dt-pswp-item\" href=\"https:\/\/awo-fulda.de\/wp-content\/uploads\/2024\/07\/Auswahl-1.jpg\" data-dt-img-description=\"\" data-large_image_width=\"2048\" data-large_image_height=\"1365\"><br \/>\n<img loading=\"lazy\" decoding=\"async\" class=\"wp-image-24681 aligncenter\" src=\"https:\/\/awo-fulda.de\/wp-content\/uploads\/2024\/07\/Auswahl-1.jpg\" alt=\"\" width=\"683\" height=\"519\"><br \/>\n<\/a><\/p>\n<p><a class=\"dt-pswp-item\" href=\"https:\/\/awo-fulda.de\/wp-content\/uploads\/2024\/07\/Auswahl-2.jpg\" data-dt-img-description=\"\" data-large_image_width=\"2048\" data-large_image_height=\"1365\"><img loading=\"lazy\" decoding=\"async\" class=\"wp-image-24680 alignright\" src=\"https:\/\/awo-fulda.de\/wp-content\/uploads\/2024\/07\/Auswahl-2.jpg\" alt=\"\" width=\"506\" height=\"337\"><\/a><\/p>\n<p><a class=\"dt-pswp-item\" href=\"https:\/\/awo-fulda.de\/wp-content\/uploads\/2024\/07\/Auftritt-Challenge-Lauf-2022-2.jpeg\" data-dt-img-description=\"\" data-large_image_width=\"2048\" data-large_image_height=\"1365\"><img loading=\"lazy\" decoding=\"async\" class=\"wp-image-24680 aligncenter\" src=\"https:\/\/awo-fulda.de\/wp-content\/uploads\/2024\/07\/Auftritt-Challenge-Lauf-2022-2.jpeg\" alt=\"\" width=\"506\" height=\"337\"><\/a><\/p>\n<p><a class=\"dt-pswp-item\" href=\"https:\/\/awo-fulda.de\/wp-content\/uploads\/2024\/07\/Auswahl-3.jpg\" data-dt-img-description=\"\" data-large_image_width=\"2048\" data-large_image_height=\"1536\"><img loading=\"lazy\" decoding=\"async\" class=\"wp-image-24679 alignleft\" src=\"https:\/\/awo-fulda.de\/wp-content\/uploads\/2024\/07\/Auswahl-3.jpg\" alt=\"\" width=\"504\" height=\"378\"><\/a><\/p>\n<p>&nbsp;<\/p>\n<p>&nbsp;<\/p>\n<p>&nbsp;<\/p>\n","protected":false},"excerpt":{"rendered":"<p>In 2016 gr\u00fcndete sich im damaligen Caf\u00e9 Panama (L14) die Trommelgruppe \u201eDrums of Panama\u201c unter Leitung von David Steller. Nach personellen und r\u00e4umlichen \u00c4nderungen hat sie sich neu aufgestellt: Trommler*innen&hellip;<\/p>\n","protected":false},"author":6,"featured_media":0,"parent":16072,"menu_order":0,"comment_status":"closed","ping_status":"closed","template":"","meta":{"_editorskit_title_hidden":false,"_editorskit_reading_time":0,"_editorskit_is_block_options_detached":false,"_editorskit_block_options_position":"{}","footnotes":""},"class_list":["post-16216","page","type-page","status-publish","hentry","description-off"],"translation":{"provider":"WPGlobus","version":"3.0.2","language":"en","enabled_languages":["de","en","fr","ru","ar","tr","fa"],"languages":{"de":{"title":true,"content":true,"excerpt":false},"en":{"title":false,"content":false,"excerpt":false},"fr":{"title":false,"content":false,"excerpt":false},"ru":{"title":false,"content":false,"excerpt":false},"ar":{"title":false,"content":false,"excerpt":false},"tr":{"title":false,"content":false,"excerpt":false},"fa":{"title":false,"content":false,"excerpt":false}}},"_links":{"self":[{"href":"https:\/\/awo-fulda.de\/en\/wp-json\/wp\/v2\/pages\/16216","targetHints":{"allow":["GET"]}}],"collection":[{"href":"https:\/\/awo-fulda.de\/en\/wp-json\/wp\/v2\/pages"}],"about":[{"href":"https:\/\/awo-fulda.de\/en\/wp-json\/wp\/v2\/types\/page"}],"author":[{"embeddable":true,"href":"https:\/\/awo-fulda.de\/en\/wp-json\/wp\/v2\/users\/6"}],"replies":[{"embeddable":true,"href":"https:\/\/awo-fulda.de\/en\/wp-json\/wp\/v2\/comments?post=16216"}],"version-history":[{"count":16,"href":"https:\/\/awo-fulda.de\/en\/wp-json\/wp\/v2\/pages\/16216\/revisions"}],"predecessor-version":[{"id":144630,"href":"https:\/\/awo-fulda.de\/en\/wp-json\/wp\/v2\/pages\/16216\/revisions\/144630"}],"up":[{"embeddable":true,"href":"https:\/\/awo-fulda.de\/en\/wp-json\/wp\/v2\/pages\/16072"}],"wp:attachment":[{"href":"https:\/\/awo-fulda.de\/en\/wp-json\/wp\/v2\/media?parent=16216"}],"curies":[{"name":"wp","href":"https:\/\/api.w.org\/{rel}","templated":true}]}}