{"id":16072,"date":"2018-06-10T16:33:45","date_gmt":"2018-06-10T14:33:45","guid":{"rendered":"https:\/\/awo-fulda.de\/?page_id=16072"},"modified":"2018-06-24T14:39:59","modified_gmt":"2018-06-24T12:39:59","slug":"nahestehende-vereine-gruppen","status":"publish","type":"page","link":"https:\/\/awo-fulda.de\/en\/wir-ueber-uns\/nahestehende-vereine-gruppen\/","title":{"rendered":"Nahestehende Vereine\/Gruppen"},"content":{"rendered":"<table style=\"width: 100%; border-collapse: collapse;\">\n<tbody>\n<tr>\n<td style=\"width: 33.3333%;\"><a class=\"dt-pswp-item\" href=\"https:\/\/awo-fulda.de\/wp-content\/uploads\/2017\/10\/IMG_5877-e1529506375739.jpg\" data-dt-img-description=\"\" data-large_image_width=\"3205\" data-large_image_height=\"1804\"><img loading=\"lazy\" decoding=\"async\" class=\"alignnone size-full wp-image-15728\" src=\"https:\/\/awo-fulda.de\/wp-content\/uploads\/2017\/10\/IMG_5877-e1529506375739.jpg\" alt=\"\" width=\"3205\" height=\"1804\" srcset=\"https:\/\/awo-fulda.de\/wp-content\/uploads\/2017\/10\/IMG_5877-e1529506375739.jpg 3205w, https:\/\/awo-fulda.de\/wp-content\/uploads\/2017\/10\/IMG_5877-e1529506375739-480x270.jpg 480w, https:\/\/awo-fulda.de\/wp-content\/uploads\/2017\/10\/IMG_5877-e1529506375739-768x432.jpg 768w, https:\/\/awo-fulda.de\/wp-content\/uploads\/2017\/10\/IMG_5877-e1529506375739-640x360.jpg 640w\" sizes=\"auto, (max-width: 3205px) 100vw, 3205px\" \/><\/a><\/td>\n<td style=\"width: 33.3333%;\"><a class=\"dt-pswp-item\" href=\"https:\/\/awo-fulda.de\/wp-content\/uploads\/2018\/05\/Rassismusbutton.jpg\" data-dt-img-description=\"\" data-large_image_width=\"1600\" data-large_image_height=\"900\"><img loading=\"lazy\" decoding=\"async\" class=\"alignnone size-full wp-image-15453\" src=\"https:\/\/awo-fulda.de\/wp-content\/uploads\/2018\/05\/Rassismusbutton.jpg\" alt=\"\" width=\"1600\" height=\"900\" srcset=\"https:\/\/awo-fulda.de\/wp-content\/uploads\/2018\/05\/Rassismusbutton.jpg 1600w, https:\/\/awo-fulda.de\/wp-content\/uploads\/2018\/05\/Rassismusbutton-480x270.jpg 480w, https:\/\/awo-fulda.de\/wp-content\/uploads\/2018\/05\/Rassismusbutton-768x432.jpg 768w, https:\/\/awo-fulda.de\/wp-content\/uploads\/2018\/05\/Rassismusbutton-640x360.jpg 640w\" sizes=\"auto, (max-width: 1600px) 100vw, 1600px\" \/><\/a><\/td>\n<td style=\"width: 33.3333%;\"><a class=\"dt-pswp-item\" href=\"https:\/\/awo-fulda.de\/wp-content\/uploads\/2018\/06\/Gruppenbild-e1529506662667.jpg\" data-dt-img-description=\"\" data-large_image_width=\"1598\" data-large_image_height=\"898\"><img loading=\"lazy\" decoding=\"async\" class=\"alignnone size-full wp-image-16193\" src=\"https:\/\/awo-fulda.de\/wp-content\/uploads\/2018\/06\/Gruppenbild-e1529506662667.jpg\" alt=\"\" width=\"1598\" height=\"898\" srcset=\"https:\/\/awo-fulda.de\/wp-content\/uploads\/2018\/06\/Gruppenbild-e1529506662667.jpg 1598w, https:\/\/awo-fulda.de\/wp-content\/uploads\/2018\/06\/Gruppenbild-e1529506662667-480x270.jpg 480w, https:\/\/awo-fulda.de\/wp-content\/uploads\/2018\/06\/Gruppenbild-e1529506662667-768x432.jpg 768w, https:\/\/awo-fulda.de\/wp-content\/uploads\/2018\/06\/Gruppenbild-e1529506662667-640x360.jpg 640w\" sizes=\"auto, (max-width: 1598px) 100vw, 1598px\" \/><\/a><\/td>\n<\/tr>\n<\/tbody>\n<\/table>\n<p>Der AWO Kreisverband Fulda lebt Offenheit. Wir unterst\u00fctzen gerne engagierte Menschen dabei, die Welt besser zu machen. Dazu stellen wir Zeit, Knowhow und R\u00e4ume zur Verf\u00fcgung. Hier genannt sind Vereine und Gruppen, mit denen wir partnerschaftlich zusammenarbeiten.<\/p>\n<div>\n<p>Sozialen, kulturellen und sozialpolitischen Initiativen bieten wir die M\u00f6glichkeit, korporatives Mitglied zu werden. Dieses B\u00fcndnis bietet vielf\u00e4ltige M\u00f6glichkeiten:<\/p>\n<ul class=\"grauliste\">\n<li>Informations- und Erfahrungsaustausch<\/li>\n<li>Beratung<\/li>\n<li>Fortbildung<\/li>\n<li>gemeinsame soziale Aktivit\u00e4ten<\/li>\n<\/ul>\n<p>Grunds\u00e4tzlich kann jede Personen- oder Interessengemeinschaft unabh\u00e4ngig von ihrer Rechtsform der AWO als korporatives Mitglied beitreten. Allerdings nehmen wir nur solche Initiativen auf, deren Arbeit und Angebote wir mit unseren Grunds\u00e4tzen vereinbaren k\u00f6nnen.<\/p>\n<\/div>\n","protected":false},"excerpt":{"rendered":"<p>Der AWO Kreisverband Fulda lebt Offenheit. Wir unterst\u00fctzen gerne engagierte Menschen dabei, die Welt besser zu machen. Dazu stellen wir Zeit, Knowhow und R\u00e4ume zur Verf\u00fcgung. Hier genannt sind Vereine&hellip;<\/p>\n","protected":false},"author":6,"featured_media":0,"parent":110,"menu_order":0,"comment_status":"closed","ping_status":"closed","template":"","meta":{"_editorskit_title_hidden":false,"_editorskit_reading_time":0,"_editorskit_is_block_options_detached":false,"_editorskit_block_options_position":"{}","footnotes":""},"class_list":["post-16072","page","type-page","status-publish","hentry","description-off"],"translation":{"provider":"WPGlobus","version":"3.0.2","language":"en","enabled_languages":["de","en","fr","ru","ar","tr","fa"],"languages":{"de":{"title":true,"content":true,"excerpt":false},"en":{"title":false,"content":false,"excerpt":false},"fr":{"title":true,"content":true,"excerpt":false},"ru":{"title":false,"content":false,"excerpt":false},"ar":{"title":false,"content":false,"excerpt":false},"tr":{"title":false,"content":false,"excerpt":false},"fa":{"title":false,"content":false,"excerpt":false}}},"_links":{"self":[{"href":"https:\/\/awo-fulda.de\/en\/wp-json\/wp\/v2\/pages\/16072","targetHints":{"allow":["GET"]}}],"collection":[{"href":"https:\/\/awo-fulda.de\/en\/wp-json\/wp\/v2\/pages"}],"about":[{"href":"https:\/\/awo-fulda.de\/en\/wp-json\/wp\/v2\/types\/page"}],"author":[{"embeddable":true,"href":"https:\/\/awo-fulda.de\/en\/wp-json\/wp\/v2\/users\/6"}],"replies":[{"embeddable":true,"href":"https:\/\/awo-fulda.de\/en\/wp-json\/wp\/v2\/comments?post=16072"}],"version-history":[{"count":7,"href":"https:\/\/awo-fulda.de\/en\/wp-json\/wp\/v2\/pages\/16072\/revisions"}],"predecessor-version":[{"id":23347,"href":"https:\/\/awo-fulda.de\/en\/wp-json\/wp\/v2\/pages\/16072\/revisions\/23347"}],"up":[{"embeddable":true,"href":"https:\/\/awo-fulda.de\/en\/wp-json\/wp\/v2\/pages\/110"}],"wp:attachment":[{"href":"https:\/\/awo-fulda.de\/en\/wp-json\/wp\/v2\/media?parent=16072"}],"curies":[{"name":"wp","href":"https:\/\/api.w.org\/{rel}","templated":true}]}}