{"id":16059,"date":"2018-06-09T21:45:52","date_gmt":"2018-06-09T19:45:52","guid":{"rendered":"https:\/\/awo-fulda.de\/?page_id=16059"},"modified":"2025-11-11T11:38:15","modified_gmt":"2025-11-11T10:38:15","slug":"download-infos","status":"publish","type":"page","link":"https:\/\/awo-fulda.de\/en\/download-infos\/","title":{"rendered":"Informationsmaterial zum Download"},"content":{"rendered":"<h4>Wir \u00fcber uns:<\/h4>\n<table style=\"width: 100%; border-collapse: collapse; height: 154px;\" border=\"0\">\n<tbody>\n<tr style=\"height: 22px;\">\n<td style=\"width: 33.3333%; height: 22px;\"><a href=\"https:\/\/awo-fulda.de\/wp-content\/uploads\/2020\/04\/Flyer-AWO-Darstellung-Web.pdf\">Infoflyer AWO Kreisverband Fulda<\/a><\/td>\n<td style=\"width: 33.3333%; height: 22px;\"><a href=\"https:\/\/awo-fulda.de\/wp-content\/uploads\/2018\/06\/Willkommen-im-KV_deutsch.pdf\">Willkommen_deutsch<\/a><\/td>\n<td style=\"width: 33.369%; height: 22px;\"><a href=\"https:\/\/awo-fulda.de\/wp-content\/uploads\/2018\/06\/Aktivit\u00e4tenbericht-2017.pdf\">Aktivit\u00e4tenbericht 2017<\/a><\/td>\n<\/tr>\n<tr style=\"height: 22px;\">\n<td style=\"width: 33.3333%; height: 22px;\"><\/td>\n<td style=\"width: 33.3333%; height: 22px;\"><a href=\"https:\/\/awo-fulda.de\/wp-content\/uploads\/2018\/06\/Willkommen-im-KV_englisch.pdf\">Willkommen_englisch<\/a><\/td>\n<td style=\"width: 33.369%; height: 22px;\"><a href=\"https:\/\/awo-fulda.de\/wp-content\/uploads\/2019\/08\/2018-Aktivit\u00e4tenbericht-AWO-KV-Fulda-e.V.-pdf.pdf\">Aktivit\u00e4tenbericht 2018<\/a><\/td>\n<\/tr>\n<tr style=\"height: 22px;\">\n<td style=\"width: 33.3333%; height: 22px;\"><\/td>\n<td style=\"height: 22px;\"><a href=\"https:\/\/awo-fulda.de\/wp-content\/uploads\/2018\/11\/KV-Flyer-franz\u00f6sisch-Endfassung.pdf\">Willkommen_franz\u00f6sisch<\/a><\/td>\n<td style=\"height: 22px;\"><\/td>\n<\/tr>\n<tr style=\"height: 22px;\">\n<td style=\"width: 33.3333%; height: 22px;\"><a href=\"https:\/\/awo-fulda.de\/wp-content\/uploads\/2018\/06\/Unser-Leitbild-im-Detail.pdf\">Unser Leitbild im Detail<\/a><\/td>\n<td style=\"width: 33.3333%; height: 22px;\"><a href=\"https:\/\/awo-fulda.de\/wp-content\/uploads\/2018\/06\/Willkommen-im-KV_t\u00fcrkisch.pdf\">Willkommen_t\u00fcrkisch<\/a><\/td>\n<td style=\"width: 33.369%; height: 22px;\"><a href=\"https:\/\/awo-fulda.de\/wp-content\/uploads\/2018\/12\/AWO-Fulda-Veranstaltungen-AWO-Jubil\u00e4um-2019-Web.pdf\">Veranstaltungen zum AWO-Jubil\u00e4um 2019<\/a><\/td>\n<\/tr>\n<tr style=\"height: 22px;\">\n<td style=\"width: 33.3333%; height: 22px;\"><a href=\"https:\/\/awo-fulda.de\/wp-content\/uploads\/2018\/06\/Unser-Leitbild_mehrsprachig.pdf\">Unser Leitbild mehrsprachig<\/a><\/td>\n<td style=\"width: 33.3333%; height: 22px;\"><a href=\"https:\/\/awo-fulda.de\/wp-content\/uploads\/2018\/06\/Willkommen-im-KV_russisch.pdf\">Willkommen_russisch<\/a><\/td>\n<td style=\"width: 33.369%; height: 22px;\"><\/td>\n<\/tr>\n<tr style=\"height: 22px;\">\n<td style=\"width: 33.3333%; height: 22px;\"><a href=\"https:\/\/awo-fulda.de\/2020\/01\/21\/kindermund-gibt-leitbild-kund\/\">Kindermund gibt Leitbild kund<\/a><\/td>\n<td style=\"width: 33.3333%; height: 22px;\"><a href=\"https:\/\/awo-fulda.de\/wp-content\/uploads\/2018\/06\/Willkommen-im-KV_persisch.pdf\">Willkommen_persisch<\/a><\/td>\n<td style=\"width: 33.369%; height: 22px;\"><\/td>\n<\/tr>\n<tr style=\"height: 22px;\">\n<td style=\"width: 33.3333%; height: 22px;\"><\/td>\n<td style=\"width: 33.3333%; height: 22px;\"><a href=\"https:\/\/awo-fulda.de\/wp-content\/uploads\/2018\/06\/Willkommen-im-KV_arabisch.pdf\">Willkommen_arabisch<\/a><\/td>\n<td style=\"width: 33.369%; height: 22px;\"><a href=\"https:\/\/awo-fulda.de\/wp-content\/uploads\/2023\/05\/flyer-queer-web.pdf\">Wir leben Vielfalt!<\/a><\/td>\n<\/tr>\n<\/tbody>\n<\/table>\n<h4>Mitglieder &amp; Ehrenamt:<\/h4>\n<table style=\"width: 98.2459%;\">\n<tbody>\n<tr>\n<td style=\"width: 33.8994%;\"><a href=\"https:\/\/awo-fulda.de\/mitgliedsantrag-stand-14-07-2020-3\/\">Mitgliedsantrag<\/a><\/td>\n<td style=\"width: 34.0569%;\"><a href=\"https:\/\/awo-fulda.de\/wp-content\/uploads\/2020\/01\/bagfa-Engagement-einfache-Sprache.pdf\">Freiwilliges Engagement in leichter Sprache erkl\u00e4rt<\/a><\/td>\n<td style=\"width: 140.448%;\"><a href=\"https:\/\/awo-fulda.de\/wp-content\/uploads\/2018\/06\/Mitmachen_deutsch.pdf\">Mitmachen_deutsch<\/a><\/td>\n<\/tr>\n<tr>\n<td style=\"width: 33.8994%;\"><\/td>\n<td style=\"width: 34.0569%;\"><\/td>\n<td style=\"width: 140.448%;\"><a href=\"https:\/\/awo-fulda.de\/wp-content\/uploads\/2018\/06\/Mitmachen_russisch.pdf\">Mitmachen_russisch<\/a><\/td>\n<\/tr>\n<tr>\n<td style=\"width: 33.8994%;\"><\/td>\n<td style=\"width: 34.0569%;\"><\/td>\n<td style=\"width: 140.448%;\"><a href=\"https:\/\/awo-fulda.de\/wp-content\/uploads\/2018\/06\/Mitmachen_t\u00fcrkisch.pdf\">Mitmachen_t\u00fcrkisch<\/a><\/td>\n<\/tr>\n<\/tbody>\n<\/table>\n<h4>AWO-Zentren &amp; Begegnung:<\/h4>\n<table style=\"width: 100%; border-collapse: collapse;\">\n<tbody>\n<tr style=\"height: 22px;\">\n<td style=\"width: 33.3333%; height: 22px;\"><a href=\"https:\/\/awo-fulda.de\/wp-content\/uploads\/2018\/07\/MGH-Flyer.pdf\">MGH B\u00fcrgerzentrum Aschenberg<\/a><\/td>\n<td style=\"width: 33.3333%; height: 22px;\"><a href=\"https:\/\/awo-fulda.de\/wp-content\/uploads\/2020\/02\/Termine-2020-Jan-April-GWA-Ziehers-S\u00fcd.pdf\">B\u00fcrgerzentrum Ziehers-S\u00fcd<\/a><\/td>\n<td style=\"width: 33.3182%;\"><a href=\"https:\/\/awo-fulda.de\/wp-content\/uploads\/2018\/06\/Flyer-Spiel-Mit.pdf\">Spielmobil &#8211; Spiel Mit<\/a><\/td>\n<\/tr>\n<tr style=\"height: 22px;\">\n<td style=\"width: 33.3333%; height: 22px;\"><a href=\"https:\/\/awo-fulda.de\/wp-content\/uploads\/2018\/06\/Flyer_Angebote-AWO-Familientreff-Weser-Str.-9.pdf\">Familientreff S\u00fcdend<\/a><\/td>\n<td style=\"width: 33.3333%;\"><a href=\"https:\/\/awo-fulda.de\/wp-content\/uploads\/2021\/12\/AWO-Flyer_Stadtteiltreff-Su\u0308dend-A6.pdf\">AWO Stadtteiltreff S\u00fcdend<\/a><\/td>\n<td style=\"width: 33.3182%;\"><a href=\"https:\/\/awo-fulda.de\/wp-content\/uploads\/2018\/06\/2016-Flyer-Jugendcaf\u00e9-S\u00fcdend.pdf\">Jugendtreff S\u00fcdend<\/a><\/td>\n<\/tr>\n<tr style=\"height: 22px;\">\n<td style=\"width: 33.3333%; height: 22px;\"><\/td>\n<td style=\"width: 33.3333%; height: 22px;\"><\/td>\n<td style=\"width: 33.3182%;\"><a href=\"https:\/\/awo-fulda.de\/wp-content\/uploads\/2018\/06\/2017-Flyer-Erneuer-Reparatur-Caf\u00e9-.pdf\">ErneuerBar &#8211; Reparatur-Caf\u00e9<\/a><\/td>\n<\/tr>\n<\/tbody>\n<\/table>\n<h4>Beratung &amp; Begleitung:<\/h4>\n<table style=\"width: 100%; border-collapse: collapse; height: 88px;\">\n<tbody>\n<tr style=\"height: 22px;\">\n<td style=\"width: 33.3333%; height: 22px;\"><a href=\"https:\/\/awo-fulda.de\/wp-content\/uploads\/2018\/06\/2018-Flyer-Schuldnerberatung.pdf\">Schuldnerberatung<\/a><\/td>\n<td style=\"width: 33.3016%; height: 22px;\"><a href=\"https:\/\/awo-fulda.de\/wp-content\/uploads\/2020\/01\/Flyer_awo_takeoff19_final.pdf\">take off &#8211; Stark im Beruf<\/a><\/td>\n<td style=\"width: 33.369%; height: 22px;\"><a href=\"https:\/\/awo-fulda.de\/wp-content\/uploads\/2018\/07\/Mobile-Migrationsberatung.pdf\">Mobile Migrationsberatung<\/a><\/td>\n<\/tr>\n<tr style=\"height: 22px;\">\n<td style=\"width: 33.3333%; height: 22px;\"><a href=\"https:\/\/awo-fulda.de\/wp-content\/uploads\/2018\/06\/Beratungsstellen-gesetzliche-Betreuung.pdf\">Beratung f\u00fcr gesetzliche Betreuung<\/a><\/td>\n<td style=\"width: 33.3016%; height: 22px;\"><a href=\"https:\/\/awo-fulda.de\/wp-content\/uploads\/2018\/06\/Opstapje-Plakat.pdf\">Opstapje Plakat<\/a><\/td>\n<td style=\"width: 33.369%; height: 22px;\"><a href=\"https:\/\/awo-fulda.de\/wp-content\/uploads\/2020\/07\/S28C-6e20071515400-gedreht.pdf\">Sprechstunden Migrationsberatung<\/a><\/td>\n<\/tr>\n<tr style=\"height: 22px;\">\n<td style=\"width: 33.3333%; height: 22px;\"><a href=\"https:\/\/awo-fulda.de\/wp-content\/uploads\/2020\/03\/Generationenhilfe.pdf\">Generationenhilfe<\/a><\/td>\n<td style=\"width: 33.3016%; height: 22px;\"><a href=\"https:\/\/awo-fulda.de\/wp-content\/uploads\/2020\/06\/AWO-Flyer-A6-Hochformat_Vorder-R\u00fcckseite.pdf\">AWO Hilft Flyer<\/a><\/td>\n<td style=\"width: 33.369%; height: 22px;\"><a href=\"https:\/\/awo-fulda.de\/wp-content\/uploads\/2019\/12\/ISE.pdf\" target=\"_blank\" rel=\"noopener noreferrer\">Intensive Sozialp\u00e4dagogische Einzelfallhilfe<\/a><\/td>\n<\/tr>\n<tr style=\"height: 22px;\">\n<td style=\"width: 33.3333%; height: 22px;\"><a href=\"https:\/\/awo-fulda.de\/wp-content\/uploads\/2020\/06\/Einkaufsliste.pdf\">AWO Hilft Einkaufsliste<\/a><\/td>\n<td style=\"width: 33.3016%; height: 22px;\"><a href=\"https:\/\/awo-fulda.de\/wp-content\/uploads\/2019\/08\/Kita-Einstieg-Angebote-Stadt-Fulda.pdf\">KiTa Einstieg Angebote<\/a><\/td>\n<td style=\"width: 33.369%; height: 22px;\"><\/td>\n<\/tr>\n<\/tbody>\n<\/table>\n<h4>Migration &amp; Integration:<\/h4>\n<table style=\"width: 100%; border-collapse: collapse; height: 57px;\">\n<tbody>\n<tr style=\"height: 22px;\">\n<td style=\"width: 33.3333%; height: 22px;\"><a href=\"https:\/\/awo-fulda.de\/wp-content\/uploads\/2018\/06\/Flyer-GWA_2017.pdf\">Gemeinwesenarbeit l\u00e4ndlicher Raum<\/a><\/td>\n<td style=\"width: 33.3333%; height: 22px;\"><a href=\"https:\/\/awo-fulda.de\/wp-content\/uploads\/2018\/06\/Mobile-Migrationsberatung.pdf\">Mobile Migrationsberatung<\/a><\/td>\n<td style=\"width: 33.3333%; height: 22px;\"><span style=\"font-size: 12px; color: #ff0000;\">Neu in Deutschland? Ihre Rechte,<\/span><\/td>\n<\/tr>\n<tr style=\"height: 22px;\">\n<td style=\"width: 33.3333%; height: 13px;\"><a href=\"https:\/\/awo-fulda.de\/wp-content\/uploads\/2019\/10\/Flyer_AWO-Fulda_Chancen-Patenschaften.pdf\">Chancen-Patenschaften<\/a><\/td>\n<td style=\"width: 33.3333%; height: 13px;\"><a href=\"https:\/\/awo-fulda.de\/wp-content\/uploads\/2022\/01\/MBE-Sprechzeiten-Stand-Januar-2022.pdf\">Sprechstunden Migrationsberatung<\/a><\/td>\n<td style=\"width: 33.3333%; height: 13px;\"><span style=\"font-size: 12px; color: #ff0000;\">einfach erkl\u00e4rt, mehrsprachig:\u00a0 <a style=\"color: #ff0000;\" href=\"http:\/\/www.einfachmeinrecht.awo.org\/de\">Hier klicken!<\/a><\/span><\/td>\n<\/tr>\n<tr style=\"height: 22px;\">\n<td style=\"width: 33.3333%; height: 22px;\"><\/td>\n<td style=\"width: 33.3333%; height: 22px;\"><\/td>\n<td style=\"width: 33.3333%; height: 22px;\"><\/td>\n<\/tr>\n<\/tbody>\n<\/table>\n<h4>Arbeit &amp; Bildung:<\/h4>\n<table style=\"width: 100%; border-collapse: collapse;\">\n<tbody>\n<tr>\n<td style=\"width: 33.3333%;\"><a href=\"https:\/\/awo-fulda.de\/wp-content\/uploads\/2020\/07\/2019-Kaufhaus-Flyer.pdf\">Das Kaufhaus mit Herz<\/a><\/td>\n<td style=\"width: 33.3333%;\"><\/td>\n<td style=\"width: 33.3333%;\"><\/td>\n<\/tr>\n<tr>\n<td style=\"width: 33.3333%;\"><\/td>\n<td style=\"width: 33.3333%;\"><\/td>\n<td style=\"width: 33.3333%;\"><\/td>\n<\/tr>\n<\/tbody>\n<\/table>\n<h4>Nahestehende Vereine &amp; Gruppen:<\/h4>\n<table style=\"width: 100%; border-collapse: collapse; height: 66px;\">\n<tbody>\n<tr style=\"height: 22px;\">\n<td style=\"width: 33.3333%; height: 22px;\"><a href=\"https:\/\/awo-fulda.de\/wp-content\/uploads\/2020\/07\/2020-Kinderhilfe-Uganda.pdf\">Fuldaer Kinderhilfe Uganda<\/a><\/td>\n<td style=\"width: 33.3333%; height: 22px;\"><\/td>\n<td style=\"width: 33.3333%; height: 22px;\"><\/td>\n<\/tr>\n<tr style=\"height: 22px;\">\n<td style=\"width: 33.3333%; height: 22px;\"><\/td>\n<td style=\"width: 33.3333%; height: 22px;\"><\/td>\n<td style=\"width: 33.3333%; height: 22px;\"><\/td>\n<\/tr>\n<tr style=\"height: 22px;\">\n<td style=\"width: 33.3333%; height: 22px;\"><\/td>\n<td style=\"width: 33.3333%; height: 22px;\"><\/td>\n<td style=\"width: 33.3333%; height: 22px;\"><\/td>\n<\/tr>\n<\/tbody>\n<\/table>\n<h4>AWO Hessen-Nord mit Angeboten f\u00fcr Senioren:<\/h4>\n<table style=\"width: 100%; border-collapse: collapse;\">\n<tbody>\n<tr style=\"height: 66px;\">\n<td style=\"width: 33.3333%; height: 47px;\">AWO-Altenzentrum Fulda<br \/>\n<a href=\"https:\/\/www.awo-nordhessen.de\/senioren\/pflegeheime\/fulda.html\"><span style=\"font-size: 10px;\">www.awo-nordhessen.de\/fulda.html<\/span><\/a><\/td>\n<td style=\"width: 33.3333%; height: 47px;\">AWO-Altenzentrum Gro\u00dfenl\u00fcder<br \/>\n<a href=\"https:\/\/www.awo-nordhessen.de\/senioren\/pflegeheime\/grossenluder.html\"><span style=\"font-size: 10px;\">www.awo-nordhessen.de\/grossenluder.html<\/span><\/a><\/td>\n<td style=\"width: 33.3333%; height: 47px;\"><strong>Hausnotruf<\/strong><br \/>\n<a href=\"https:\/\/www.awo-nordhessen.de\/senioren\/hausnotruf.html\"><span style=\"font-size: 10px;\">www.awo-nordhessen.de\/hausnotruf.html<\/span><\/a><\/td>\n<\/tr>\n<tr style=\"height: 22px;\">\n<td style=\"width: 33.3333%; height: 10px;\">AWO-Altenzentrum Petersberg<span style=\"font-size: 10px;\"><br \/>\n<\/span><span style=\"font-size: 10px;\"> <a href=\"https:\/\/www.awo-nordhessen.de\/senioren\/pflegeheime\/petersberg.html\">www.awo-nordhessen.de\/petersberg.html<\/a><\/span><\/td>\n<td style=\"width: 33.3333%; height: 10px;\">AWO-Altenzentrum Burghaun<span style=\"font-size: 10px;\"><br \/>\n<a href=\"https:\/\/www.awo-nordhessen.de\/senioren\/pflegeheime\/burghaun.html\">www.awo-nordhessen.de\/burghaun.html<\/a><\/span><\/td>\n<td style=\"width: 33.3333%; height: 10px;\"><strong>Essen auf R\u00e4dern<\/strong><br \/>\n<a href=\"https:\/\/www.awo-essen-auf-raedern.de\/\"><span style=\"font-size: 10px;\">www.awo-essen-auf-raedern.de\/<\/span><\/a><\/td>\n<\/tr>\n<tr style=\"height: 22px;\">\n<td style=\"width: 33.3333%; height: 22px;\">AWO-Altenzentrum Eichenzell<br \/>\n<a href=\"https:\/\/www.awo-nordhessen.de\/senioren\/pflegeheime\/eichenzell.html\"><span style=\"font-size: 10px;\">www.awo-nordhessen.de\/eichenzell.html<\/span><\/a><\/td>\n<td style=\"width: 33.3333%; height: 22px;\"><\/td>\n<td style=\"width: 33.3333%; height: 22px;\"><strong>AWO mobil &#8211; Pflege zuhause<\/strong><br \/>\n<a href=\"https:\/\/www.awo-nordhessen.de\/senioren\/hausliche-pflege.html\"><span style=\"font-size: 10px;\">www.awo-nordhessen.de\/hausliche-pflege.html<\/span><\/a><\/td>\n<\/tr>\n<\/tbody>\n<\/table>\n<h4>AWO Bundesverband:<\/h4>\n<table style=\"width: 100%; border-collapse: collapse; height: 89px;\">\n<tbody>\n<tr style=\"height: 22px;\">\n<td style=\"width: 33.3333%; height: 22px;\"><a href=\"https:\/\/awo-fulda.de\/wp-content\/uploads\/2018\/06\/Zusammenhalt-mit-Herz_Imagebrosch\u00fcre.pdf\">Zusammenhalt mit Herz &#8211; Imagebrosch\u00fcre<\/a><\/td>\n<td style=\"width: 33.3333%; height: 22px;\"><a href=\"https:\/\/awo-fulda.de\/wp-content\/uploads\/2018\/06\/Armutsrisiko-Geschlecht.pdf\">Armutsrisiko Geschlecht<\/a><\/td>\n<td style=\"width: 33.3333%; height: 22px;\"><a href=\"https:\/\/awo-engagiert.awo.org\/\">Zeig was du drauf hast &#8211; Wohlfahrtsmarken<\/a><\/td>\n<\/tr>\n<tr style=\"height: 22px;\">\n<td style=\"width: 33.3333%; height: 22px;\"><a href=\"https:\/\/awo-fulda.de\/wp-content\/uploads\/2018\/06\/Grundsatzprogramm.pdf\">Grundsatzprogramm<\/a><\/td>\n<td style=\"width: 33.3333%; height: 22px;\"><\/td>\n<td style=\"width: 33.3333%; height: 22px;\"><\/td>\n<\/tr>\n<tr style=\"height: 22px;\">\n<td style=\"width: 33.3333%; height: 22px;\"><\/td>\n<td style=\"width: 33.3333%; height: 22px;\"><\/td>\n<td style=\"width: 33.3333%; height: 22px;\"><\/td>\n<\/tr>\n<tr style=\"height: 23px;\">\n<td style=\"width: 33.3333%; height: 23px;\"><a href=\"https:\/\/awo-fulda.de\/wp-content\/uploads\/2021\/04\/AWO_Imagebroschuere_englisch.pdf\" target=\"_blank\" rel=\"noopener\">Genuine AWO. Experience for the Future &#8211; Info in English<\/a><\/td>\n<td style=\"width: 33.3333%; height: 23px;\"><span style=\"font-size: 12px; color: #ff0000;\">\u00a0<\/span><\/td>\n<td style=\"width: 33.3333%; height: 23px;\"><\/td>\n<\/tr>\n<\/tbody>\n<\/table>\n","protected":false},"excerpt":{"rendered":"<p>Wir \u00fcber uns: Infoflyer AWO Kreisverband Fulda Willkommen_deutsch Aktivit\u00e4tenbericht 2017 Willkommen_englisch Aktivit\u00e4tenbericht 2018 Willkommen_franz\u00f6sisch Unser Leitbild im Detail Willkommen_t\u00fcrkisch Veranstaltungen zum AWO-Jubil\u00e4um 2019 Unser Leitbild mehrsprachig Willkommen_russisch Kindermund gibt Leitbild&hellip;<\/p>\n","protected":false},"author":6,"featured_media":0,"parent":0,"menu_order":0,"comment_status":"closed","ping_status":"closed","template":"","meta":{"_editorskit_title_hidden":false,"_editorskit_reading_time":0,"_editorskit_is_block_options_detached":false,"_editorskit_block_options_position":"{}","footnotes":""},"class_list":["post-16059","page","type-page","status-publish","hentry","description-off"],"translation":{"provider":"WPGlobus","version":"3.0.2","language":"en","enabled_languages":["de","en","fr","ru","ar","tr","fa"],"languages":{"de":{"title":true,"content":true,"excerpt":false},"en":{"title":false,"content":false,"excerpt":false},"fr":{"title":false,"content":false,"excerpt":false},"ru":{"title":false,"content":false,"excerpt":false},"ar":{"title":false,"content":false,"excerpt":false},"tr":{"title":false,"content":false,"excerpt":false},"fa":{"title":false,"content":false,"excerpt":false}}},"_links":{"self":[{"href":"https:\/\/awo-fulda.de\/en\/wp-json\/wp\/v2\/pages\/16059","targetHints":{"allow":["GET"]}}],"collection":[{"href":"https:\/\/awo-fulda.de\/en\/wp-json\/wp\/v2\/pages"}],"about":[{"href":"https:\/\/awo-fulda.de\/en\/wp-json\/wp\/v2\/types\/page"}],"author":[{"embeddable":true,"href":"https:\/\/awo-fulda.de\/en\/wp-json\/wp\/v2\/users\/6"}],"replies":[{"embeddable":true,"href":"https:\/\/awo-fulda.de\/en\/wp-json\/wp\/v2\/comments?post=16059"}],"version-history":[{"count":87,"href":"https:\/\/awo-fulda.de\/en\/wp-json\/wp\/v2\/pages\/16059\/revisions"}],"predecessor-version":[{"id":141482,"href":"https:\/\/awo-fulda.de\/en\/wp-json\/wp\/v2\/pages\/16059\/revisions\/141482"}],"wp:attachment":[{"href":"https:\/\/awo-fulda.de\/en\/wp-json\/wp\/v2\/media?parent=16059"}],"curies":[{"name":"wp","href":"https:\/\/api.w.org\/{rel}","templated":true}]}}