{"id":100,"date":"2017-10-23T18:22:57","date_gmt":"2017-10-23T16:22:57","guid":{"rendered":"https:\/\/awo-fulda.de\/?page_id=100"},"modified":"2022-09-03T17:18:58","modified_gmt":"2022-09-03T15:18:58","slug":"l14zwo","status":"publish","type":"page","link":"https:\/\/awo-fulda.de\/en\/begegnungsstaetten\/l14zwo\/","title":{"rendered":"L14zwo"},"content":{"rendered":"<div class=\"field field-name-body field-type-text-with-summary field-label-hidden\">\n<div class=\"field-items\">\n<div class=\"field-item even\">\n<table style=\"height: 58px;\" width=\"1368\">\n<tbody>\n<tr>\n<td style=\"width: 448.667px;\"><img loading=\"lazy\" decoding=\"async\" class=\"alignnone size-medium wp-image-16171\" src=\"https:\/\/awo-fulda.de\/wp-content\/uploads\/2018\/06\/jw-mit-rot-480x270.jpg\" alt=\"\" width=\"480\" height=\"270\" srcset=\"https:\/\/awo-fulda.de\/wp-content\/uploads\/2018\/06\/jw-mit-rot-480x270.jpg 480w, https:\/\/awo-fulda.de\/wp-content\/uploads\/2018\/06\/jw-mit-rot-768x432.jpg 768w, https:\/\/awo-fulda.de\/wp-content\/uploads\/2018\/06\/jw-mit-rot-640x360.jpg 640w, https:\/\/awo-fulda.de\/wp-content\/uploads\/2018\/06\/jw-mit-rot.jpg 1600w\" sizes=\"auto, (max-width: 480px) 100vw, 480px\" \/><\/td>\n<td style=\"width: 448.667px;\"><img loading=\"lazy\" decoding=\"async\" class=\"alignnone size-medium wp-image-16253\" src=\"https:\/\/awo-fulda.de\/wp-content\/uploads\/2018\/06\/L14Haus-2-480x270.jpg\" alt=\"\" width=\"480\" height=\"270\" srcset=\"https:\/\/awo-fulda.de\/wp-content\/uploads\/2018\/06\/L14Haus-2-480x270.jpg 480w, https:\/\/awo-fulda.de\/wp-content\/uploads\/2018\/06\/L14Haus-2-768x432.jpg 768w, https:\/\/awo-fulda.de\/wp-content\/uploads\/2018\/06\/L14Haus-2-640x360.jpg 640w, https:\/\/awo-fulda.de\/wp-content\/uploads\/2018\/06\/L14Haus-2.jpg 1600w\" sizes=\"auto, (max-width: 480px) 100vw, 480px\" \/><\/td>\n<td style=\"width: 448.667px;\"><img loading=\"lazy\" decoding=\"async\" class=\"alignnone size-medium wp-image-16246\" src=\"https:\/\/awo-fulda.de\/wp-content\/uploads\/2018\/06\/erneuerbar-480x270.jpg\" alt=\"\" width=\"480\" height=\"270\" srcset=\"https:\/\/awo-fulda.de\/wp-content\/uploads\/2018\/06\/erneuerbar-480x270.jpg 480w, https:\/\/awo-fulda.de\/wp-content\/uploads\/2018\/06\/erneuerbar-768x432.jpg 768w, https:\/\/awo-fulda.de\/wp-content\/uploads\/2018\/06\/erneuerbar-640x360.jpg 640w, https:\/\/awo-fulda.de\/wp-content\/uploads\/2018\/06\/erneuerbar.jpg 1600w\" sizes=\"auto, (max-width: 480px) 100vw, 480px\" \/><\/td>\n<\/tr>\n<\/tbody>\n<\/table>\n<p>Das L14zwo ist eine Begegnungsst\u00e4tte f\u00fcr alt und jung mitten in der Fuldaer Innenstadt, ein soziokulturelles Zentrum mit einer bunten Vielfalt an Angeboten.<\/p>\n<p>Das AWO Jugendwerk Nordhessen organisiert in der Lindenstra\u00dfe 2 die Erneuer:Bar (ein Repair-Caf\u00e9) und verschiedene ehrenamtlich betreute Projekte wie die N\u00e4hbar und den Kleidertauschladen.<\/p>\n<p>Im Jahr 2022 wurde die L14zwo mit der Fuldaer Rose ausgezeichnet. SPD Generalsekret\u00e4r Kevin K\u00fchnert war Gast beim Markt der M\u00f6glichkeiten. Die <a href=\"https:\/\/awo-fulda.de\/2022\/07\/21\/awo-jugendwerk-l14zwo-mit-fuldaer-rose-ausgezeichnet\/\">Presse<\/a> hat berichtet.<\/p>\n<p>Zielgruppe f\u00fcr die Angebote sind \u00fcberwiegend Jugendliche und junge Erwachsene, die sich ehrenamtlich engagieren m\u00f6chten und denen ein Raum und\/oder das Know-how f\u00fcr die Umsetzung ihrer Projekte fehlt. Wir m\u00f6chten Jugendliche bef\u00e4higen<\/p>\n<ul>\n<li>ihre pers\u00f6nlichen und sozialen Lebensbedingungen selbst zu erkennen<\/li>\n<li>ihre gesellschaftlichen Interessen durchzusetzen<\/li>\n<li>die Demokratisierung in allen Lebensbereichen zu verwirklichen<\/li>\n<li>gegen soziale Ungerechtigkeit und Benachteiligung von Menschen aktiv zu sein<\/li>\n<li>Toleranz und Solidarit\u00e4t wieder Wert zu geben<\/li>\n<\/ul>\n<\/div>\n<div class=\"lb14postcontent\">\n<p>Weitere Informationen sind zu finden unter:<\/p>\n<p><a href=\"https:\/\/erneuerbar-fulda.de\/\">https:\/\/erneuerbar-fulda.de\/<\/a><\/p>\n<p><a href=\"http:\/\/www.jugendwerk-nordhessen.de\">http:\/\/www.jugendwerk-nordhessen.de<\/a><\/p>\n<\/div>\n<\/div>\n<\/div>\n<table style=\"border-collapse: collapse; width: 100%;\">\n<tbody>\n<tr>\n<td style=\"width: 24.4531%;\"><a class=\"dt-pswp-item\" href=\"https:\/\/awo-fulda.de\/wp-content\/uploads\/2022\/02\/EB-Logo.jpg\" data-dt-img-description=\"\" data-large_image_width=\"2015\" data-large_image_height=\"2015\"><img loading=\"lazy\" decoding=\"async\" class=\"alignleft wp-image-104340 size-thumbnail\" src=\"https:\/\/awo-fulda.de\/wp-content\/uploads\/2022\/02\/EB-Logo-300x300.jpg\" alt=\"\" width=\"300\" height=\"300\" srcset=\"https:\/\/awo-fulda.de\/wp-content\/uploads\/2022\/02\/EB-Logo-300x300.jpg 300w, https:\/\/awo-fulda.de\/wp-content\/uploads\/2022\/02\/EB-Logo-480x480.jpg 480w, https:\/\/awo-fulda.de\/wp-content\/uploads\/2022\/02\/EB-Logo-640x640.jpg 640w, https:\/\/awo-fulda.de\/wp-content\/uploads\/2022\/02\/EB-Logo-768x768.jpg 768w, https:\/\/awo-fulda.de\/wp-content\/uploads\/2022\/02\/EB-Logo-1536x1536.jpg 1536w, https:\/\/awo-fulda.de\/wp-content\/uploads\/2022\/02\/EB-Logo.jpg 2015w\" sizes=\"auto, (max-width: 300px) 100vw, 300px\" \/><\/a><\/td>\n<td style=\"width: 75.5469%;\">\n<h3 style=\"text-align: center;\">Das Team der ErneuerBar hat sich auf deren Facebookseite pr\u00e4sentiert.<\/h3>\n<h3 style=\"text-align: center;\">Sympathische Menschen laden zum Besuch und zur Unterst\u00fctzung des Gedankens ein:<\/h3>\n<h3 style=\"text-align: center;\">Wegwerfen &#8211; nein danke!<\/h3>\n<\/td>\n<\/tr>\n<\/tbody>\n<\/table>\n<table style=\"border-collapse: collapse; width: 100%; height: 1053px;\">\n<tbody>\n<tr style=\"height: 413px;\">\n<td style=\"width: 25%; height: 413px;\"><a class=\"dt-pswp-item\" href=\"https:\/\/awo-fulda.de\/wp-content\/uploads\/2022\/02\/EB-Karla.jpg\" data-dt-img-description=\"\" data-large_image_width=\"1536\" data-large_image_height=\"1920\"><img loading=\"lazy\" decoding=\"async\" class=\"alignleft size-medium wp-image-104347\" src=\"https:\/\/awo-fulda.de\/wp-content\/uploads\/2022\/02\/EB-Karla-384x480.jpg\" alt=\"\" width=\"384\" height=\"480\" srcset=\"https:\/\/awo-fulda.de\/wp-content\/uploads\/2022\/02\/EB-Karla-384x480.jpg 384w, https:\/\/awo-fulda.de\/wp-content\/uploads\/2022\/02\/EB-Karla-512x640.jpg 512w, https:\/\/awo-fulda.de\/wp-content\/uploads\/2022\/02\/EB-Karla-768x960.jpg 768w, https:\/\/awo-fulda.de\/wp-content\/uploads\/2022\/02\/EB-Karla-1229x1536.jpg 1229w, https:\/\/awo-fulda.de\/wp-content\/uploads\/2022\/02\/EB-Karla.jpg 1536w\" sizes=\"auto, (max-width: 384px) 100vw, 384px\" \/><\/a><\/td>\n<td style=\"width: 25%; height: 413px;\"><a class=\"dt-pswp-item\" href=\"https:\/\/awo-fulda.de\/wp-content\/uploads\/2022\/02\/EB-Patrick.jpg\" data-dt-img-description=\"\" data-large_image_width=\"512\" data-large_image_height=\"640\"><img loading=\"lazy\" decoding=\"async\" class=\"alignleft size-medium wp-image-104348\" src=\"https:\/\/awo-fulda.de\/wp-content\/uploads\/2022\/02\/EB-Patrick-384x480.jpg\" alt=\"\" width=\"384\" height=\"480\" srcset=\"https:\/\/awo-fulda.de\/wp-content\/uploads\/2022\/02\/EB-Patrick-384x480.jpg 384w, https:\/\/awo-fulda.de\/wp-content\/uploads\/2022\/02\/EB-Patrick.jpg 512w\" sizes=\"auto, (max-width: 384px) 100vw, 384px\" \/><\/a><\/td>\n<td style=\"width: 25%; height: 413px;\"><a class=\"dt-pswp-item\" href=\"https:\/\/awo-fulda.de\/wp-content\/uploads\/2022\/02\/EB-Natalie.jpg\" data-dt-img-description=\"\" data-large_image_width=\"1536\" data-large_image_height=\"1920\"><img loading=\"lazy\" decoding=\"async\" class=\"alignleft size-medium wp-image-104345\" src=\"https:\/\/awo-fulda.de\/wp-content\/uploads\/2022\/02\/EB-Natalie-384x480.jpg\" alt=\"\" width=\"384\" height=\"480\" srcset=\"https:\/\/awo-fulda.de\/wp-content\/uploads\/2022\/02\/EB-Natalie-384x480.jpg 384w, https:\/\/awo-fulda.de\/wp-content\/uploads\/2022\/02\/EB-Natalie-512x640.jpg 512w, https:\/\/awo-fulda.de\/wp-content\/uploads\/2022\/02\/EB-Natalie-768x960.jpg 768w, https:\/\/awo-fulda.de\/wp-content\/uploads\/2022\/02\/EB-Natalie-1229x1536.jpg 1229w, https:\/\/awo-fulda.de\/wp-content\/uploads\/2022\/02\/EB-Natalie.jpg 1536w\" sizes=\"auto, (max-width: 384px) 100vw, 384px\" \/><\/a><\/td>\n<td style=\"width: 25%; height: 413px;\"><a class=\"dt-pswp-item\" href=\"https:\/\/awo-fulda.de\/wp-content\/uploads\/2022\/02\/EB-Hannah-1.jpg\" data-dt-img-description=\"\" data-large_image_width=\"1200\" data-large_image_height=\"1500\"><img loading=\"lazy\" decoding=\"async\" class=\"alignleft size-medium wp-image-104359\" src=\"https:\/\/awo-fulda.de\/wp-content\/uploads\/2022\/02\/EB-Hannah-1-384x480.jpg\" alt=\"\" width=\"384\" height=\"480\" srcset=\"https:\/\/awo-fulda.de\/wp-content\/uploads\/2022\/02\/EB-Hannah-1-384x480.jpg 384w, https:\/\/awo-fulda.de\/wp-content\/uploads\/2022\/02\/EB-Hannah-1-512x640.jpg 512w, https:\/\/awo-fulda.de\/wp-content\/uploads\/2022\/02\/EB-Hannah-1-768x960.jpg 768w, https:\/\/awo-fulda.de\/wp-content\/uploads\/2022\/02\/EB-Hannah-1.jpg 1200w\" sizes=\"auto, (max-width: 384px) 100vw, 384px\" \/><\/a><\/td>\n<\/tr>\n<tr style=\"height: 10px;\">\n<td style=\"width: 25%; height: 10px; vertical-align: top;\">Hallo, ich bin <strong>Karla<\/strong> und seit April 2021 im ErneuerBar Team. Ich beantworte eure Mails und vereinbare Termine. <br \/>Ich kann euch alles zu den verschiedenen Initiativen der L14zwo erz\u00e4hlen. Am liebsten schaue ich Reparaturhelfer:innen bei den Reparaturen \u00fcber die Schulter. Spannend, wie Handys, Kaffeevollautomaten, N\u00e4hmaschinen und Radios von innen aussehen.<br \/><strong>Fun Fact:<\/strong> Ich k\u00f6nnte (fast) alles mit Ketchup essen.<\/td>\n<td style=\"width: 25%; height: 10px; vertical-align: top;\">Moin, ich bin <strong>Patrick<\/strong>. Ich bin schon lange als Gast in der L14(zwo) unterwegs und 2021 zum ErneuerBar Team dazugesto\u00dfen.\u00a0<br \/>Wie Karla koordiniere ich die Termine und k\u00fcmmere mich au\u00dferdem um die Homepage. <br \/><strong>Fun Fact:<\/strong> Ich hab schon einen Purzelbaum auf der A7 gemacht.<\/td>\n<td style=\"width: 25%; height: 10px; vertical-align: top;\">Hallo, ich bin <strong>Natalie<\/strong>, von der ErneuerBar habe ich das erste mal \u00fcberInstagram erfahren. Ich bin hier f\u00fcr die Theke zust\u00e4ndig und mache euch gerne Kaffee, Limo gibt es auch! <br \/>Ich bin immer an unterschiedlichen Tagen und Wochen vor Ort &#8211; so wie es gerade bei mir passt. <br \/><strong>Fun Fact:<\/strong> Typisch Amerikanisch &#8211; ich liebe Peanutbutter!<\/td>\n<td style=\"width: 25%; height: 10px; vertical-align: top;\">Hallihallo, ich bin <strong>Hannah<\/strong> und im ErneuerBar Team zur Koordination eurer Termine da. <br \/>Seit Beginn meines Studiums bin ich immer mal in der Erneuerbar vorbeigeschneit und habe die Atmosph\u00e4re sehr genossen. Ein entspannter, kreativer Ort voller M\u00f6glichkeiten und lieben Menschen. Ich bin sehr froh, noch mal mehr in das \u201eAlternative Herz\u201c von Fulda eintauchen zu k\u00f6nnen.<br \/><strong>Fun Fact:<\/strong> Man sieht mich recht h\u00e4ufig mit Fahrradhelm auf dem Kopf herumlaufen. Wenn ich ihn anbehalte, habe ich die H\u00e4nde frei, z.B. beim Einkaufen ^^\n<p>\u00a0<\/p>\n<\/td>\n<\/tr>\n<tr style=\"height: 413px;\">\n<td style=\"width: 25%; height: 413px;\"><a class=\"dt-pswp-item\" href=\"https:\/\/awo-fulda.de\/wp-content\/uploads\/2022\/02\/EB-Chris.jpg\" data-dt-img-description=\"\" data-large_image_width=\"960\" data-large_image_height=\"1200\"><img loading=\"lazy\" decoding=\"async\" class=\"alignleft size-medium wp-image-104346\" src=\"https:\/\/awo-fulda.de\/wp-content\/uploads\/2022\/02\/EB-Chris-384x480.jpg\" alt=\"\" width=\"384\" height=\"480\" srcset=\"https:\/\/awo-fulda.de\/wp-content\/uploads\/2022\/02\/EB-Chris-384x480.jpg 384w, https:\/\/awo-fulda.de\/wp-content\/uploads\/2022\/02\/EB-Chris-512x640.jpg 512w, https:\/\/awo-fulda.de\/wp-content\/uploads\/2022\/02\/EB-Chris-768x960.jpg 768w, https:\/\/awo-fulda.de\/wp-content\/uploads\/2022\/02\/EB-Chris.jpg 960w\" sizes=\"auto, (max-width: 384px) 100vw, 384px\" \/><\/a><\/td>\n<td style=\"width: 25%; height: 413px;\"><a class=\"dt-pswp-item\" href=\"https:\/\/awo-fulda.de\/wp-content\/uploads\/2022\/02\/EB-Victoria-1.jpg\" data-dt-img-description=\"\" data-large_image_width=\"1200\" data-large_image_height=\"1500\"><img loading=\"lazy\" decoding=\"async\" class=\"alignleft size-medium wp-image-104356\" src=\"https:\/\/awo-fulda.de\/wp-content\/uploads\/2022\/02\/EB-Victoria-1-384x480.jpg\" alt=\"\" width=\"384\" height=\"480\" srcset=\"https:\/\/awo-fulda.de\/wp-content\/uploads\/2022\/02\/EB-Victoria-1-384x480.jpg 384w, https:\/\/awo-fulda.de\/wp-content\/uploads\/2022\/02\/EB-Victoria-1-512x640.jpg 512w, https:\/\/awo-fulda.de\/wp-content\/uploads\/2022\/02\/EB-Victoria-1-768x960.jpg 768w, https:\/\/awo-fulda.de\/wp-content\/uploads\/2022\/02\/EB-Victoria-1.jpg 1200w\" sizes=\"auto, (max-width: 384px) 100vw, 384px\" \/><\/a><\/td>\n<td style=\"width: 25%; height: 413px;\"><a class=\"dt-pswp-item\" href=\"https:\/\/awo-fulda.de\/wp-content\/uploads\/2022\/02\/EB-Inga-1.jpg\" data-dt-img-description=\"\" data-large_image_width=\"1200\" data-large_image_height=\"1500\"><img loading=\"lazy\" decoding=\"async\" class=\"alignleft size-medium wp-image-104358\" src=\"https:\/\/awo-fulda.de\/wp-content\/uploads\/2022\/02\/EB-Inga-1-384x480.jpg\" alt=\"\" width=\"384\" height=\"480\" srcset=\"https:\/\/awo-fulda.de\/wp-content\/uploads\/2022\/02\/EB-Inga-1-384x480.jpg 384w, https:\/\/awo-fulda.de\/wp-content\/uploads\/2022\/02\/EB-Inga-1-512x640.jpg 512w, https:\/\/awo-fulda.de\/wp-content\/uploads\/2022\/02\/EB-Inga-1-768x960.jpg 768w, https:\/\/awo-fulda.de\/wp-content\/uploads\/2022\/02\/EB-Inga-1.jpg 1200w\" sizes=\"auto, (max-width: 384px) 100vw, 384px\" \/><\/a><\/td>\n<td style=\"width: 25%; height: 413px;\"><a class=\"dt-pswp-item\" href=\"https:\/\/awo-fulda.de\/wp-content\/uploads\/2022\/02\/EB-Timo.jpg\" data-dt-img-description=\"\" data-large_image_width=\"1200\" data-large_image_height=\"1500\"><img loading=\"lazy\" decoding=\"async\" class=\"alignleft size-medium wp-image-104357\" src=\"https:\/\/awo-fulda.de\/wp-content\/uploads\/2022\/02\/EB-Timo-384x480.jpg\" alt=\"\" width=\"384\" height=\"480\" srcset=\"https:\/\/awo-fulda.de\/wp-content\/uploads\/2022\/02\/EB-Timo-384x480.jpg 384w, https:\/\/awo-fulda.de\/wp-content\/uploads\/2022\/02\/EB-Timo-512x640.jpg 512w, https:\/\/awo-fulda.de\/wp-content\/uploads\/2022\/02\/EB-Timo-768x960.jpg 768w, https:\/\/awo-fulda.de\/wp-content\/uploads\/2022\/02\/EB-Timo.jpg 1200w\" sizes=\"auto, (max-width: 384px) 100vw, 384px\" \/><\/a><\/td>\n<\/tr>\n<tr style=\"height: 217px;\">\n<td style=\"width: 25%; height: 217px; vertical-align: top;\">Hi, ich bin <strong>Chris<\/strong>, ich unterst\u00fctze und koordiniere gemeinsam mit unseren ehrenamtlichen Helfer:innen die Reparaturen vielf\u00e4ltiger Gegenst\u00e4nde.<br \/>Nachhaltigkeit und der sinnvolle Einsatz von Ressourcen liegt mir am Herzen und ich bin begeistert von den vielen erfolgreichen Reparaturen.<br \/>Ich freue mich auf euren Besuch!<br \/><strong>Fun Fact:<\/strong> Trotz meiner Arbeit im Caf\u00e9 trinke ich keinen Kaffee, daf\u00fcr aber gerne unsere Fritz Limo.<\/td>\n<td style=\"width: 25%; height: 217px; vertical-align: top;\">Hallo, mein Name ist <strong>Victoria<\/strong>, ich bin seit Oktober 2021 in Fulda f\u00fcr mein Praxissemester und seitdem im Team der ErneuerBar. <br \/>Ich bin immer mittwochs hinter der Theke anzutreffen, wo ich mich um Getr\u00e4nke und Termine k\u00fcmmere. <br \/><strong>Fun Fact:<\/strong> Solange ich nicht hungrig bin, ist die Welt in Ordnung.<\/td>\n<td style=\"width: 25%; height: 217px; vertical-align: top;\">Hallo ihr Lieben, mein Name ist <strong>Inga<\/strong> und f\u00fcr die ErneuerBar zust\u00e4ndig f\u00fcr die sozialen Medien. <br \/>Das bedeutet, alles was hier bei Insta oder Facebook landet l\u00e4uft durch meine H\u00e4nde&#8230;<br \/>Manchmal trefft ihr mich mit Kamera im Haus an, dann bin ich auf der Suche nach einem guten Schnappschuss. Falls ihr mal ein Foto von einer Reparatur habt, schickt es mir gerne zu! <br \/>Wenn ich mal nicht vor Ort bin studiere ich nebenbei oder spring in meinem Gem\u00fcsegarten herum. Orte wie die ErneuerBar und L14zwo liegen mir schwer am Herzen und ich hoffe, dass es solche in Fulda noch viele Jahre geben wird.<br \/><strong>Fun Fact:<\/strong> Ich schlafe immer mit offenem Fenster, auch im tiefsten Winter!<\/td>\n<td style=\"width: 25%; height: 217px; vertical-align: top;\">Hallooo, mein Name ist <strong>Timo <\/strong>und hier erfahrt ihr ein bisschen \u00fcber mich: <br \/>Wie lange bei der ErneuerBar: September 2021.<br \/>Welche Aufgaben? Termine organisieren, Tresenarbeit, Repairer:innen und Kund:innen betreuen.<br \/>Das mache ich am liebsten bei der Arbeit: bei Reparaturen zuschauen und selbst noch was lernen, wenn daf\u00fcr die Zeit vorhanden ist<br \/><strong>Fun Fact:<\/strong> Minigolfturniersieger im Jugendbereich 2009<\/td>\n<\/tr>\n<\/tbody>\n<\/table>\n\n","protected":false},"excerpt":{"rendered":"<p>Das L14zwo ist eine Begegnungsst\u00e4tte f\u00fcr alt und jung mitten in der Fuldaer Innenstadt, ein soziokulturelles Zentrum mit einer bunten Vielfalt an Angeboten. Das AWO Jugendwerk Nordhessen organisiert in der&hellip;<\/p>\n","protected":false},"author":1,"featured_media":0,"parent":92,"menu_order":0,"comment_status":"closed","ping_status":"closed","template":"","meta":{"_editorskit_title_hidden":false,"_editorskit_reading_time":3,"_editorskit_is_block_options_detached":false,"_editorskit_block_options_position":"{}","footnotes":""},"class_list":["post-100","page","type-page","status-publish","hentry","description-off"],"translation":{"provider":"WPGlobus","version":"3.0.2","language":"en","enabled_languages":["de","en","fr","ru","ar","tr","fa"],"languages":{"de":{"title":true,"content":true,"excerpt":false},"en":{"title":false,"content":false,"excerpt":false},"fr":{"title":false,"content":false,"excerpt":false},"ru":{"title":false,"content":false,"excerpt":false},"ar":{"title":false,"content":false,"excerpt":false},"tr":{"title":false,"content":false,"excerpt":false},"fa":{"title":false,"content":false,"excerpt":false}}},"_links":{"self":[{"href":"https:\/\/awo-fulda.de\/en\/wp-json\/wp\/v2\/pages\/100","targetHints":{"allow":["GET"]}}],"collection":[{"href":"https:\/\/awo-fulda.de\/en\/wp-json\/wp\/v2\/pages"}],"about":[{"href":"https:\/\/awo-fulda.de\/en\/wp-json\/wp\/v2\/types\/page"}],"author":[{"embeddable":true,"href":"https:\/\/awo-fulda.de\/en\/wp-json\/wp\/v2\/users\/1"}],"replies":[{"embeddable":true,"href":"https:\/\/awo-fulda.de\/en\/wp-json\/wp\/v2\/comments?post=100"}],"version-history":[{"count":20,"href":"https:\/\/awo-fulda.de\/en\/wp-json\/wp\/v2\/pages\/100\/revisions"}],"predecessor-version":[{"id":114489,"href":"https:\/\/awo-fulda.de\/en\/wp-json\/wp\/v2\/pages\/100\/revisions\/114489"}],"up":[{"embeddable":true,"href":"https:\/\/awo-fulda.de\/en\/wp-json\/wp\/v2\/pages\/92"}],"wp:attachment":[{"href":"https:\/\/awo-fulda.de\/en\/wp-json\/wp\/v2\/media?parent=100"}],"curies":[{"name":"wp","href":"https:\/\/api.w.org\/{rel}","templated":true}]}}