{"id":96,"date":"2017-10-23T18:21:59","date_gmt":"2017-10-23T16:21:59","guid":{"rendered":"https:\/\/awo-fulda.de\/?page_id=96"},"modified":"2026-03-12T09:48:31","modified_gmt":"2026-03-12T08:48:31","slug":"stadtteiltreff_ziehers-nord","status":"publish","type":"page","link":"https:\/\/awo-fulda.de\/ar\/begegnungsstaetten\/stadtteiltreff_ziehers-nord\/","title":{"rendered":"AWO Stadtteiltreff Ziehers-Nord"},"content":{"rendered":"<div class=\"wpb-content-wrapper\">[vc_row][vc_column][vc_column_text]\n<div class=\"field field-name-title field-type-ds field-label-hidden\">\n<div class=\"field-items\">\n<div class=\"field-item even\">\n<table style=\"height: 48px;\" width=\"1368\">\n<tbody>\n<tr>\n<td style=\"width: 448.667px;\"><img loading=\"lazy\" decoding=\"async\" class=\"wp-image-15282 aligncenter\" src=\"https:\/\/awo-fulda.de\/wp-content\/uploads\/2018\/05\/ZN3-480x270.jpg\" alt=\"\" width=\"424\" height=\"239\" srcset=\"https:\/\/awo-fulda.de\/wp-content\/uploads\/2018\/05\/ZN3-480x270.jpg 480w, https:\/\/awo-fulda.de\/wp-content\/uploads\/2018\/05\/ZN3-768x432.jpg 768w, https:\/\/awo-fulda.de\/wp-content\/uploads\/2018\/05\/ZN3-640x360.jpg 640w, https:\/\/awo-fulda.de\/wp-content\/uploads\/2018\/05\/ZN3.jpg 1600w\" sizes=\"auto, (max-width: 424px) 100vw, 424px\" \/><\/td>\n<td style=\"width: 448.667px;\"><img loading=\"lazy\" decoding=\"async\" class=\"wp-image-16161 aligncenter\" src=\"https:\/\/awo-fulda.de\/wp-content\/uploads\/2018\/06\/Ziehers-FrauenAmTisch-480x270.jpg\" alt=\"\" width=\"424\" height=\"239\" srcset=\"https:\/\/awo-fulda.de\/wp-content\/uploads\/2018\/06\/Ziehers-FrauenAmTisch-480x270.jpg 480w, https:\/\/awo-fulda.de\/wp-content\/uploads\/2018\/06\/Ziehers-FrauenAmTisch-768x432.jpg 768w, https:\/\/awo-fulda.de\/wp-content\/uploads\/2018\/06\/Ziehers-FrauenAmTisch-640x360.jpg 640w, https:\/\/awo-fulda.de\/wp-content\/uploads\/2018\/06\/Ziehers-FrauenAmTisch.jpg 1600w\" sizes=\"auto, (max-width: 424px) 100vw, 424px\" \/><\/td>\n<td style=\"width: 448.667px;\"><img loading=\"lazy\" decoding=\"async\" class=\"wp-image-15280 aligncenter\" src=\"https:\/\/awo-fulda.de\/wp-content\/uploads\/2018\/05\/ZN1-480x270.jpg\" alt=\"\" width=\"424\" height=\"239\" srcset=\"https:\/\/awo-fulda.de\/wp-content\/uploads\/2018\/05\/ZN1-480x270.jpg 480w, https:\/\/awo-fulda.de\/wp-content\/uploads\/2018\/05\/ZN1-768x432.jpg 768w, https:\/\/awo-fulda.de\/wp-content\/uploads\/2018\/05\/ZN1-640x360.jpg 640w, https:\/\/awo-fulda.de\/wp-content\/uploads\/2018\/05\/ZN1.jpg 1600w\" sizes=\"auto, (max-width: 424px) 100vw, 424px\" \/><\/td>\n<\/tr>\n<\/tbody>\n<\/table>\n<\/div>\n<\/div>\n<\/div>\n<div class=\"field field-name-body field-type-text-with-summary field-label-hidden\">\n<div class=\"field-item even\">\u00a0<\/div>\n<\/div>\n<p><strong>Ihr Kind braucht Unterst\u00fctzung bei den Hausaufgaben, Sie wollen Ihr Deutsch verbessern oder beim gemeinsamen Yoga den Alltag loslassen und den Moment genie\u00dfen? Dann besuchen Sie uns! <\/strong><\/p>\n<p>Wir, vom AWO-Stadtteiltreff in Ziehers-Nord, halten eine Vielzahl von Angeboten f\u00fcr Sie bereit:<\/p>\n<p>Neben Angeboten f\u00fcr Erwachsene wie dem Sprachcaf\u00e9, dem Elterncaf\u00e9 und dem Frauenyoga stehen auch w\u00f6chentliche Angebote f\u00fcr Grundsch\u00fcler:innen wie unsere Umweltgruppe \u201eKleinen Feger\u201c, die Lesegruppe \u201eB\u00fccherspielplatz\u201c, die Hausaufgabenhilfe und der Mobile Spielplatz auf dem Plan. Zus\u00e4tzlich findet w\u00f6chentlich unser Senior:innentreff statt.<\/p>\n<p>Des Weiteren werden unsere R\u00e4umlichkeiten von weiteren Sozialen Tr\u00e4gern genutzt, wie z.B. einem Kinder- und Jugendtreff.<\/p>\n<p>Durch die vielseitige Vernetzung vor Ort und verschiedenen Kooperationen m\u00f6chten wir einen Raum f\u00fcr die Menschen im Stadtteil Ziehers-Nord schaffen, an welchem Sie sich austauschen, vernetzen und einbringen k\u00f6nnen. Hierbei stehen wir Ihnen zur Unterst\u00fctzung zur Verf\u00fcgung und m\u00f6chten den Stadtteil als solches st\u00e4rken.<\/p>\n<p>Seit bereits \u00fcber acht Jahren sind wir f\u00fcr (fast) alle Belange des Alltags Ihre erste Anlaufstelle im Stadtteil. Sie finden uns in der Huberstra\u00dfe 4-6, den R\u00e4umlichkeiten der ehemaligen Sparkasse.<\/p>\n<p><span style=\"font-size: 20px;\"><strong>Unseren aktuellen Wochenplan finden Sie hier:<\/strong><\/span><\/p>\n<p><a href=\"https:\/\/awo-fulda.de\/wp-content\/uploads\/2026\/03\/Wochenplan-03_26.png\" target=\"_blank\" rel=\"noopener\"><img loading=\"lazy\" decoding=\"async\" class=\"alignnone\" src=\"https:\/\/awo-fulda.de\/wp-content\/uploads\/2026\/03\/Wochenplan-03_26.png\" alt=\"\" width=\"750\" height=\"531\" \/><\/a><\/p>\n<p><!-- a href=\"https:\/\/awo-fulda.de\/wp-content\/uploads\/2025\/07\/Wochenplan.pdf\" target=\"_blank\" rel=\"noopener\">Wochenplan<\/a>\n\n<strong>(\u00f6ffnet in neuem Fenster)<\/strong--><\/p>\n<p>\u00a0<\/p>\n\n<p><\/p><!-- \/wp:post-content --><\/div>","protected":false},"excerpt":{"rendered":"<p>[vc_row][vc_column][vc_column_text] \u00a0 Ihr Kind braucht Unterst\u00fctzung bei den Hausaufgaben, Sie wollen Ihr Deutsch verbessern oder beim gemeinsamen Yoga den Alltag loslassen und den Moment genie\u00dfen? Dann besuchen Sie uns! Wir,&hellip;<\/p>\n","protected":false},"author":1,"featured_media":0,"parent":92,"menu_order":0,"comment_status":"closed","ping_status":"closed","template":"","meta":{"_editorskit_title_hidden":false,"_editorskit_reading_time":1,"_editorskit_is_block_options_detached":false,"_editorskit_block_options_position":"{}","footnotes":""},"class_list":["post-96","page","type-page","status-publish","hentry","description-off"],"translation":{"provider":"WPGlobus","version":"3.0.2","language":"ar","enabled_languages":["de","en","fr","ru","ar","tr","fa"],"languages":{"de":{"title":true,"content":true,"excerpt":false},"en":{"title":false,"content":false,"excerpt":false},"fr":{"title":false,"content":false,"excerpt":false},"ru":{"title":false,"content":false,"excerpt":false},"ar":{"title":false,"content":false,"excerpt":false},"tr":{"title":false,"content":false,"excerpt":false},"fa":{"title":false,"content":false,"excerpt":false}}},"_links":{"self":[{"href":"https:\/\/awo-fulda.de\/ar\/wp-json\/wp\/v2\/pages\/96","targetHints":{"allow":["GET"]}}],"collection":[{"href":"https:\/\/awo-fulda.de\/ar\/wp-json\/wp\/v2\/pages"}],"about":[{"href":"https:\/\/awo-fulda.de\/ar\/wp-json\/wp\/v2\/types\/page"}],"author":[{"embeddable":true,"href":"https:\/\/awo-fulda.de\/ar\/wp-json\/wp\/v2\/users\/1"}],"replies":[{"embeddable":true,"href":"https:\/\/awo-fulda.de\/ar\/wp-json\/wp\/v2\/comments?post=96"}],"version-history":[{"count":102,"href":"https:\/\/awo-fulda.de\/ar\/wp-json\/wp\/v2\/pages\/96\/revisions"}],"predecessor-version":[{"id":144732,"href":"https:\/\/awo-fulda.de\/ar\/wp-json\/wp\/v2\/pages\/96\/revisions\/144732"}],"up":[{"embeddable":true,"href":"https:\/\/awo-fulda.de\/ar\/wp-json\/wp\/v2\/pages\/92"}],"wp:attachment":[{"href":"https:\/\/awo-fulda.de\/ar\/wp-json\/wp\/v2\/media?parent=96"}],"curies":[{"name":"wp","href":"https:\/\/api.w.org\/{rel}","templated":true}]}}