{"id":90,"date":"2017-10-23T18:20:51","date_gmt":"2017-10-23T16:20:51","guid":{"rendered":"https:\/\/awo-fulda.de\/?page_id=90"},"modified":"2022-09-16T11:20:13","modified_gmt":"2022-09-16T09:20:13","slug":"kaufhaus-mit-herz","status":"publish","type":"page","link":"https:\/\/awo-fulda.de\/ar\/arbeit-bildung\/kaufhaus-mit-herz\/","title":{"rendered":"Kaufhaus mit Herz"},"content":{"rendered":"<table style=\"height: 46px;\" width=\"1039\">\r\n<tbody>\r\n<tr>\r\n<td style=\"width: 339px;\"><a class=\"dt-pswp-item\" href=\"https:\/\/awo-fulda.de\/wp-content\/uploads\/2018\/06\/KmH-Geschirr.jpg\" data-dt-img-description=\"\" data-large_image_width=\"1600\" data-large_image_height=\"900\"><img loading=\"lazy\" decoding=\"async\" class=\"alignnone size-full wp-image-16765\" src=\"https:\/\/awo-fulda.de\/wp-content\/uploads\/2018\/06\/KmH-Geschirr.jpg\" alt=\"\" width=\"1600\" height=\"900\" srcset=\"https:\/\/awo-fulda.de\/wp-content\/uploads\/2018\/06\/KmH-Geschirr.jpg 1600w, https:\/\/awo-fulda.de\/wp-content\/uploads\/2018\/06\/KmH-Geschirr-480x270.jpg 480w, https:\/\/awo-fulda.de\/wp-content\/uploads\/2018\/06\/KmH-Geschirr-768x432.jpg 768w, https:\/\/awo-fulda.de\/wp-content\/uploads\/2018\/06\/KmH-Geschirr-640x360.jpg 640w\" sizes=\"auto, (max-width: 1600px) 100vw, 1600px\" \/><\/a><\/td>\r\n<td style=\"width: 339px;\"><a class=\"dt-pswp-item\" href=\"https:\/\/awo-fulda.de\/wp-content\/uploads\/2018\/06\/KmH-Eingang.jpg\" data-dt-img-description=\"\" data-large_image_width=\"1600\" data-large_image_height=\"900\"><img loading=\"lazy\" decoding=\"async\" class=\"alignnone size-full wp-image-16769\" src=\"https:\/\/awo-fulda.de\/wp-content\/uploads\/2018\/06\/KmH-Eingang.jpg\" alt=\"\" width=\"1600\" height=\"900\" srcset=\"https:\/\/awo-fulda.de\/wp-content\/uploads\/2018\/06\/KmH-Eingang.jpg 1600w, https:\/\/awo-fulda.de\/wp-content\/uploads\/2018\/06\/KmH-Eingang-480x270.jpg 480w, https:\/\/awo-fulda.de\/wp-content\/uploads\/2018\/06\/KmH-Eingang-768x432.jpg 768w, https:\/\/awo-fulda.de\/wp-content\/uploads\/2018\/06\/KmH-Eingang-640x360.jpg 640w\" sizes=\"auto, (max-width: 1600px) 100vw, 1600px\" \/><\/a><\/td>\r\n<td style=\"width: 339px;\"><a class=\"dt-pswp-item\" href=\"https:\/\/awo-fulda.de\/wp-content\/uploads\/2018\/06\/KmH-Raum.jpg\" data-dt-img-description=\"\" data-large_image_width=\"1600\" data-large_image_height=\"900\"><img loading=\"lazy\" decoding=\"async\" class=\"alignnone size-full wp-image-16766\" src=\"https:\/\/awo-fulda.de\/wp-content\/uploads\/2018\/06\/KmH-Raum.jpg\" alt=\"\" width=\"1600\" height=\"900\" srcset=\"https:\/\/awo-fulda.de\/wp-content\/uploads\/2018\/06\/KmH-Raum.jpg 1600w, https:\/\/awo-fulda.de\/wp-content\/uploads\/2018\/06\/KmH-Raum-480x270.jpg 480w, https:\/\/awo-fulda.de\/wp-content\/uploads\/2018\/06\/KmH-Raum-768x432.jpg 768w, https:\/\/awo-fulda.de\/wp-content\/uploads\/2018\/06\/KmH-Raum-640x360.jpg 640w\" sizes=\"auto, (max-width: 1600px) 100vw, 1600px\" \/><\/a><\/td>\r\n<\/tr>\r\n<\/tbody>\r\n<\/table>\r\n<p><strong><em>Das KAUFHAUS MIT HERZ <\/em>steht f\u00fcr soziales und \u00f6kologisches Engagement: nachhaltig \u2013 wertvoll \u2013 bewusst.<\/strong><\/p>\r\n<p>Es\u00a0leistet einen wichtigen Beitrag zur Schonung der Ressourcen und zum Erhalt der Umwelt,\u00a0indem gut erhaltene Waren wieder in den Kreislauf der G\u00fcter zur\u00fcckgebracht werden. Das vielseitige und immer wechselnde Warenangebot stellt sich ausschlie\u00dflich aus Spenden der Bev\u00f6lkerung zusammen, wodurch g\u00fcnstige Angebote f\u00fcr breite Bev\u00f6lkerungsschichten m\u00f6glich sind:<\/p>\r\n<ul>\r\n<li>gereinigte Gebrauchtm\u00f6bel<\/li>\r\n<li>Hausger\u00e4te<\/li>\r\n<li>Hausratsgegenst\u00e4nde<\/li>\r\n<li>Spielwaren<\/li>\r\n<li>Unterhaltungselektronik<\/li>\r\n<li>Kleidung und Schuhe.<\/li>\r\n<\/ul>\r\n<p>Ein Aspekt unseres Engagements sind auch die Arbeitsgelegenheiten im <em>KAUFHAUS mit Herz<\/em>. Wir bieten Menschen eine sinnvolle und wertsch\u00f6pfende T\u00e4tigkeit, einen Ort, an dem sie neue Arbeitserfahrungen machen, neue Lebensperspektiven entwickeln und gesellschaftliche Integration erfahren k\u00f6nnen. In Kombination von Training am Arbeitsplatz sowie Qualifizierung werden die Integrations- und Vermittlungsaussichten verbessert.<\/p>\r\n<p><strong><em>Sie wollen das KAUFHAUS MIT HERZ aktiv unterst\u00fctzen?<br \/><\/em><\/strong>Das <em>KAUFHAUS MIT HERZ<\/em> wird vom AWO Kreisverband Fulda gemeinsam mit dem Diakonischen Werk als gemeinn\u00fctziges Projekt ohne Gewinn betrieben. Die Verk\u00e4ufe tragen nat\u00fcrlich zur Finanzierung bei, aber ein Gro\u00dfteil der Mittel zur Deckung der vielf\u00e4ltigen Kosten wie z.B. Miete, Heizung, Personal werden von den Vereinen gemeinsam aufgebracht. Auch Sie k\u00f6nnen zum Gelingen des Projektes einen Beitrag leisten:<\/p>\r\n<ul>\r\n<li>Durch ehrenamtliche T\u00e4tigkeit unterst\u00fctzen Sie MitarbeiterInnen und Kunden.<\/li>\r\n<li>Durch Geldspenden unterst\u00fctzen Sie den dauerhaften Betrieb.<\/li>\r\n<\/ul>\r\n<p><strong><em>Sie wollen gebrauchte M\u00f6bel und Hausrat zur Verf\u00fcgung stellen?<br \/><\/em><\/strong>Angebote gebrauchter M\u00f6bel und Haushaltsger\u00e4te bitte telefonisch anmelden, Sie unterst\u00fctzen unsere Arbeit, in dem Sie uns vorab m\u00f6glichst aussagekr\u00e4ftige Fotos Ihrer M\u00f6belspenden zusenden unter: kaufhaus@awo-fulda.de. Kleinteile k\u00f6nnen jederzeit abgegeben werden.\u00a0Die Mitarbeiter der Spendenannahme entscheiden nach einer ersten Pr\u00fcfung vor Ort, ob wir die Ware annehmen k\u00f6nnen. Alle gespendeten Dinge werden von uns sorgf\u00e4ltig gesichtet, kontrolliert und gegeben falls repariert und aufbereitet.<\/p>\r\n<p><em><strong>Besuchen Sie das KAUFHAUS MIT HERZ!<\/strong><\/em><\/p>\r\n<p>Sie finden uns am Aschenberg in der Einhardstra\u00dfe 56 (Untergeschoss des B\u00fcrgerzentrums). Entdecken Sie die besondere Atmosph\u00e4re unseres Gebrauchtwaren-Kaufhauses!<br \/>Unsere \u00d6ffnungszeiten: Montag bis Freitag von 14:00 Uhr bis 18:00 Uhr, samstags geschlossen.<\/p>\r\n\r\n<p>Es stehen ausreichend Parkpl\u00e4tze zur Verf\u00fcgung. Ein Lieferservice wird nach Vereinbarung ebenfalls angeboten.<\/p>\r\n<p><strong>Hier ist der Link zu unseren aktuellen Angeboten auf ebay: <a href=\"https:\/\/www.ebay-kleinanzeigen.de\/s-bestandsliste.html?userId=48566007\"><span style=\"text-decoration: underline;\"><span style=\"color: #000000; text-decoration: underline;\">www.ebay-kleinanzeigen.de<\/span><\/span><\/a><\/strong><\/p>\r\n<p><strong>Einen visuellen Eindruck vermittelt das <span style=\"text-decoration: underline;\"><a href=\"https:\/\/awo-fulda.de\/impressionen-und-filme\/\"><span style=\"color: #000000; text-decoration: underline;\">Video \u00fcber die Mitmach-F\u00f6rderung durch die Deutsche Fernsehlotterie.<\/span><\/a><\/span><\/strong><\/p>\r\n<p>&nbsp;<\/p>\r\n","protected":false},"excerpt":{"rendered":"<p>Das KAUFHAUS MIT HERZ steht f\u00fcr soziales und \u00f6kologisches Engagement: nachhaltig \u2013 wertvoll \u2013 bewusst. Es\u00a0leistet einen wichtigen Beitrag zur Schonung der Ressourcen und zum Erhalt der Umwelt,\u00a0indem gut erhaltene&hellip;<\/p>\n","protected":false},"author":1,"featured_media":0,"parent":28,"menu_order":0,"comment_status":"closed","ping_status":"closed","template":"","meta":{"_editorskit_title_hidden":false,"_editorskit_reading_time":0,"_editorskit_is_block_options_detached":false,"_editorskit_block_options_position":"{}","footnotes":""},"class_list":["post-90","page","type-page","status-publish","hentry","description-off"],"translation":{"provider":"WPGlobus","version":"3.0.2","language":"ar","enabled_languages":["de","en","fr","ru","ar","tr","fa"],"languages":{"de":{"title":true,"content":true,"excerpt":false},"en":{"title":true,"content":true,"excerpt":false},"fr":{"title":false,"content":false,"excerpt":false},"ru":{"title":false,"content":false,"excerpt":false},"ar":{"title":false,"content":false,"excerpt":false},"tr":{"title":false,"content":false,"excerpt":false},"fa":{"title":false,"content":false,"excerpt":false}}},"_links":{"self":[{"href":"https:\/\/awo-fulda.de\/ar\/wp-json\/wp\/v2\/pages\/90","targetHints":{"allow":["GET"]}}],"collection":[{"href":"https:\/\/awo-fulda.de\/ar\/wp-json\/wp\/v2\/pages"}],"about":[{"href":"https:\/\/awo-fulda.de\/ar\/wp-json\/wp\/v2\/types\/page"}],"author":[{"embeddable":true,"href":"https:\/\/awo-fulda.de\/ar\/wp-json\/wp\/v2\/users\/1"}],"replies":[{"embeddable":true,"href":"https:\/\/awo-fulda.de\/ar\/wp-json\/wp\/v2\/comments?post=90"}],"version-history":[{"count":30,"href":"https:\/\/awo-fulda.de\/ar\/wp-json\/wp\/v2\/pages\/90\/revisions"}],"predecessor-version":[{"id":115157,"href":"https:\/\/awo-fulda.de\/ar\/wp-json\/wp\/v2\/pages\/90\/revisions\/115157"}],"up":[{"embeddable":true,"href":"https:\/\/awo-fulda.de\/ar\/wp-json\/wp\/v2\/pages\/28"}],"wp:attachment":[{"href":"https:\/\/awo-fulda.de\/ar\/wp-json\/wp\/v2\/media?parent=90"}],"curies":[{"name":"wp","href":"https:\/\/api.w.org\/{rel}","templated":true}]}}