{"id":56,"date":"2017-10-23T18:15:29","date_gmt":"2017-10-23T16:15:29","guid":{"rendered":"https:\/\/awo-fulda.de\/?page_id=56"},"modified":"2024-10-29T16:09:06","modified_gmt":"2024-10-29T15:09:06","slug":"kita","status":"publish","type":"page","link":"https:\/\/awo-fulda.de\/ar\/begegnungsstaetten\/kita\/","title":{"rendered":"Kita Wirbelwind"},"content":{"rendered":"<table style=\"height: 34px;\" width=\"1349\">\n<tbody>\n<tr>\n<td style=\"width: 442.333px;\"><a class=\"dt-pswp-item\" href=\"https:\/\/awo-fulda.de\/wp-content\/uploads\/2018\/06\/Kita-M\u00e4dchen.png\" data-dt-img-description=\"\" data-large_image_width=\"1600\" data-large_image_height=\"900\"><img loading=\"lazy\" decoding=\"async\" class=\"alignnone size-medium wp-image-16419\" src=\"https:\/\/awo-fulda.de\/wp-content\/uploads\/2018\/06\/Kita-M\u00e4dchen-480x270.png\" alt=\"\" width=\"480\" height=\"270\" srcset=\"https:\/\/awo-fulda.de\/wp-content\/uploads\/2018\/06\/Kita-M\u00e4dchen-480x270.png 480w, https:\/\/awo-fulda.de\/wp-content\/uploads\/2018\/06\/Kita-M\u00e4dchen-768x432.png 768w, https:\/\/awo-fulda.de\/wp-content\/uploads\/2018\/06\/Kita-M\u00e4dchen-640x360.png 640w, https:\/\/awo-fulda.de\/wp-content\/uploads\/2018\/06\/Kita-M\u00e4dchen.png 1600w\" sizes=\"auto, (max-width: 480px) 100vw, 480px\" \/><\/a><\/td>\n<td style=\"width: 442.333px;\"><a class=\"dt-pswp-item\" href=\"https:\/\/awo-fulda.de\/wp-content\/uploads\/2018\/06\/Kita-barfu\u00df.png\" data-dt-img-description=\"\" data-large_image_width=\"1600\" data-large_image_height=\"900\"><img loading=\"lazy\" decoding=\"async\" class=\"alignnone size-medium wp-image-16370\" src=\"https:\/\/awo-fulda.de\/wp-content\/uploads\/2018\/06\/Kita-barfu\u00df-480x270.png\" alt=\"\" width=\"480\" height=\"270\" srcset=\"https:\/\/awo-fulda.de\/wp-content\/uploads\/2018\/06\/Kita-barfu\u00df-480x270.png 480w, https:\/\/awo-fulda.de\/wp-content\/uploads\/2018\/06\/Kita-barfu\u00df-768x432.png 768w, https:\/\/awo-fulda.de\/wp-content\/uploads\/2018\/06\/Kita-barfu\u00df-640x360.png 640w, https:\/\/awo-fulda.de\/wp-content\/uploads\/2018\/06\/Kita-barfu\u00df.png 1600w\" sizes=\"auto, (max-width: 480px) 100vw, 480px\" \/><\/a><\/td>\n<td style=\"width: 442.333px;\"><a class=\"dt-pswp-item\" href=\"https:\/\/awo-fulda.de\/wp-content\/uploads\/2018\/06\/Kita-H\u00fcte.jpg\" data-dt-img-description=\"\" data-large_image_width=\"1600\" data-large_image_height=\"900\"><img loading=\"lazy\" decoding=\"async\" class=\"alignnone size-medium wp-image-16414\" src=\"https:\/\/awo-fulda.de\/wp-content\/uploads\/2018\/06\/Kita-H\u00fcte-480x270.jpg\" alt=\"\" width=\"480\" height=\"270\" srcset=\"https:\/\/awo-fulda.de\/wp-content\/uploads\/2018\/06\/Kita-H\u00fcte-480x270.jpg 480w, https:\/\/awo-fulda.de\/wp-content\/uploads\/2018\/06\/Kita-H\u00fcte-768x432.jpg 768w, https:\/\/awo-fulda.de\/wp-content\/uploads\/2018\/06\/Kita-H\u00fcte-640x360.jpg 640w, https:\/\/awo-fulda.de\/wp-content\/uploads\/2018\/06\/Kita-H\u00fcte.jpg 1600w\" sizes=\"auto, (max-width: 480px) 100vw, 480px\" \/><\/a><\/td>\n<\/tr>\n<\/tbody>\n<\/table>\n<p>Die Kita hat derzeit 75 Betreuungspl\u00e4tze, die sich auf drei Gruppen (Schmetterlinge, Igelkinder und Regenbogengruppe) verteilen. Die Gruppen \u201cSchmetterlinge\u201d und \u201cIgelkinder\u201d sind f\u00fcr Kinder im Alter von 3 bis 5 Jahren. Die Regenbogengruppe ist eine Gruppe f\u00fcr die Vorschulkinder bzw. \u00e4ltere Kinder ab 5 Jahren, die eine intensive Lern- und Sprachf\u00f6rderung in Hinsicht auf die Schulvorbereitung erhalten. Dies erfolgt in Form von unterschiedlichen p\u00e4dagogischen Angeboten in der Gruppe, t\u00e4glicher Sprachf\u00f6rderung in Zweiergruppen (bzw. im Einzelsetting) mit unserer internen Sprachf\u00f6rderkraft sowie auch Vorlaufkursen mit den externen Grundschullehrern.<\/p>\n<p>Jede Gruppe unserer Einrichtung verf\u00fcgt \u00fcber einen liebevoll gestalteten Gruppenraum mit individuellem Charakter, der jeweils in verschiedene Spielbereiche aufgeteilt ist (bauen \u2013 lesen \u2013 kuscheln \u2013 malen \u2013 kreativ sein). Au\u00dferdem gibt es einen Raum zur Kleingruppenf\u00f6rderung, der zur Sprach- und Vorschulf\u00f6rderung genutzt wird. Dazu kommt ein gem\u00fctlicher Schlafraum mit eigenen Matratzen f\u00fcr die Kinder. Um dem gro\u00dfen Bewegungsbed\u00fcrfnis der Kinder gerecht zu werden, nutzen wir regelm\u00e4\u00dfig unseren Turnraum. Auf dem gro\u00dfen Freigel\u00e4nde befinden sich Spielger\u00e4te und Sandecke. Mit vielen B\u00e4umen, Wiesen, Kletter- und Rutschm\u00f6glichkeiten gibt es auch hier viel Platz f\u00fcr unsere M\u00e4dchen und Jungen ihren Bewegungsdrang nachzugehen oder sich zur\u00fcckzuziehen. Zus\u00e4tzlich verf\u00fcgen wir \u00fcber zwei Toiletten- und Waschr\u00e4ume, einen Wickelraum, eine K\u00fcche und einen Personalraum.<\/p>\n<p>Die AWO Kindertagest\u00e4tte Wirbelwind hat von Montag bis Freitag von 7.15 bis 16.30 Uhr ge\u00f6ffnet. Folgende Betreuungsmodule bieten wir an:<\/p>\n<table width=\"100%\">\n<tbody>\n<tr>\n<td width=\"31%\">vormittags<\/td>\n<td width=\"66%\">von 07:15 Uhr bis 12:30 Uhr<\/td>\n<\/tr>\n<tr>\n<td width=\"31%\">vormittags und mittags<\/td>\n<td width=\"66%\">von 07:15 Uhr bis 13.30 Uhr<\/td>\n<\/tr>\n<tr>\n<td width=\"31%\">ganztags<\/td>\n<td width=\"66%\">von 07.15 Uhr bis 16.30 Uhr<\/td>\n<\/tr>\n<\/tbody>\n<\/table>\n<p>Die individuellen Betreuungszeiten eines Kindes werden im Betreuungsvertrag vereinbart. F\u00fcr alle Kinder, die l\u00e4nger als bis 12.30 Uhr die Einrichtung besuchen, wird das warme Mittagessen angeboten.<\/p>\n<p>Mit dem Eintritt in den Kindergarten beginnt eine Zeit, die mit vielen Ver\u00e4nderungen in Ihrem Familienalltag verbunden ist. Damit der \u00dcbergang von der Familie in den Kindergarten gelingt, ist eine gut gestaltete Eingew\u00f6hnung die Grundvoraussetzung. Es ist wichtig, dass die Bezugspersonen Zeit einplanen, um die Kinder an die KiTa zu gew\u00f6hnen.<\/p>\n<p>Unser Team setzt sich aus verschiedenen p\u00e4dagogischen Fachkr\u00e4ften zusammen: staatlich anerkannte ErzieherInnen, Sozialp\u00e4dagogInnen und eine Grundschullehrerin. Einige MitarbeiterInnen verf\u00fcgen \u00fcber diverse Zusatzqualifikationen und interkulturelle Kompetenzen. Dabei haben alle MitarbeiterInnen ihre eigenen Berufs- und Lebenserfahrungen, Vorlieben und F\u00e4higkeiten, welche sie durch gegenseitigen Austausch und Absprachen zum Wohle der Kinder einbringen.<\/p>\n<p>F\u00fcr unsere Kinder ist der Kindergarten ein t\u00e4glicher Lebensraum in dem sie spielen, essen, mit Freunden zusammen sind, sich streiten und wieder vertragen oder sich einen Ort zum Allein sein suchen. Es ist uns in unserer p\u00e4dagogischen Arbeit sehr wichtig, den Bed\u00fcrfnissen und Interessen der Kinder gerecht zu werden und ihnen Freir\u00e4ume f\u00fcr Erfahrungen zu bieten.<\/p>\n<ul>\n<li>Mit den Eltern sehen wir uns gemeinsam verantwortlich, das Kind auf dem Weg zu einer eigenverantwortlichen und gemeinschaftsf\u00e4higen Pers\u00f6nlichkeit zu begleiten.<\/li>\n<li>Wir sehen das Kind mit all seinen St\u00e4rken und gehen individuell auf seine Bed\u00fcrfnisse ein. Dabei ist jedes Kind f\u00fcr uns wertvoll und einzigartig, egal welcher Herkunft, Nationalit\u00e4t oder Religion.<\/li>\n<li>Wir begreifen die Kinder in ihrer Lebenssituation und ihren sozialen Bez\u00fcgen und richten unsere p\u00e4dagogische Arbeit danach aus. W\u00e4hrend der gesamten Kindergartenzeit entwickeln die Kinder durch freie und angeleitete Angebote verschiedene F\u00e4higkeiten.<\/li>\n<li>Unser Schwerpunkt liegt auf der F\u00f6rderung der sprachlichen F\u00e4higkeiten der Kinder, daher bieten wir t\u00e4glich eine Sprachf\u00f6rderung in Kleingruppen an, in der individuell auf den Entwicklungsstand der Kinder eingegangen und an ihn angekn\u00fcpft wird.<\/li>\n<li>Um die Kinder auch in den anderen Bereichen gut auf ihren weiteren Bildungsweg vorzubereiten, bieten wir ebenfalls t\u00e4glich eine Vorschulf\u00f6rderung in Kleingruppen an. Lerninhalte in der Vorschularbeit vermitteln wir auf spielerische Art und Weise, so dass die Freude am Lernen aufgebaut wird.<\/li>\n<li>Unsere Arbeit orientiert sich am hessischen Bildungs- und Erziehungsplan.<\/li>\n<\/ul>\n<p>Die Kinder werden an Planungen und Entscheidungen in vielen Angelegenheiten, die das eigene Leben und das Zusammenleben in der Gemeinschaft betreffen, entwicklungsentsprechend beteiligt.<\/p>\n<p>Wir f\u00fchlen uns verantwortlich, das Kind durch verl\u00e4ssliche Beziehungen und ein anregungsreiches Umfeld in seinem Streben nach Autonomie und Weiterentwicklung kontinuierlich zu unterst\u00fctzen!<\/p>\n<p style=\"text-align: center;\"><span style=\"font-size: 16px;\"><strong>Neuaufnahmen<\/strong><\/span><\/p>\n<p>Im Sommer 2025 werden voraussichtlich 20 Kinder eingeschult. Verlassen Kinder den Kindergarten, werden die frei gewordenen Pl\u00e4tze schnellstm\u00f6glich wieder belegt. \u00dcber das Elternprotal der Stadt Fulda (abrufbar unter: <a href=\"https:\/\/kinderbetreuung-fulda.little-bird.de\/\">https:\/\/kinderbetreuung-fulda.little-bird.de\/<\/a>) k\u00f6nnen Sie sich \u00fcber freie Kapazit\u00e4ten informieren und f\u00fcr Betreuungseinrichtungen vormerken lassen.<\/p>\n<p style=\"text-align: center;\"><strong>Konzept<\/strong><\/p>\n<p>Nachfolgend k\u00f6nnen Sie das vollst\u00e4ndige Konzept unserer Kindertagesst\u00e4tte einsehen (<strong>bitte unten anklicken<\/strong>):<\/p>\n<p style=\"text-align: center;\"><div class=\"_3d-flip-book  fb3d-thumbnail-lightbox-mode\" data-id=\"0\" data-mode=\"thumbnail-lightbox\" data-title=\"false\" data-template=\"short-white-book-view\" data-lightbox=\"dark-shadow\" data-urlparam=\"fb3d-page\" data-page-n=\"0\" data-pdf=\"https:\/\/awo-fulda.de\/wp-content\/uploads\/2024\/10\/Konzept-Wirbelwind-ueberarbeitet-2024.pdf\" data-tax=\"null\" data-thumbnail=\"\" data-cols=\"3\" data-book-template=\"default\" data-trigger=\"\"><\/div>\n\n","protected":false},"excerpt":{"rendered":"<p>Die Kita hat derzeit 75 Betreuungspl\u00e4tze, die sich auf drei Gruppen (Schmetterlinge, Igelkinder und Regenbogengruppe) verteilen. Die Gruppen \u201cSchmetterlinge\u201d und \u201cIgelkinder\u201d sind f\u00fcr Kinder im Alter von 3 bis 5&hellip;<\/p>\n","protected":false},"author":1,"featured_media":0,"parent":92,"menu_order":0,"comment_status":"closed","ping_status":"closed","template":"","meta":{"_editorskit_title_hidden":false,"_editorskit_reading_time":0,"_editorskit_is_block_options_detached":false,"_editorskit_block_options_position":"{}","footnotes":""},"class_list":["post-56","page","type-page","status-publish","hentry","description-off"],"translation":{"provider":"WPGlobus","version":"3.0.2","language":"ar","enabled_languages":["de","en","fr","ru","ar","tr","fa"],"languages":{"de":{"title":true,"content":true,"excerpt":false},"en":{"title":false,"content":false,"excerpt":false},"fr":{"title":false,"content":false,"excerpt":false},"ru":{"title":false,"content":false,"excerpt":false},"ar":{"title":false,"content":false,"excerpt":false},"tr":{"title":false,"content":false,"excerpt":false},"fa":{"title":false,"content":false,"excerpt":false}}},"_links":{"self":[{"href":"https:\/\/awo-fulda.de\/ar\/wp-json\/wp\/v2\/pages\/56","targetHints":{"allow":["GET"]}}],"collection":[{"href":"https:\/\/awo-fulda.de\/ar\/wp-json\/wp\/v2\/pages"}],"about":[{"href":"https:\/\/awo-fulda.de\/ar\/wp-json\/wp\/v2\/types\/page"}],"author":[{"embeddable":true,"href":"https:\/\/awo-fulda.de\/ar\/wp-json\/wp\/v2\/users\/1"}],"replies":[{"embeddable":true,"href":"https:\/\/awo-fulda.de\/ar\/wp-json\/wp\/v2\/comments?post=56"}],"version-history":[{"count":26,"href":"https:\/\/awo-fulda.de\/ar\/wp-json\/wp\/v2\/pages\/56\/revisions"}],"predecessor-version":[{"id":135938,"href":"https:\/\/awo-fulda.de\/ar\/wp-json\/wp\/v2\/pages\/56\/revisions\/135938"}],"up":[{"embeddable":true,"href":"https:\/\/awo-fulda.de\/ar\/wp-json\/wp\/v2\/pages\/92"}],"wp:attachment":[{"href":"https:\/\/awo-fulda.de\/ar\/wp-json\/wp\/v2\/media?parent=56"}],"curies":[{"name":"wp","href":"https:\/\/api.w.org\/{rel}","templated":true}]}}