{"id":472,"date":"2018-01-23T12:59:29","date_gmt":"2018-01-23T11:59:29","guid":{"rendered":"https:\/\/awo-fulda.de\/?page_id=472"},"modified":"2023-06-12T21:55:08","modified_gmt":"2023-06-12T19:55:08","slug":"leitbild","status":"publish","type":"page","link":"https:\/\/awo-fulda.de\/ar\/wir-ueber-uns\/leitbild\/","title":{"rendered":"{:de}Leitbild &#8211; Werte &#8211; Nachhaltigkeit"},"content":{"rendered":"<table style=\"height: 81px; width: 100%;\" width=\"1020\">\n<tbody>\n<tr>\n<td style=\"width: 33.0208%;\"><img loading=\"lazy\" decoding=\"async\" class=\"alignnone size-medium wp-image-15279\" src=\"https:\/\/awo-fulda.de\/wp-content\/uploads\/2018\/05\/x5-zwei-awo-schirme-480x270.jpg\" alt=\"\" width=\"480\" height=\"270\" srcset=\"https:\/\/awo-fulda.de\/wp-content\/uploads\/2018\/05\/x5-zwei-awo-schirme-480x270.jpg 480w, https:\/\/awo-fulda.de\/wp-content\/uploads\/2018\/05\/x5-zwei-awo-schirme-768x432.jpg 768w, https:\/\/awo-fulda.de\/wp-content\/uploads\/2018\/05\/x5-zwei-awo-schirme-640x360.jpg 640w, https:\/\/awo-fulda.de\/wp-content\/uploads\/2018\/05\/x5-zwei-awo-schirme.jpg 1600w\" sizes=\"auto, (max-width: 480px) 100vw, 480px\" \/><\/td>\n<td style=\"width: 33.0208%;\">\n<h1><img loading=\"lazy\" decoding=\"async\" class=\"wp-image-470 aligncenter\" src=\"https:\/\/awo-fulda.de\/wp-content\/uploads\/2018\/01\/100-Jahre-AWO.png\" alt=\"\" width=\"277\" height=\"144\" \/><\/h1>\n<\/td>\n<td style=\"width: 33.0208%;\"><img loading=\"lazy\" decoding=\"async\" class=\"alignnone size-medium wp-image-15453\" src=\"https:\/\/awo-fulda.de\/wp-content\/uploads\/2018\/05\/Rassismusbutton-480x270.jpg\" alt=\"\" width=\"480\" height=\"270\" srcset=\"https:\/\/awo-fulda.de\/wp-content\/uploads\/2018\/05\/Rassismusbutton-480x270.jpg 480w, https:\/\/awo-fulda.de\/wp-content\/uploads\/2018\/05\/Rassismusbutton-768x432.jpg 768w, https:\/\/awo-fulda.de\/wp-content\/uploads\/2018\/05\/Rassismusbutton-640x360.jpg 640w, https:\/\/awo-fulda.de\/wp-content\/uploads\/2018\/05\/Rassismusbutton.jpg 1600w\" sizes=\"auto, (max-width: 480px) 100vw, 480px\" \/><\/td>\n<\/tr>\n<\/tbody>\n<\/table>\n<div class=\"field field-name-body field-type-text-with-summary field-label-hidden\">\n<div class=\"field-items\">\n<div class=\"field-item even\"><iframe loading=\"lazy\" title=\"YouTube video player\" src=\"https:\/\/www.youtube-nocookie.com\/embed\/7jk9SuvCB_s\" width=\"560\" height=\"315\" frameborder=\"0\" allowfullscreen=\"allowfullscreen\"><\/iframe><\/div>\n<div class=\"wp-block-spacer\" style=\"height: 20px;\" aria-hidden=\"true\"><\/div>\n<div class=\"field-item even\">\n<div class=\"wp-block-spacer\" style=\"height: 10px;\" aria-hidden=\"true\"><\/div>\n<p><strong><span style=\"font-size: 20px;\">Die Arbeiterwohlfahrt ist \u00fcber 100 Jahre alt &#8211; unsere Arbeit damals wie heute unverzichtbar.<\/span><\/strong><\/p>\n<p>Leits\u00e4tze und Leitbild sind die Grundlage f\u00fcr unser Handeln. Sie kennzeichnen Ziele, Aufgabenverst\u00e4ndnis und Methoden der Arbeit. In einem <a href=\"https:\/\/www.awo.org\/neues-grundsatzprogramm-der-awo\">Grundsatzprogramm <\/a>wurde die strategische Ausrichtung festgelegt. Wir vom Kreisverband Fulda f\u00fchlen uns diesen Werten verpflichtet:<\/p>\n<div class=\"wp-block-spacer\" style=\"height: 20px;\" aria-hidden=\"true\"><\/div>\n<h4><span style=\"color: #b32020;\"><strong>Freiheit &#8211; <\/strong><strong>Gleichheit &#8211; <\/strong><strong>Gerechtigkeit &#8211; <\/strong><strong>Solidarit\u00e4t &#8211; <\/strong><strong>Toleranz<\/strong><\/span><\/h4>\n<\/div>\n<\/div>\n<div class=\"field-items\">\n<div class=\"field-item even\">\n<div class=\"field field-inhalt field__items\">\n<div class=\"aio-icon-component vc_custom_1530270907045 style_1\">\n<div id=\"Info-box-wrap-9998\" class=\"aio-icon-box left-icon\">\n<div class=\"aio-ibd-block\">\n<div class=\"aio-icon-description ult-responsive\" data-ultimate-target=\"#Info-box-wrap-9998 .aio-icon-description\" data-responsive-json-new=\"{&quot;font-size&quot;:&quot;&quot;,&quot;line-height&quot;:&quot;&quot;}\">\u2665 Wir praktizieren Solidarit\u00e4t und st\u00e4rken die Verantwortung der Menschen f\u00fcr die Gemeinschaft.<\/div>\n<\/div>\n<\/div>\n<\/div>\n<div class=\"aio-icon-component vc_custom_1530270941001 style_1\">\n<div id=\"Info-box-wrap-1339\" class=\"aio-icon-box left-icon\">\n<div class=\"aio-icon-left\">\n<div class=\"ult-just-icon-wrapper \">\n<div class=\"align-icon\">\n<div class=\"aio-icon circle \"><\/div>\n<\/div>\n<\/div>\n<\/div>\n<div class=\"aio-ibd-block\">\n<div class=\"aio-icon-description ult-responsive\" data-ultimate-target=\"#Info-box-wrap-1339 .aio-icon-description\" data-responsive-json-new=\"{&quot;font-size&quot;:&quot;&quot;,&quot;line-height&quot;:&quot;&quot;}\">\u2665 Wir unterst\u00fctzen Menschen, ihr Leben in allen Lebensphasen eigenst\u00e4ndig und verantwortlich zu gestalten und f\u00f6rdern alternative Lebenskonzepte.<\/div>\n<\/div>\n<\/div>\n<\/div>\n<div class=\"aio-icon-component vc_custom_1530270954560 style_1\">\n<div id=\"Info-box-wrap-2905\" class=\"aio-icon-box left-icon\">\n<div class=\"aio-icon-left\">\n<div class=\"ult-just-icon-wrapper \">\n<div class=\"align-icon\">\n<div class=\"aio-icon circle \"><\/div>\n<\/div>\n<\/div>\n<\/div>\n<div class=\"aio-ibd-block\">\n<div class=\"aio-icon-description ult-responsive\" data-ultimate-target=\"#Info-box-wrap-2905 .aio-icon-description\" data-responsive-json-new=\"{&quot;font-size&quot;:&quot;&quot;,&quot;line-height&quot;:&quot;&quot;}\">\u2665 Wir bieten soziale Dienstleistungen mit hoher Qualit\u00e4t f\u00fcr alle an.<\/div>\n<\/div>\n<\/div>\n<\/div>\n<div class=\"aio-icon-component vc_custom_1530270995283 style_1\">\n<div id=\"Info-box-wrap-1752\" class=\"aio-icon-box left-icon\">\n<div class=\"aio-icon-left\">\n<div class=\"ult-just-icon-wrapper \">\n<div class=\"align-icon\">\n<div class=\"aio-icon circle \"><\/div>\n<\/div>\n<\/div>\n<\/div>\n<div class=\"aio-ibd-block\">\n<div class=\"aio-icon-description ult-responsive\" data-ultimate-target=\"#Info-box-wrap-1752 .aio-icon-description\" data-responsive-json-new=\"{&quot;font-size&quot;:&quot;&quot;,&quot;line-height&quot;:&quot;&quot;}\">\u2665 Wir sind fachlich kompetent, innovativ, verl\u00e4sslich und sichern dies durch unsere ehren- und hauptamtlichen Mitarbeiterinnen und Mitarbeiter.<\/div>\n<\/div>\n<\/div>\n<\/div>\n<div class=\"aio-icon-component vc_custom_1530271005977 style_1\">\n<div id=\"Info-box-wrap-3383\" class=\"aio-icon-box left-icon\">\n<div class=\"aio-icon-left\">\n<div class=\"ult-just-icon-wrapper \">\n<div class=\"align-icon\">\n<div class=\"aio-icon circle \"><\/div>\n<\/div>\n<\/div>\n<\/div>\n<div class=\"aio-ibd-block\">\n<div class=\"aio-icon-description ult-responsive\" data-ultimate-target=\"#Info-box-wrap-3383 .aio-icon-description\" data-responsive-json-new=\"{&quot;font-size&quot;:&quot;&quot;,&quot;line-height&quot;:&quot;&quot;}\">\u2665 Wir wahren die Unabh\u00e4ngigkeit und Eigenst\u00e4ndigkeit unseres Verbandes; wir gew\u00e4hrleisten Transparenz und Kontrolle unserer Arbeit.<\/div>\n<\/div>\n<\/div>\n<\/div>\n<div class=\"aio-icon-component vc_custom_1530271018455 style_1\">\n<div id=\"Info-box-wrap-6003\" class=\"aio-icon-box left-icon\">\n<div class=\"aio-icon-left\">\n<div class=\"ult-just-icon-wrapper \">\n<div class=\"align-icon\">\n<div class=\"aio-icon circle \"><\/div>\n<\/div>\n<\/div>\n<\/div>\n<div class=\"aio-ibd-block\">\n<div class=\"aio-icon-description ult-responsive\" data-ultimate-target=\"#Info-box-wrap-6003 .aio-icon-description\" data-responsive-json-new=\"{&quot;font-size&quot;:&quot;&quot;,&quot;line-height&quot;:&quot;&quot;}\">\u2665 Wir arbeiten eng mit den regionalen Akteuren am Aus- und Weiterbildungsmarkt zusammen, um Menschen eine sinnvolle und erf\u00fcllende Teilhabe am Arbeitsleben zu erm\u00f6glichen.<\/div>\n<\/div>\n<\/div>\n<\/div>\n<div class=\"aio-icon-component vc_custom_1530271037464 style_1\">\n<div id=\"Info-box-wrap-5276\" class=\"aio-icon-box left-icon\">\n<div class=\"aio-icon-left\">\n<div class=\"ult-just-icon-wrapper \">\n<div class=\"align-icon\">\n<div class=\"aio-icon circle \"><\/div>\n<\/div>\n<\/div>\n<\/div>\n<div class=\"aio-ibd-block\">\n<div class=\"aio-icon-description ult-responsive\" data-ultimate-target=\"#Info-box-wrap-5276 .aio-icon-description\" data-responsive-json-new=\"{&quot;font-size&quot;:&quot;&quot;,&quot;line-height&quot;:&quot;&quot;}\">\u2665 Wir handeln in sozialer, wirtschaftlicher, \u00f6kologischer und internationaler Verantwortung und setzen uns nachhaltig f\u00fcr einen sorgsamen Umgang mit vorhandenen Ressourcen ein..<\/div>\n<\/div>\n<\/div>\n<\/div>\n<div class=\"aio-icon-component vc_custom_1530271051450 style_1\">\n<div id=\"Info-box-wrap-3232\" class=\"aio-icon-box left-icon\">\n<div class=\"aio-icon-left\">\n<div class=\"ult-just-icon-wrapper \">\n<div class=\"align-icon\">\n<div class=\"aio-icon circle \"><\/div>\n<\/div>\n<\/div>\n<\/div>\n<div class=\"aio-ibd-block\">\n<div class=\"aio-icon-description ult-responsive\" data-ultimate-target=\"#Info-box-wrap-3232 .aio-icon-description\" data-responsive-json-new=\"{&quot;font-size&quot;:&quot;&quot;,&quot;line-height&quot;:&quot;&quot;}\">\u2665 Freiheit bedeutet f\u00fcr uns nicht nur Freiheit von Not und entw\u00fcrdigender Abh\u00e4ngigkeit. Um frei zu leben, muss man \u00fcber Einkommen und Bildung verf\u00fcgen. Nur dann kann man sich gesellschaftlich einbringen und seine Rechte nutzen.<\/div>\n<\/div>\n<\/div>\n<\/div>\n<div class=\"aio-icon-component vc_custom_1617897490590 style_1\">\n<div id=\"Info-box-wrap-4639\" class=\"aio-icon-box left-icon\">\n<div class=\"aio-icon-left\">\n<div class=\"ult-just-icon-wrapper \">\n<div class=\"align-icon\">\n<div class=\"aio-icon circle \"><\/div>\n<\/div>\n<\/div>\n<\/div>\n<div class=\"aio-ibd-block\">\n<div class=\"aio-icon-description ult-responsive\" data-ultimate-target=\"#Info-box-wrap-4639 .aio-icon-description\" data-responsive-json-new=\"{&quot;font-size&quot;:&quot;&quot;,&quot;line-height&quot;:&quot;&quot;}\">\u2665 Wir haben gesellschaftliche Visionen.<\/div>\n<\/div>\n<\/div>\n<\/div>\n<div data-ultimate-target=\"#Info-box-wrap-4639 .aio-icon-description\" data-responsive-json-new=\"{&quot;font-size&quot;:&quot;&quot;,&quot;line-height&quot;:&quot;&quot;}\"><\/div>\n<\/div>\n<\/div>\n<div data-ultimate-target=\"#Info-box-wrap-4639 .aio-icon-description\" data-responsive-json-new=\"{&quot;font-size&quot;:&quot;&quot;,&quot;line-height&quot;:&quot;&quot;}\"><\/div>\n<div class=\"field-item even\">\n<div class=\"field field-inhalt field__items\">\n<div class=\"aio-icon-component vc_custom_1617897490590 style_1\">\n<div id=\"Info-box-wrap-4639\" class=\"aio-icon-box left-icon\">\n<div class=\"wp-block-spacer\" style=\"height: 10px;\" aria-hidden=\"true\"><\/div>\n<h4><span style=\"color: #b32020;\">Nachhaltigkeit ist f\u00fcr uns ebenfalls ein wichtiges Thema<\/span><\/h4>\n<div class=\"field field-name-body field-type-text-with-summary field-label-hidden\">\n<div class=\"field-items\">\n<div class=\"field-item even\">\n<div class=\"field field-inhalt field__items\">\n<table style=\"border-collapse: collapse; width: 100%;\">\n<tbody>\n<tr>\n<td style=\"width: 50%; vertical-align: top;\"><strong>Die Agenda 2030 f\u00fcr nachhaltige Entwicklung<\/strong> der Vereinten Nationen verpflichtet alle Staaten der Welt dazu, den Hunger zu beenden, allen ein gesundes Leben zu erm\u00f6glichen, menschenw\u00fcrdige Arbeit zu f\u00f6rdern und dem Klimawandel entgegenzutreten. Als Arbeiterwohlfahrt streiten wir schon immer f\u00fcr eine solidarische und gerechte Gesellschaft und sind fest mit dem Gedanken der internationalen Solidarit\u00e4t verbunden. Deshalb unterst\u00fctzen wir die Verwirklichung der 17 Ziele f\u00fcr nachhaltige Entwicklung politisch und im Verband. Mit unserer Arbeit tragen wir zum sozialen und \u00f6kologischen Wandel bei.<\/p>\n<p>Weiteres dazu finden Sie hier: <a href=\"https:\/\/wirarbeitendran.awo.org\/mitmachen\">Wir arbeiten dran<\/a> und au\u00dferdem gibt es ein <a href=\"https:\/\/www.youtube.com\/watch?v=mkwKVP2XcEQ\">Videostatement von Brigitte D\u00f6cker<\/a> (Mitglied des AWO Bundesvorstandes).<\/td>\n<td style=\"width: 50%;\"><a class=\"dt-pswp-item\" href=\"https:\/\/awo-fulda.de\/wp-content\/uploads\/2022\/01\/AWO_Leitsaetze-Icons.png\" data-dt-img-description=\"\" data-large_image_width=\"621\" data-large_image_height=\"869\"><img loading=\"lazy\" decoding=\"async\" class=\"alignleft wp-image-103369 size-full\" src=\"https:\/\/awo-fulda.de\/wp-content\/uploads\/2022\/01\/AWO_Leitsaetze-Icons.png\" alt=\"\" width=\"621\" height=\"869\" srcset=\"https:\/\/awo-fulda.de\/wp-content\/uploads\/2022\/01\/AWO_Leitsaetze-Icons.png 621w, https:\/\/awo-fulda.de\/wp-content\/uploads\/2022\/01\/AWO_Leitsaetze-Icons-343x480.png 343w, https:\/\/awo-fulda.de\/wp-content\/uploads\/2022\/01\/AWO_Leitsaetze-Icons-457x640.png 457w\" sizes=\"auto, (max-width: 621px) 100vw, 621px\" \/><\/a><\/td>\n<\/tr>\n<\/tbody>\n<\/table>\n<\/div>\n<\/div>\n<div class=\"field field-inhalt field__items\">\n<div class=\"paragraph inhalt-fliesstext paragraph--view-mode--default\"><\/div>\n<\/div>\n<\/div>\n<\/div>\n<\/div>\n<\/div>\n<\/div>\n<\/div>\n<\/div>\n<\/div>\n","protected":false},"excerpt":{"rendered":"<p>Die Arbeiterwohlfahrt ist \u00fcber 100 Jahre alt &#8211; unsere Arbeit damals wie heute unverzichtbar. Leits\u00e4tze und Leitbild sind die Grundlage f\u00fcr unser Handeln. Sie kennzeichnen Ziele, Aufgabenverst\u00e4ndnis und Methoden der&hellip;<\/p>\n","protected":false},"author":6,"featured_media":0,"parent":110,"menu_order":0,"comment_status":"closed","ping_status":"closed","template":"","meta":{"_editorskit_title_hidden":false,"_editorskit_reading_time":0,"_editorskit_is_block_options_detached":false,"_editorskit_block_options_position":"{}","footnotes":""},"class_list":["post-472","page","type-page","status-publish","hentry","description-off"],"translation":{"provider":"WPGlobus","version":"3.0.2","language":"ar","enabled_languages":["de","en","fr","ru","ar","tr","fa"],"languages":{"de":{"title":true,"content":true,"excerpt":false},"en":{"title":true,"content":true,"excerpt":false},"fr":{"title":false,"content":false,"excerpt":false},"ru":{"title":false,"content":false,"excerpt":false},"ar":{"title":false,"content":false,"excerpt":false},"tr":{"title":false,"content":false,"excerpt":false},"fa":{"title":false,"content":false,"excerpt":false}}},"_links":{"self":[{"href":"https:\/\/awo-fulda.de\/ar\/wp-json\/wp\/v2\/pages\/472","targetHints":{"allow":["GET"]}}],"collection":[{"href":"https:\/\/awo-fulda.de\/ar\/wp-json\/wp\/v2\/pages"}],"about":[{"href":"https:\/\/awo-fulda.de\/ar\/wp-json\/wp\/v2\/types\/page"}],"author":[{"embeddable":true,"href":"https:\/\/awo-fulda.de\/ar\/wp-json\/wp\/v2\/users\/6"}],"replies":[{"embeddable":true,"href":"https:\/\/awo-fulda.de\/ar\/wp-json\/wp\/v2\/comments?post=472"}],"version-history":[{"count":54,"href":"https:\/\/awo-fulda.de\/ar\/wp-json\/wp\/v2\/pages\/472\/revisions"}],"predecessor-version":[{"id":124075,"href":"https:\/\/awo-fulda.de\/ar\/wp-json\/wp\/v2\/pages\/472\/revisions\/124075"}],"up":[{"embeddable":true,"href":"https:\/\/awo-fulda.de\/ar\/wp-json\/wp\/v2\/pages\/110"}],"wp:attachment":[{"href":"https:\/\/awo-fulda.de\/ar\/wp-json\/wp\/v2\/media?parent=472"}],"curies":[{"name":"wp","href":"https:\/\/api.w.org\/{rel}","templated":true}]}}