{"id":28,"date":"2017-10-20T14:38:26","date_gmt":"2017-10-20T12:38:26","guid":{"rendered":"https:\/\/awo-fulda.de\/?page_id=28"},"modified":"2022-10-03T21:08:40","modified_gmt":"2022-10-03T19:08:40","slug":"arbeit-bildung","status":"publish","type":"page","link":"https:\/\/awo-fulda.de\/ar\/arbeit-bildung\/","title":{"rendered":"Arbeit &#038; Bildung"},"content":{"rendered":"\n<h3 class=\"wp-block-heading\"><strong>Die Zukunft im Blick haben.<\/strong><\/h3>\n\n\n\n<p>Der AWO Kreisverband Fulda unterst\u00fctzte seit vielen Jahren Menschen dabei, einen guten Weg aus der Arbeitslosigkeit zu finden.<\/p>\n\n\n\n<ul class=\"wp-block-list\"><li>Wir helfen jungen Menschen und M\u00fcttern mit Migrationshintergrund dabei, ihren Weg in die Zukunft zu erkennen, ihre eigenen St\u00e4rken zu entdecken, Selbstbewusstsein zu finden \u2013 um dann gest\u00e4rkt den Weg zu der Aufnahme einer Arbeitsstelle oder einer Ausbildung aufzunehmen.<\/li><li>Wir unterst\u00fctzen und begleiten dabei, wenn die Bew\u00e4ltigung ihrer aktuellen Lebenssituation eine professionelle Beratung oder Unterst\u00fctzung n\u00f6tig macht.<\/li><li>Wir bieten die M\u00f6glichkeiten \u00fcber praktische T\u00e4tigkeiten wie Arbeitsgelegenheiten, Bundesfreiwilligendienst, Praktika uvm. einen ersten Einstieg in eine regelm\u00e4\u00dfige Besch\u00e4ftigung zu finden.<\/li><\/ul>\n\n\n\n<p>Unser Engagement in diesem Bereich findet sich in einer Aussage wieder, die Galileo Galilei zugeschrieben wird:<\/p>\n\n\n\n<p><em>&#8220;Man kann einen Menschen nichts lehren, man kann ihm nur helfen, es in sich selbst zu entdecken.&#8221;<\/em><\/p>\n\n\n\n<div class=\"wp-block-columns is-layout-flex wp-container-core-columns-is-layout-9d6595d7 wp-block-columns-is-layout-flex\">\n<div class=\"wp-block-column is-layout-flow wp-block-column-is-layout-flow\">\n<div class=\"wp-block-cover has-background-dim ek-linked-block\" style=\"min-height:390px;aspect-ratio:unset;\"><img loading=\"lazy\" decoding=\"async\" width=\"1600\" height=\"900\" class=\"wp-block-cover__image-background wp-image-15234\" alt=\"\" src=\"https:\/\/awo-fulda.de\/wp-content\/uploads\/2018\/05\/LB3.jpg\" data-object-fit=\"cover\" srcset=\"https:\/\/awo-fulda.de\/wp-content\/uploads\/2018\/05\/LB3.jpg 1600w, https:\/\/awo-fulda.de\/wp-content\/uploads\/2018\/05\/LB3-480x270.jpg 480w, https:\/\/awo-fulda.de\/wp-content\/uploads\/2018\/05\/LB3-768x432.jpg 768w, https:\/\/awo-fulda.de\/wp-content\/uploads\/2018\/05\/LB3-640x360.jpg 640w\" sizes=\"auto, (max-width: 1600px) 100vw, 1600px\" \/><div class=\"wp-block-cover__inner-container is-layout-flow wp-block-cover-is-layout-flow\">\n<p class=\"has-text-align-center\" style=\"font-size:24px\"><strong>Qualifizierungsma\u00dfnahme Lohn und Brot\/Artemis<\/strong><\/p>\n<\/div><a href=\"https:\/\/awo-fulda.de\/arbeit-bildung\/qualifizierungsmassnahme-lohn-und-brot-artemis\/\" class=\"editorskit-block-link\" rel=\"\"><\/a><\/div>\n<\/div>\n\n\n\n<div class=\"wp-block-column is-layout-flow wp-block-column-is-layout-flow\">\n<div class=\"wp-block-cover has-background-dim ek-linked-block\" style=\"min-height:390px;aspect-ratio:unset;\"><img loading=\"lazy\" decoding=\"async\" width=\"1600\" height=\"900\" class=\"wp-block-cover__image-background wp-image-252\" alt=\"\" src=\"https:\/\/awo-fulda.de\/wp-content\/uploads\/2017\/11\/Radmontage-e1529843585969.jpg\" data-object-fit=\"cover\" srcset=\"https:\/\/awo-fulda.de\/wp-content\/uploads\/2017\/11\/Radmontage-e1529843585969.jpg 1600w, https:\/\/awo-fulda.de\/wp-content\/uploads\/2017\/11\/Radmontage-e1529843585969-480x270.jpg 480w, https:\/\/awo-fulda.de\/wp-content\/uploads\/2017\/11\/Radmontage-e1529843585969-768x432.jpg 768w, https:\/\/awo-fulda.de\/wp-content\/uploads\/2017\/11\/Radmontage-e1529843585969-640x360.jpg 640w\" sizes=\"auto, (max-width: 1600px) 100vw, 1600px\" \/><div class=\"wp-block-cover__inner-container is-layout-flow wp-block-cover-is-layout-flow\">\n<p class=\"has-text-align-center\" style=\"font-size:24px\"><strong>Fahrradwerkstatt<\/strong><\/p>\n<\/div><a href=\"https:\/\/awo-fulda.de\/arbeit-bildung\/fahrradwerkstatt\/\" class=\"editorskit-block-link\" rel=\"\"><\/a><\/div>\n<\/div>\n<\/div>\n\n\n\n<div class=\"wp-block-columns is-layout-flex wp-container-core-columns-is-layout-9d6595d7 wp-block-columns-is-layout-flex\">\n<div class=\"wp-block-column is-layout-flow wp-block-column-is-layout-flow\">\n<div class=\"wp-block-cover has-background-dim ek-linked-block\" style=\"min-height:390px;aspect-ratio:unset;\"><img loading=\"lazy\" decoding=\"async\" width=\"1600\" height=\"900\" class=\"wp-block-cover__image-background wp-image-16766\" alt=\"\" src=\"https:\/\/awo-fulda.de\/wp-content\/uploads\/2018\/06\/KmH-Raum.jpg\" data-object-fit=\"cover\" srcset=\"https:\/\/awo-fulda.de\/wp-content\/uploads\/2018\/06\/KmH-Raum.jpg 1600w, https:\/\/awo-fulda.de\/wp-content\/uploads\/2018\/06\/KmH-Raum-480x270.jpg 480w, https:\/\/awo-fulda.de\/wp-content\/uploads\/2018\/06\/KmH-Raum-768x432.jpg 768w, https:\/\/awo-fulda.de\/wp-content\/uploads\/2018\/06\/KmH-Raum-640x360.jpg 640w\" sizes=\"auto, (max-width: 1600px) 100vw, 1600px\" \/><div class=\"wp-block-cover__inner-container is-layout-flow wp-block-cover-is-layout-flow\">\n<p class=\"has-text-align-center\" style=\"font-size:24px\"><strong>Kaufhaus mit Herz <\/strong><\/p>\n<\/div><a href=\"https:\/\/awo-fulda.de\/arbeit-bildung\/kaufhaus-mit-herz\/\" class=\"editorskit-block-link\" rel=\"\"><\/a><\/div>\n<\/div>\n\n\n\n<div class=\"wp-block-column is-layout-flow wp-block-column-is-layout-flow\">\n<div class=\"wp-block-cover has-background-dim ek-linked-block\" style=\"min-height:390px;aspect-ratio:unset;\"><img loading=\"lazy\" decoding=\"async\" width=\"1600\" height=\"900\" class=\"wp-block-cover__image-background wp-image-15846\" alt=\"\" src=\"https:\/\/awo-fulda.de\/wp-content\/uploads\/2018\/05\/SiB-Bauarbeiterin.jpg\" data-object-fit=\"cover\" srcset=\"https:\/\/awo-fulda.de\/wp-content\/uploads\/2018\/05\/SiB-Bauarbeiterin.jpg 1600w, https:\/\/awo-fulda.de\/wp-content\/uploads\/2018\/05\/SiB-Bauarbeiterin-480x270.jpg 480w, https:\/\/awo-fulda.de\/wp-content\/uploads\/2018\/05\/SiB-Bauarbeiterin-768x432.jpg 768w, https:\/\/awo-fulda.de\/wp-content\/uploads\/2018\/05\/SiB-Bauarbeiterin-640x360.jpg 640w\" sizes=\"auto, (max-width: 1600px) 100vw, 1600px\" \/><div class=\"wp-block-cover__inner-container is-layout-flow wp-block-cover-is-layout-flow\">\n<p class=\"has-text-align-center\" style=\"font-size:24px\"><strong>Stark im Beruf<\/strong><\/p>\n<\/div><a href=\"https:\/\/awo-fulda.de\/arbeit-bildung\/stark-im-beruf\/\" class=\"editorskit-block-link\" rel=\"\"><\/a><\/div>\n<\/div>\n<\/div>\n","protected":false},"excerpt":{"rendered":"<p>Die Zukunft im Blick haben. Der AWO Kreisverband Fulda unterst\u00fctzte seit vielen Jahren Menschen dabei, einen guten Weg aus der Arbeitslosigkeit zu finden. Wir helfen jungen Menschen und M\u00fcttern mit&hellip;<\/p>\n","protected":false},"author":1,"featured_media":0,"parent":0,"menu_order":4,"comment_status":"closed","ping_status":"closed","template":"","meta":{"_editorskit_title_hidden":false,"_editorskit_reading_time":0,"_editorskit_is_block_options_detached":false,"_editorskit_block_options_position":"{}","footnotes":""},"class_list":["post-28","page","type-page","status-publish","hentry","description-off"],"translation":{"provider":"WPGlobus","version":"3.0.2","language":"ar","enabled_languages":["de","en","fr","ru","ar","tr","fa"],"languages":{"de":{"title":true,"content":true,"excerpt":false},"en":{"title":true,"content":true,"excerpt":false},"fr":{"title":false,"content":false,"excerpt":false},"ru":{"title":false,"content":false,"excerpt":false},"ar":{"title":false,"content":false,"excerpt":false},"tr":{"title":false,"content":false,"excerpt":false},"fa":{"title":false,"content":false,"excerpt":false}}},"_links":{"self":[{"href":"https:\/\/awo-fulda.de\/ar\/wp-json\/wp\/v2\/pages\/28","targetHints":{"allow":["GET"]}}],"collection":[{"href":"https:\/\/awo-fulda.de\/ar\/wp-json\/wp\/v2\/pages"}],"about":[{"href":"https:\/\/awo-fulda.de\/ar\/wp-json\/wp\/v2\/types\/page"}],"author":[{"embeddable":true,"href":"https:\/\/awo-fulda.de\/ar\/wp-json\/wp\/v2\/users\/1"}],"replies":[{"embeddable":true,"href":"https:\/\/awo-fulda.de\/ar\/wp-json\/wp\/v2\/comments?post=28"}],"version-history":[{"count":17,"href":"https:\/\/awo-fulda.de\/ar\/wp-json\/wp\/v2\/pages\/28\/revisions"}],"predecessor-version":[{"id":116365,"href":"https:\/\/awo-fulda.de\/ar\/wp-json\/wp\/v2\/pages\/28\/revisions\/116365"}],"wp:attachment":[{"href":"https:\/\/awo-fulda.de\/ar\/wp-json\/wp\/v2\/media?parent=28"}],"curies":[{"name":"wp","href":"https:\/\/api.w.org\/{rel}","templated":true}]}}