{"id":26914,"date":"2021-03-16T16:27:41","date_gmt":"2021-03-16T15:27:41","guid":{"rendered":"https:\/\/awo-fulda.de\/?page_id=26914"},"modified":"2022-07-20T12:26:29","modified_gmt":"2022-07-20T10:26:29","slug":"rundgang","status":"publish","type":"page","link":"https:\/\/awo-fulda.de\/ar\/rundgang\/","title":{"rendered":"Rundgang durch Fulda auf den Spuren der AWO"},"content":{"rendered":"\n<h3><span style=\"color: #d90000;\"> <a class=\"dt-pswp-item\" href=\"https:\/\/awo-fulda.de\/wp-content\/uploads\/2022\/07\/Vier-Haeuser.jpg\" data-dt-img-description=\"\" data-large_image_width=\"365\" data-large_image_height=\"300\"><img loading=\"lazy\" decoding=\"async\" class=\"wp-image-112096 alignnone\" src=\"https:\/\/awo-fulda.de\/wp-content\/uploads\/2022\/07\/Vier-Haeuser.jpg\" alt=\"\" width=\"663\" height=\"545\" \/><\/a><\/span><\/h3>\n<h4>\u00a0<\/h4>\n<h4><span style=\"color: #d90000;\">Das Wirken der AWO f\u00fcr ein weltoffenes Fulda:<br \/><\/span><span style=\"color: #d90000;\">an 10 Stationen erfahren Sie mehr \u00fcber die <\/span><span style=\"color: #d90000;\">T\u00e4tigkeitsfelder der AWO im Laufe der Zeit<\/span><\/h4>\n<p>\u00a0<\/p>\n<h4>Anl\u00e4sslich unseres 75j\u00e4hrigen Jubil\u00e4ums haben wir uns auf Spurensuche begeben.<\/h4>\n<h4>Eines wird dabei deutlich: Seit jeher war und ist es unser Ziel, soziales Denken und Handeln zu f\u00f6rdern sowie die demokratischen Grundwerte zu verteidigen.<br \/><br \/>Wir wollen in einer freien und gerechten Gesellschaft leben, in der aus vielen Ichs ein starkes Wir wird.<\/h4>\n<h3>\u00a0<\/h3>\n<h4><span style=\"color: #333333;\">Zu dieser Tour gibt es eine mehrsprachige Brosch\u00fcre. <\/span><\/h4>\n<p><span style=\"color: #333333;\"><strong>Au\u00dferdem k\u00f6nnen Sie hier auf der Homepage auf das entsprechende Landessymbol klicken, um den Text in verschiedenen Sprachen zu lesen (bei allen Stationen oben rechts zu finden).<\/strong><\/span><\/p>\n<p>Der Rundgang ist als bequemer Spaziergang zu machen und damit auch f\u00fcr Familien geeignet. Zu Fu\u00df braucht man ca. 2 Stunden, mit dem Fahrrad geht es nat\u00fcrlich schneller. Notfalls kann man die Stationen auch mit dem Auto anfahren, das ist aber nur halb so sch\u00f6n.<\/p>\n<p>\u00a0<\/p>\n<h4><span style=\"color: #333333;\">Suchspiel zum Rundgang &#8211; das macht Spa\u00df!<\/span><\/h4>\n<p>Wir haben ein R\u00e4tselblatt mit Bildausschnitten erstellt, die Sie einer Station zuordnen m\u00fcssen. Den Wert in die L\u00f6sungstabelle eintragen \u2013 und am Ende die Zielkoordinaten f\u00fcr das Versteck der Dose mit dem Logbuch ermitteln.<\/p>\n<p>Wer sich mit Geocaching auskennt, kann mit den Koordinaten unterwegs sein. Alternativ k\u00f6nnen Sie die Zahlen in Google Maps auf dem Handy eingeben, und zwar in dieser Schreibweise:<br \/>50.54754, 9.67902 (Beispiel erste Station). Siehe Tabelle: die 50 beziehungsweise 9 vorausstellen.<\/p>\n<p>Gerne k\u00f6nnen Sie uns einen Kommentar oder Eindr\u00fccke von Ihrer Tour zusenden. Vielleicht auch ein Foto \u2013 das w\u00fcrden wir dann ver\u00f6ffentlichen, wenn Sie uns in der entsprechenden E-Mail Ihr Einverst\u00e4ndnis erkl\u00e4ren. Die Adresse ist buero-aktiv@awo-fulda.de.<\/p>\n<p>\u00a0<\/p>\n<p><span style=\"color: #333333;\"><strong><em>Falls Sie die Runde in Form von Geocaching machen wollen, dann bl\u00e4ttern Sie bitte auf <a style=\"color: #333333;\" href=\"https:\/\/awo-fulda.de\/gewinnspiel-geocaching\/\">diese Seite<\/a>. Denn dann wollen Sie die postalischen Adressen ja nicht wissen!<\/em><\/strong><\/span><\/p>\n<p>\u00a0<\/p>\n<p><span style=\"color: #d90000;\"><strong>Das R\u00c4TSELBLATT mit den Bildausschnitten l\u00e4sst sich hier ausdrucken: <a href=\"https:\/\/awo-fulda.de\/wp-content\/uploads\/2021\/03\/Cachingtour-Raetsel.pdf\">R\u00e4tsel-Fotos.<\/a><\/strong><\/span><\/p>\n<p><span style=\"color: #d90000;\"><strong>Die ADRESSEN und Lage der Orte finden Sie auf dieser Datei <a href=\"https:\/\/awo-fulda.de\/wp-content\/uploads\/2022\/02\/Stationen-mit-Adressen-und-Karte.pdf\">Stationen mit Adressen und Karte.<\/a><\/strong><\/span><\/p>\n<p><span style=\"color: #d90000;\"><strong>Eine BESCHREIBUNG DER STATIONEN k\u00f6nnen Sie auf den entsprechenden Homepageseiten anschauen <br \/>und\/oder ebenfalls a<\/strong><strong>usdrucken: \u00a0\u00a0 \u00a0<br \/><\/strong><\/span><a href=\"https:\/\/awo-fulda.de\/wp-content\/uploads\/2021\/03\/Stationen-zum-Mitnehmen.pdf\">Deutsch<\/a> \u00a0\u00a0\u00a0 <a href=\"https:\/\/awo-fulda.de\/wp-content\/uploads\/2021\/03\/Stationen-zum-Mitnehmen-englisch.pdf\" target=\"_blank\" rel=\"noopener\">Englisch<\/a> \u00a0\u00a0\u00a0 <a href=\"https:\/\/awo-fulda.de\/wp-content\/uploads\/2021\/03\/Stationen-zum-Mitnehmen-franzoesisch.pdf\" target=\"_blank\" rel=\"noopener\">Franz\u00f6sisch<\/a> \u00a0\u00a0\u00a0 <a href=\"https:\/\/awo-fulda.de\/wp-content\/uploads\/2021\/03\/Stationen-zum-Mitnehmen-russisch.pdf\">Russisch<\/a> \u00a0\u00a0\u00a0 <a href=\"https:\/\/awo-fulda.de\/wp-content\/uploads\/2021\/03\/Stationen-zum-Mitnehmen-tuerkisch.pdf\" target=\"_blank\" rel=\"noopener\">T\u00fcrkisch<\/a> \u00a0\u00a0\u00a0 <a href=\"https:\/\/awo-fulda.de\/wp-content\/uploads\/2021\/03\/Stationen-zum-Mitnehmen-arabisch.pdf\" target=\"_blank\" rel=\"noopener\">Arabisch<\/a> \u00a0\u00a0<\/p>\n<p>\u00a0<\/p>\n<p><strong><a class=\"dt-pswp-item\" href=\"https:\/\/awo-fulda.de\/wp-content\/uploads\/2021\/03\/Geocaching-Loesungsgitter.png\" data-dt-img-description=\"\" data-large_image_width=\"774\" data-large_image_height=\"699\"><img loading=\"lazy\" decoding=\"async\" class=\"alignleft  wp-image-27383\" src=\"https:\/\/awo-fulda.de\/wp-content\/uploads\/2021\/03\/Geocaching-Loesungsgitter-480x433.png\" alt=\"\" width=\"1021\" height=\"921\" srcset=\"https:\/\/awo-fulda.de\/wp-content\/uploads\/2021\/03\/Geocaching-Loesungsgitter-480x433.png 480w, https:\/\/awo-fulda.de\/wp-content\/uploads\/2021\/03\/Geocaching-Loesungsgitter-640x578.png 640w, https:\/\/awo-fulda.de\/wp-content\/uploads\/2021\/03\/Geocaching-Loesungsgitter-768x694.png 768w, https:\/\/awo-fulda.de\/wp-content\/uploads\/2021\/03\/Geocaching-Loesungsgitter.png 774w\" sizes=\"auto, (max-width: 1021px) 100vw, 1021px\" \/><\/a><\/strong><\/p>\n<p>\u00a0<\/p>\n","protected":false},"excerpt":{"rendered":"<p>\u00a0 Das Wirken der AWO f\u00fcr ein weltoffenes Fulda:an 10 Stationen erfahren Sie mehr \u00fcber die T\u00e4tigkeitsfelder der AWO im Laufe der Zeit \u00a0 Anl\u00e4sslich unseres 75j\u00e4hrigen Jubil\u00e4ums haben wir&hellip;<\/p>\n","protected":false},"author":6,"featured_media":0,"parent":0,"menu_order":0,"comment_status":"closed","ping_status":"closed","template":"","meta":{"_editorskit_title_hidden":false,"_editorskit_reading_time":1,"_editorskit_is_block_options_detached":false,"_editorskit_block_options_position":"{}","footnotes":""},"class_list":["post-26914","page","type-page","status-publish","hentry","description-off"],"translation":{"provider":"WPGlobus","version":"3.0.2","language":"ar","enabled_languages":["de","en","fr","ru","ar","tr","fa"],"languages":{"de":{"title":true,"content":true,"excerpt":false},"en":{"title":true,"content":true,"excerpt":false},"fr":{"title":true,"content":true,"excerpt":false},"ru":{"title":false,"content":false,"excerpt":false},"ar":{"title":false,"content":false,"excerpt":false},"tr":{"title":false,"content":false,"excerpt":false},"fa":{"title":false,"content":false,"excerpt":false}}},"_links":{"self":[{"href":"https:\/\/awo-fulda.de\/ar\/wp-json\/wp\/v2\/pages\/26914","targetHints":{"allow":["GET"]}}],"collection":[{"href":"https:\/\/awo-fulda.de\/ar\/wp-json\/wp\/v2\/pages"}],"about":[{"href":"https:\/\/awo-fulda.de\/ar\/wp-json\/wp\/v2\/types\/page"}],"author":[{"embeddable":true,"href":"https:\/\/awo-fulda.de\/ar\/wp-json\/wp\/v2\/users\/6"}],"replies":[{"embeddable":true,"href":"https:\/\/awo-fulda.de\/ar\/wp-json\/wp\/v2\/comments?post=26914"}],"version-history":[{"count":55,"href":"https:\/\/awo-fulda.de\/ar\/wp-json\/wp\/v2\/pages\/26914\/revisions"}],"predecessor-version":[{"id":112115,"href":"https:\/\/awo-fulda.de\/ar\/wp-json\/wp\/v2\/pages\/26914\/revisions\/112115"}],"wp:attachment":[{"href":"https:\/\/awo-fulda.de\/ar\/wp-json\/wp\/v2\/media?parent=26914"}],"curies":[{"name":"wp","href":"https:\/\/api.w.org\/{rel}","templated":true}]}}