{"id":26,"date":"2017-10-20T14:37:57","date_gmt":"2017-10-20T12:37:57","guid":{"rendered":"https:\/\/awo-fulda.de\/?page_id=26"},"modified":"2020-05-03T10:54:45","modified_gmt":"2020-05-03T08:54:45","slug":"migration-integration","status":"publish","type":"page","link":"https:\/\/awo-fulda.de\/ar\/migration-integration\/","title":{"rendered":"\u0627\u0644\u0647\u062c\u0631\u0629 \u0648\u0627\u0644\u0625\u0646\u062f\u0645\u0627\u062c"},"content":{"rendered":"<table style=\"height: 9px;\" width=\"1029\">\n<tbody>\n<tr>\n<td style=\"width: 335.667px;\"><img loading=\"lazy\" decoding=\"async\" class=\"alignnone size-medium wp-image-15319\" src=\"https:\/\/awo-fulda.de\/wp-content\/uploads\/2018\/05\/fussball1-480x270.jpg\" alt=\"\" width=\"480\" height=\"270\" srcset=\"https:\/\/awo-fulda.de\/wp-content\/uploads\/2018\/05\/fussball1-480x270.jpg 480w, https:\/\/awo-fulda.de\/wp-content\/uploads\/2018\/05\/fussball1-768x432.jpg 768w, https:\/\/awo-fulda.de\/wp-content\/uploads\/2018\/05\/fussball1-640x360.jpg 640w, https:\/\/awo-fulda.de\/wp-content\/uploads\/2018\/05\/fussball1.jpg 1024w\" sizes=\"auto, (max-width: 480px) 100vw, 480px\" \/><\/td>\n<td style=\"width: 335.667px;\"><img loading=\"lazy\" decoding=\"async\" class=\"alignnone size-medium wp-image-15841\" src=\"https:\/\/awo-fulda.de\/wp-content\/uploads\/2018\/05\/L\u00e4nderfahnen-480x270.jpg\" alt=\"\" width=\"480\" height=\"270\" srcset=\"https:\/\/awo-fulda.de\/wp-content\/uploads\/2018\/05\/L\u00e4nderfahnen-480x270.jpg 480w, https:\/\/awo-fulda.de\/wp-content\/uploads\/2018\/05\/L\u00e4nderfahnen-768x432.jpg 768w, https:\/\/awo-fulda.de\/wp-content\/uploads\/2018\/05\/L\u00e4nderfahnen-640x360.jpg 640w, https:\/\/awo-fulda.de\/wp-content\/uploads\/2018\/05\/L\u00e4nderfahnen.jpg 1600w\" sizes=\"auto, (max-width: 480px) 100vw, 480px\" \/><\/td>\n<td style=\"width: 335.667px;\"><img loading=\"lazy\" decoding=\"async\" class=\"alignnone size-medium wp-image-15237\" src=\"https:\/\/awo-fulda.de\/wp-content\/uploads\/2018\/05\/Marbach2-480x270.jpg\" alt=\"\" width=\"480\" height=\"270\" srcset=\"https:\/\/awo-fulda.de\/wp-content\/uploads\/2018\/05\/Marbach2-480x270.jpg 480w, https:\/\/awo-fulda.de\/wp-content\/uploads\/2018\/05\/Marbach2-768x432.jpg 768w, https:\/\/awo-fulda.de\/wp-content\/uploads\/2018\/05\/Marbach2-640x360.jpg 640w, https:\/\/awo-fulda.de\/wp-content\/uploads\/2018\/05\/Marbach2.jpg 1600w\" sizes=\"auto, (max-width: 480px) 100vw, 480px\" \/><\/td>\n<\/tr>\n<\/tbody>\n<\/table>\n","protected":false},"excerpt":{"rendered":"<p>{:de} Kontakte kn\u00fcpfen und Gemeinsamkeiten im Blick haben. \u200bDer AWO Kreisverband Fulda hat langj\u00e4hrige Erfahrung in der Migrationsarbeit &#8211; zun\u00e4chst mit Angeboten f\u00fcr die t\u00fcrkischen Gastarbeiter in Fulda, anschlie\u00dfend bei&hellip;<\/p>\n","protected":false},"author":1,"featured_media":0,"parent":0,"menu_order":3,"comment_status":"closed","ping_status":"closed","template":"","meta":{"_editorskit_title_hidden":false,"_editorskit_reading_time":0,"_editorskit_is_block_options_detached":false,"_editorskit_block_options_position":"{}","footnotes":""},"class_list":["post-26","page","type-page","status-publish","hentry","description-off"],"translation":{"provider":"WPGlobus","version":"3.0.2","language":"ar","enabled_languages":["de","en","fr","ru","ar","tr","fa"],"languages":{"de":{"title":true,"content":true,"excerpt":false},"en":{"title":true,"content":true,"excerpt":false},"fr":{"title":true,"content":true,"excerpt":false},"ru":{"title":true,"content":true,"excerpt":false},"ar":{"title":true,"content":true,"excerpt":false},"tr":{"title":true,"content":true,"excerpt":false},"fa":{"title":true,"content":true,"excerpt":false}}},"_links":{"self":[{"href":"https:\/\/awo-fulda.de\/ar\/wp-json\/wp\/v2\/pages\/26","targetHints":{"allow":["GET"]}}],"collection":[{"href":"https:\/\/awo-fulda.de\/ar\/wp-json\/wp\/v2\/pages"}],"about":[{"href":"https:\/\/awo-fulda.de\/ar\/wp-json\/wp\/v2\/types\/page"}],"author":[{"embeddable":true,"href":"https:\/\/awo-fulda.de\/ar\/wp-json\/wp\/v2\/users\/1"}],"replies":[{"embeddable":true,"href":"https:\/\/awo-fulda.de\/ar\/wp-json\/wp\/v2\/comments?post=26"}],"version-history":[{"count":24,"href":"https:\/\/awo-fulda.de\/ar\/wp-json\/wp\/v2\/pages\/26\/revisions"}],"predecessor-version":[{"id":22592,"href":"https:\/\/awo-fulda.de\/ar\/wp-json\/wp\/v2\/pages\/26\/revisions\/22592"}],"wp:attachment":[{"href":"https:\/\/awo-fulda.de\/ar\/wp-json\/wp\/v2\/media?parent=26"}],"curies":[{"name":"wp","href":"https:\/\/api.w.org\/{rel}","templated":true}]}}