{"id":24335,"date":"2020-09-13T22:48:02","date_gmt":"2020-09-13T20:48:02","guid":{"rendered":"https:\/\/awo-fulda.de\/?page_id=24335"},"modified":"2025-08-26T14:18:15","modified_gmt":"2025-08-26T12:18:15","slug":"leihladen","status":"publish","type":"page","link":"https:\/\/awo-fulda.de\/ar\/leihladen\/","title":{"rendered":"Leihladen"},"content":{"rendered":"\n<table style=\"border-collapse: collapse; width: 100%;\">\n<tbody>\n<tr>\n<td style=\"width: 33.3333%;\"><img loading=\"lazy\" decoding=\"async\" class=\"aligncenter wp-image-24410 size-large\" src=\"https:\/\/awo-fulda.de\/wp-content\/uploads\/2020\/09\/002_Das-Team_ein-Teil-davon-640x480.jpeg\" alt=\"\" width=\"640\" height=\"480\" srcset=\"https:\/\/awo-fulda.de\/wp-content\/uploads\/2020\/09\/002_Das-Team_ein-Teil-davon-640x480.jpeg 640w, https:\/\/awo-fulda.de\/wp-content\/uploads\/2020\/09\/002_Das-Team_ein-Teil-davon-480x360.jpeg 480w, https:\/\/awo-fulda.de\/wp-content\/uploads\/2020\/09\/002_Das-Team_ein-Teil-davon-768x576.jpeg 768w, https:\/\/awo-fulda.de\/wp-content\/uploads\/2020\/09\/002_Das-Team_ein-Teil-davon-1536x1152.jpeg 1536w, https:\/\/awo-fulda.de\/wp-content\/uploads\/2020\/09\/002_Das-Team_ein-Teil-davon.jpeg 2048w\" sizes=\"auto, (max-width: 640px) 100vw, 640px\" \/><\/td>\n<td style=\"width: 33.3333%;\"><img loading=\"lazy\" decoding=\"async\" class=\"aligncenter wp-image-24408 size-large\" src=\"https:\/\/awo-fulda.de\/wp-content\/uploads\/2020\/09\/Logo-Leihladen-1-640x636.png\" alt=\"\" width=\"640\" height=\"636\" srcset=\"https:\/\/awo-fulda.de\/wp-content\/uploads\/2020\/09\/Logo-Leihladen-1-640x636.png 640w, https:\/\/awo-fulda.de\/wp-content\/uploads\/2020\/09\/Logo-Leihladen-1-480x477.png 480w, https:\/\/awo-fulda.de\/wp-content\/uploads\/2020\/09\/Logo-Leihladen-1-768x764.png 768w, https:\/\/awo-fulda.de\/wp-content\/uploads\/2020\/09\/Logo-Leihladen-1.png 1210w\" sizes=\"auto, (max-width: 640px) 100vw, 640px\" \/><\/td>\n<td style=\"width: 33.3333%;\"><img loading=\"lazy\" decoding=\"async\" class=\"alignnone size-medium wp-image-24473\" src=\"https:\/\/awo-fulda.de\/wp-content\/uploads\/2020\/09\/IMG_6009-480x360.jpeg\" alt=\"\" width=\"480\" height=\"360\" srcset=\"https:\/\/awo-fulda.de\/wp-content\/uploads\/2020\/09\/IMG_6009-480x360.jpeg 480w, https:\/\/awo-fulda.de\/wp-content\/uploads\/2020\/09\/IMG_6009-640x480.jpeg 640w, https:\/\/awo-fulda.de\/wp-content\/uploads\/2020\/09\/IMG_6009-768x576.jpeg 768w, https:\/\/awo-fulda.de\/wp-content\/uploads\/2020\/09\/IMG_6009-1536x1152.jpeg 1536w, https:\/\/awo-fulda.de\/wp-content\/uploads\/2020\/09\/IMG_6009.jpeg 2048w\" sizes=\"auto, (max-width: 480px) 100vw, 480px\" \/><\/td>\n<\/tr>\n<\/tbody>\n<\/table>\n<p>Der Leihladen steht unter dem Motto: <strong><em>\u201eLeihen statt kaufen \u2013 teilen statt besitzen\u201c<\/em><\/strong><\/p>\n<p>Den Leihladen darf man sich als eine Art Bibliothek der Dinge vorstellen. W\u00e4hrend man in einer Bibliothek B\u00fccher und andere Medientr\u00e4ger ausleihen kann, geht es dagegen im Leihladen um Alltags- und Gebrauchsgegenst\u00e4nde, die man meist nur selten ben\u00f6tigt wie zum Beispiel <span class=\"lp_is_start\">Werkzeuge, Garten- und Haushaltsger\u00e4te, Spiele sowie Sport- und Freizeitartikel<\/span>. <span class=\"lp_is_start\">Die Auswahl ist mit derzeit rund 150 unterschiedlichen Gegenst\u00e4nden gro\u00df und geht vom Scrabblespiel \u00fcber Staubsauger, Schredder, Hei\u00dfklebepistole, Kindersitz, Koffer, Entsafter, Skiern bis zum Christbaumst\u00e4nder. <\/span>Statt diese zu kaufen und den Gro\u00dfteil der Zeit ungenutzt verstauben zu lassen, k\u00f6nnen die Gegenst\u00e4nde im Leihladen gemeinsam genutzt werden und je nach Bedarf gegen eine geringe Leihgeb\u00fchr und die Entrichtung eines Schutzpfandes f\u00fcr einen gewissen Zeitraum ausgeliehen werden.<\/p>\n<p>Die Idee des Leihladens verbindet dabei \u00f6konomische, \u00f6kologische und soziale Aspekte von Nachhaltigkeit miteinander: Die Gegenst\u00e4nde werden durch die gemeinschaftliche Verwendung sinnvoll genutzt und verursachen f\u00fcr den einzelnen Nutzer deutlich geringere Kosten als der Kauf der jeweiligen Dinge, was gerade Menschen mit geringem Einkommen \u00fcberhaupt erst in die Lage versetzt, bestimmte Gegenst\u00e4nde nutzen zu k\u00f6nnen, f\u00fcr die ansonsten das Geld fehlt. Durch die Vermeidung von unn\u00f6tigem Konsum k\u00f6nnen auch nat\u00fcrliche Ressourcen eingespart und so f\u00fcr kommende Generationen bewahrt werden. Nicht zuletzt st\u00e4rkt es den sozialen Zusammenhalt der <span class=\"lp_is_start\">Menschen vor Ort<\/span>, wenn diese im Leihladen zusammenkommen, sich austauschen und besser kennenlernen.<\/p>\n<p><span style=\"background-color: #ffff00; color: #ff0000;\"><strong>Auf den <a style=\"background-color: #ffff00; color: #ff0000;\" href=\"https:\/\/www.hessenschau.de\/panorama\/teilen-statt-kaufen-so-funktionieren-leihlaeden,leihladen-in-hessen-100.html\">Seiten der hessenschau<\/a> findet man auch ein erkl\u00e4rendes FAQ zum Prinzip der Leihl\u00e4den.<\/strong><\/span><\/p>\n<p>\u00a0<\/p>\n<p>Gegen eine Spende k\u00f6nnen Dinge dienstags und donnerstags zwischen 17:00 und 19:00 Uhr ausgeliehen werden, die man sich nicht kaufen m\u00f6chte oder kann, weil der Platz fehlt, oder das Geld.<\/p>\n<p><strong>Hier k\u00f6nnt Ihr sehen, welche Gegenst\u00e4nde ausgeliehen werden k\u00f6nnen:<br \/><\/strong><\/p>\n<p><a href=\"https:\/\/docs.google.com\/spreadsheets\/d\/1A7KQX95lLGse6NyGtDOlQDv2VhYTJXUVKFCcwgrBrLE\/edit#gid=869792225\">-&gt; Link zur Liste der verf\u00fcgbaren Leih-Artikel &lt;-<\/a><\/p>\n<p>Interessierte und Unterst\u00fctzer sind herzlich willkommen.<\/p>\n<p>\u00a0<\/p>\n<p><strong>Am 04.<\/strong><strong>09.2020 feierte der Leihladen seine Er\u00f6ffnung<\/strong><\/p>\n<p><iframe loading=\"lazy\" title=\"Leihladen Fulda - Los geht\u00b4s!  Er\u00f6ffnung am 04.09.2020\" width=\"1200\" height=\"675\" src=\"https:\/\/www.youtube.com\/embed\/zWgQV5PjxWQ?feature=oembed\" frameborder=\"0\" allow=\"accelerometer; autoplay; clipboard-write; encrypted-media; gyroscope; picture-in-picture\" allowfullscreen><\/iframe><\/p>\n<p>\u00a0<\/p>\n<p><strong>\u00dcber unseren Leihladen wurde auch in der regionalen und \u00fcberregionalen Presse berichtet:<\/strong><\/p>\n<p><a href=\"https:\/\/osthessen-news.de\/n11637201\/das-bringt-s-kettensage-aus-dem-leihladen-per-leihlastenrad-heimbringen.html\" target=\"_blank\" rel=\"noopener noreferrer\">Das bringt&#8217;s: Kettens\u00e4ge aus dem Leihladen per Leihlastenrad heimbringen<\/a><\/p>\n<p>(Osthessen News, <span class=\"lp_is_start\">05.09.2020)<\/span><\/p>\n<p><a href=\"https:\/\/www.osthessen-zeitung.de\/einzelansicht\/news\/2020\/september\/fuldaer-leihladen-eroeffnet-buergerzentrum-wird-ort-des-kennenlernens.html\" target=\"_blank\" rel=\"noopener noreferrer\"> Fuldaer Leihladen er\u00f6ffnet \u2013 B\u00fcrgerzentrum wird Begegnungsort<\/a><\/p>\n<p>(Osthessen Zeitung, <time datetime=\"05-09-2020\">05.09.2020) <\/time><\/p>\n<p><a href=\"https:\/\/www.fuldaerzeitung.de\/fulda\/leihladen-fulda-eroeffnung-august-maintal-90002964.html\" target=\"_blank\" rel=\"noopener noreferrer\">Teilen statt besitzen: Leihladen in Fulda \u00f6ffnet im August<\/a><\/p>\n<p>(Fuldaer Zeitung, <span class=\"id-DateTime-date\">08.06.2020<\/span>)<\/p>\n<p><a href=\"https:\/\/www.hessenschau.de\/panorama\/fulda-bekommt-einen-leih-laden,leihladen-fulda-100.html\" target=\"_blank\" rel=\"noopener noreferrer\">Tauschen statt kaufen &#8211; Fulda bekommt einen Leih-Laden<\/a><\/p>\n<p>(Hessenschau, 08.06.2020)<\/p>\n<p><a href=\"https:\/\/www.fr.de\/rhein-main\/zweiter-leihladen-hessen-steht-eroeffnung-13791585.html\" target=\"_blank\" rel=\"noopener noreferrer\">Zweiter Leihladen in Hessen steht vor Er\u00f6ffnung<\/a><\/p>\n<p>(Frankfurter Rundschau, <span class=\"id-DateTime-date\">08.06.2020)<\/span><\/p>\n<p><a href=\"https:\/\/osthessen-news.de\/n11626912\/erster-fuldaer-leihladen-will-im-nachsten-fruehjahr-eroeffnen.html\" target=\"_blank\" rel=\"noopener noreferrer\">Erster Fuldaer Leihladen will im n\u00e4chsten Fr\u00fchjahr er\u00f6ffnen<\/a><\/p>\n<p>(Osthessen News, <span class=\"lp_is_start\">23.10.2019<\/span>)<\/p>\n<p><a href=\"http:\/\/www.fuldaer-nachrichten.de\/?p=181896\" target=\"_blank\" rel=\"noopener noreferrer\">\u201eTauschen statt Kaufen- Teilen statt Besitzen\u201c: Der 1. Fuldaer Leihladen<\/a><\/p>\n<p>(Fuldaer Nachrichten, 04.10.2019)<\/p>\n<p>\u00a0<\/p>\n<p>\u00a0<\/p>\n","protected":false},"excerpt":{"rendered":"<p>Der Leihladen steht unter dem Motto: \u201eLeihen statt kaufen \u2013 teilen statt besitzen\u201c Den Leihladen darf man sich als eine Art Bibliothek der Dinge vorstellen. W\u00e4hrend man in einer Bibliothek&hellip;<\/p>\n","protected":false},"author":55,"featured_media":0,"parent":0,"menu_order":0,"comment_status":"closed","ping_status":"closed","template":"","meta":{"_editorskit_title_hidden":false,"_editorskit_reading_time":0,"_editorskit_is_block_options_detached":false,"_editorskit_block_options_position":"{}","footnotes":""},"class_list":["post-24335","page","type-page","status-publish","hentry","description-off"],"translation":{"provider":"WPGlobus","version":"3.0.2","language":"ar","enabled_languages":["de","en","fr","ru","ar","tr","fa"],"languages":{"de":{"title":true,"content":true,"excerpt":false},"en":{"title":false,"content":false,"excerpt":false},"fr":{"title":false,"content":false,"excerpt":false},"ru":{"title":false,"content":false,"excerpt":false},"ar":{"title":false,"content":false,"excerpt":false},"tr":{"title":false,"content":false,"excerpt":false},"fa":{"title":false,"content":false,"excerpt":false}}},"_links":{"self":[{"href":"https:\/\/awo-fulda.de\/ar\/wp-json\/wp\/v2\/pages\/24335","targetHints":{"allow":["GET"]}}],"collection":[{"href":"https:\/\/awo-fulda.de\/ar\/wp-json\/wp\/v2\/pages"}],"about":[{"href":"https:\/\/awo-fulda.de\/ar\/wp-json\/wp\/v2\/types\/page"}],"author":[{"embeddable":true,"href":"https:\/\/awo-fulda.de\/ar\/wp-json\/wp\/v2\/users\/55"}],"replies":[{"embeddable":true,"href":"https:\/\/awo-fulda.de\/ar\/wp-json\/wp\/v2\/comments?post=24335"}],"version-history":[{"count":35,"href":"https:\/\/awo-fulda.de\/ar\/wp-json\/wp\/v2\/pages\/24335\/revisions"}],"predecessor-version":[{"id":140838,"href":"https:\/\/awo-fulda.de\/ar\/wp-json\/wp\/v2\/pages\/24335\/revisions\/140838"}],"wp:attachment":[{"href":"https:\/\/awo-fulda.de\/ar\/wp-json\/wp\/v2\/media?parent=24335"}],"curies":[{"name":"wp","href":"https:\/\/api.w.org\/{rel}","templated":true}]}}