{"id":22,"date":"2017-10-20T14:37:16","date_gmt":"2017-10-20T12:37:16","guid":{"rendered":"https:\/\/awo-fulda.de\/?page_id=22"},"modified":"2022-10-03T21:29:48","modified_gmt":"2022-10-03T19:29:48","slug":"jugendtreff-suedend","status":"publish","type":"page","link":"https:\/\/awo-fulda.de\/ar\/begegnungsstaetten\/jugendtreff-suedend\/","title":{"rendered":"Kinder- und Jugendtreff S\u00fcdend"},"content":{"rendered":"<div class=\"field field-name-body field-type-text-with-summary field-label-hidden\">\n<div class=\"field-items\">\n<div class=\"field-item even\">\n<table style=\"height: 27px;\" width=\"1370\">\n<tbody>\n<tr>\n<td style=\"width: 449.333px;\"><img loading=\"lazy\" decoding=\"async\" class=\"alignnone size-medium wp-image-15224\" src=\"https:\/\/awo-fulda.de\/wp-content\/uploads\/2018\/05\/JT2-480x270.jpg\" alt=\"\" width=\"480\" height=\"270\" srcset=\"https:\/\/awo-fulda.de\/wp-content\/uploads\/2018\/05\/JT2-480x270.jpg 480w, https:\/\/awo-fulda.de\/wp-content\/uploads\/2018\/05\/JT2-768x432.jpg 768w, https:\/\/awo-fulda.de\/wp-content\/uploads\/2018\/05\/JT2-640x360.jpg 640w, https:\/\/awo-fulda.de\/wp-content\/uploads\/2018\/05\/JT2.jpg 1600w\" sizes=\"auto, (max-width: 480px) 100vw, 480px\" \/><\/td>\n<td style=\"width: 449.333px;\"><img loading=\"lazy\" decoding=\"async\" class=\"alignnone size-medium wp-image-15309\" src=\"https:\/\/awo-fulda.de\/wp-content\/uploads\/2018\/05\/x3-Luftballon-1-480x270.jpg\" alt=\"\" width=\"480\" height=\"270\" srcset=\"https:\/\/awo-fulda.de\/wp-content\/uploads\/2018\/05\/x3-Luftballon-1-480x270.jpg 480w, https:\/\/awo-fulda.de\/wp-content\/uploads\/2018\/05\/x3-Luftballon-1-768x432.jpg 768w, https:\/\/awo-fulda.de\/wp-content\/uploads\/2018\/05\/x3-Luftballon-1-640x360.jpg 640w, https:\/\/awo-fulda.de\/wp-content\/uploads\/2018\/05\/x3-Luftballon-1.jpg 1600w\" sizes=\"auto, (max-width: 480px) 100vw, 480px\" \/><\/td>\n<td style=\"width: 449.333px;\"><img loading=\"lazy\" decoding=\"async\" class=\"alignnone size-medium wp-image-15223\" src=\"https:\/\/awo-fulda.de\/wp-content\/uploads\/2018\/05\/JT1-480x270.jpg\" alt=\"\" width=\"480\" height=\"270\" srcset=\"https:\/\/awo-fulda.de\/wp-content\/uploads\/2018\/05\/JT1-480x270.jpg 480w, https:\/\/awo-fulda.de\/wp-content\/uploads\/2018\/05\/JT1-768x432.jpg 768w, https:\/\/awo-fulda.de\/wp-content\/uploads\/2018\/05\/JT1-640x360.jpg 640w, https:\/\/awo-fulda.de\/wp-content\/uploads\/2018\/05\/JT1.jpg 1600w\" sizes=\"auto, (max-width: 480px) 100vw, 480px\" \/><\/td>\n<\/tr>\n<\/tbody>\n<\/table>\n<p>Der Kinder- und Jugendtreff S\u00fcdend gibt Kindern und Jugendlichen die M\u00f6glichkeit, gemeinsam ihre Freizeit zu verbringen. Alle Angebote sind offen und kostenlos. Ziel ist es, den Kindern und Jugendlichen eine Alternative zu Langweile und Fernsehen zu bieten.<\/p>\n<ul>\n<li>Sie lernen, ihre Freizeit selbst zu gestalten.<\/li>\n<li>Sie werden ermuntert, sich aktiv einzubringen.<\/li>\n<li>Sie werden zu Selbstst\u00e4ndigkeit und fairem Handeln angeregt.<\/li>\n<\/ul>\n<p>Hier besteht die M\u00f6glichkeit einer sinnvollen und p\u00e4dagogisch betreuten Freizeitgestaltung. Je nach Bedarf und Alter der Zielgruppe wird das Angebot flexibel angepasst.<\/p>\n<p>Die Kinder- und Jugendarbeit der AWO arbeitet mit Einrichtungen der Region zusammen und bietet auch in Grundschulen und Kinderg\u00e4rten Projekte an. Diese werden in den Treffs aufgegriffen. Haupts\u00e4chlich geht es dabei um Medienp\u00e4dagogik, sie befassen sich aber auch mit vielen anderen kreativen, wissenschaftlichen oder naturbezogenen Themen.<\/p>\n<p>Der Jugendtreff \u00f6ffnet aktuell jeden <strong>Montag, Dienstag und Mittwoch von 15:00 bis 19:00 Uhr<\/strong>!\n<\/div>\n<\/div>\n<\/div>\n","protected":false},"excerpt":{"rendered":"<p>Der Kinder- und Jugendtreff S\u00fcdend gibt Kindern und Jugendlichen die M\u00f6glichkeit, gemeinsam ihre Freizeit zu verbringen. Alle Angebote sind offen und kostenlos. Ziel ist es, den Kindern und Jugendlichen eine&hellip;<\/p>\n","protected":false},"author":1,"featured_media":0,"parent":92,"menu_order":0,"comment_status":"closed","ping_status":"closed","template":"","meta":{"_editorskit_title_hidden":false,"_editorskit_reading_time":0,"_editorskit_is_block_options_detached":false,"_editorskit_block_options_position":"{}","footnotes":""},"class_list":["post-22","page","type-page","status-publish","hentry","description-off"],"translation":{"provider":"WPGlobus","version":"3.0.2","language":"ar","enabled_languages":["de","en","fr","ru","ar","tr","fa"],"languages":{"de":{"title":true,"content":true,"excerpt":false},"en":{"title":true,"content":true,"excerpt":false},"fr":{"title":false,"content":false,"excerpt":false},"ru":{"title":false,"content":false,"excerpt":false},"ar":{"title":false,"content":false,"excerpt":false},"tr":{"title":false,"content":false,"excerpt":false},"fa":{"title":false,"content":false,"excerpt":false}}},"_links":{"self":[{"href":"https:\/\/awo-fulda.de\/ar\/wp-json\/wp\/v2\/pages\/22","targetHints":{"allow":["GET"]}}],"collection":[{"href":"https:\/\/awo-fulda.de\/ar\/wp-json\/wp\/v2\/pages"}],"about":[{"href":"https:\/\/awo-fulda.de\/ar\/wp-json\/wp\/v2\/types\/page"}],"author":[{"embeddable":true,"href":"https:\/\/awo-fulda.de\/ar\/wp-json\/wp\/v2\/users\/1"}],"replies":[{"embeddable":true,"href":"https:\/\/awo-fulda.de\/ar\/wp-json\/wp\/v2\/comments?post=22"}],"version-history":[{"count":20,"href":"https:\/\/awo-fulda.de\/ar\/wp-json\/wp\/v2\/pages\/22\/revisions"}],"predecessor-version":[{"id":116371,"href":"https:\/\/awo-fulda.de\/ar\/wp-json\/wp\/v2\/pages\/22\/revisions\/116371"}],"up":[{"embeddable":true,"href":"https:\/\/awo-fulda.de\/ar\/wp-json\/wp\/v2\/pages\/92"}],"wp:attachment":[{"href":"https:\/\/awo-fulda.de\/ar\/wp-json\/wp\/v2\/media?parent=22"}],"curies":[{"name":"wp","href":"https:\/\/api.w.org\/{rel}","templated":true}]}}