{"id":21934,"date":"2020-03-12T16:24:06","date_gmt":"2020-03-12T15:24:06","guid":{"rendered":"https:\/\/awo-fulda.de\/?page_id=21934"},"modified":"2020-03-12T16:41:39","modified_gmt":"2020-03-12T15:41:39","slug":"generationenhilfe","status":"publish","type":"page","link":"https:\/\/awo-fulda.de\/ar\/generationenhilfe\/","title":{"rendered":"Generationenhilfe"},"content":{"rendered":"\n<table style=\"border-collapse: collapse; width: 100%;\">\n<tbody>\n<tr>\n<td style=\"width: 33.3333%;\"><a class=\"dt-pswp-item\" href=\"https:\/\/awo-fulda.de\/wp-content\/uploads\/2020\/03\/Putzeimer.jpg\" data-dt-img-description=\"\" data-large_image_width=\"1600\" data-large_image_height=\"900\"><img loading=\"lazy\" decoding=\"async\" class=\"alignnone size-full wp-image-21940\" src=\"https:\/\/awo-fulda.de\/wp-content\/uploads\/2020\/03\/Putzeimer.jpg\" alt=\"\" width=\"1600\" height=\"900\" srcset=\"https:\/\/awo-fulda.de\/wp-content\/uploads\/2020\/03\/Putzeimer.jpg 1600w, https:\/\/awo-fulda.de\/wp-content\/uploads\/2020\/03\/Putzeimer-480x270.jpg 480w, https:\/\/awo-fulda.de\/wp-content\/uploads\/2020\/03\/Putzeimer-640x360.jpg 640w, https:\/\/awo-fulda.de\/wp-content\/uploads\/2020\/03\/Putzeimer-768x432.jpg 768w, https:\/\/awo-fulda.de\/wp-content\/uploads\/2020\/03\/Putzeimer-1536x864.jpg 1536w\" sizes=\"auto, (max-width: 1600px) 100vw, 1600px\" \/><\/a><\/td>\n<td style=\"width: 33.3333%;\"><a class=\"dt-pswp-item\" href=\"https:\/\/awo-fulda.de\/wp-content\/uploads\/2018\/05\/AWO_11.jpg\" data-dt-img-description=\"\" data-large_image_width=\"1600\" data-large_image_height=\"900\"><img loading=\"lazy\" decoding=\"async\" class=\"alignnone wp-image-15197 size-large\" src=\"https:\/\/awo-fulda.de\/wp-content\/uploads\/2018\/05\/AWO_11-640x360.jpg\" alt=\"\" width=\"640\" height=\"360\" srcset=\"https:\/\/awo-fulda.de\/wp-content\/uploads\/2018\/05\/AWO_11-640x360.jpg 640w, https:\/\/awo-fulda.de\/wp-content\/uploads\/2018\/05\/AWO_11-480x270.jpg 480w, https:\/\/awo-fulda.de\/wp-content\/uploads\/2018\/05\/AWO_11-768x432.jpg 768w, https:\/\/awo-fulda.de\/wp-content\/uploads\/2018\/05\/AWO_11.jpg 1600w\" sizes=\"auto, (max-width: 640px) 100vw, 640px\" \/><\/a><\/td>\n<td style=\"width: 33.3333%;\"><a class=\"dt-pswp-item\" href=\"https:\/\/awo-fulda.de\/wp-content\/uploads\/2020\/03\/Einkaufst\u00fcte.jpg\" data-dt-img-description=\"\" data-large_image_width=\"1600\" data-large_image_height=\"900\"><img loading=\"lazy\" decoding=\"async\" class=\"alignnone size-full wp-image-21939\" src=\"https:\/\/awo-fulda.de\/wp-content\/uploads\/2020\/03\/Einkaufst\u00fcte.jpg\" alt=\"\" width=\"1600\" height=\"900\" srcset=\"https:\/\/awo-fulda.de\/wp-content\/uploads\/2020\/03\/Einkaufst\u00fcte.jpg 1600w, https:\/\/awo-fulda.de\/wp-content\/uploads\/2020\/03\/Einkaufst\u00fcte-480x270.jpg 480w, https:\/\/awo-fulda.de\/wp-content\/uploads\/2020\/03\/Einkaufst\u00fcte-640x360.jpg 640w, https:\/\/awo-fulda.de\/wp-content\/uploads\/2020\/03\/Einkaufst\u00fcte-768x432.jpg 768w, https:\/\/awo-fulda.de\/wp-content\/uploads\/2020\/03\/Einkaufst\u00fcte-1536x864.jpg 1536w\" sizes=\"auto, (max-width: 1600px) 100vw, 1600px\" \/><\/a><\/td>\n<\/tr>\n<\/tbody>\n<\/table>\n<p>Das Team des Mehrgenerationenhauses im B\u00fcrgerzentrum Aschenberg hat ein Netzwerk von ehrenamtlichen und hauptamtlichen Mitarbeitern aufgebaut, um im Stadtteil und der n\u00e4heren Umgebung Hilfsbed\u00fcrftige zu unterst\u00fctzen. Angeboten wird Unterst\u00fctzung im Alltag wie Beh\u00f6rdeng\u00e4nge, Arztbesuche, haushaltsnahe Dienstleistungen oder Hilfe nach der Entlassung aus dem Krankenhaus.<\/p>\n<p>Das Projekt ist generationen\u00fcbergreifend: \u00e4ltere Menschen werden von J\u00fcngeren unterst\u00fctzt und sollen so lange wie m\u00f6glich in ihrem Haushalt bleiben k\u00f6nnen. Au\u00dferdem soll die Nachbarschaftshilfe gef\u00f6rdert werden (Briefkasten leeren, M\u00fclltonnen herausstellen oder Blumen in der Abwesenheit gie\u00dfen usw.)<\/p>\n<p>Beim Begleitservice wie z. B. bei Arztbesuchen m\u00fcssen die Kunden die Fahrtkosten f\u00fcr den \u00f6ffentlichen Verkehr begleichen und es wird um eine Spende gebeten &#8211; die Ehrenamtlichen erhalten eine kleine Anerkennung. F\u00fcr die Hilfe im Haushalt wird eine Geb\u00fchr entsprechend Einkommen erhoben. Manchmal werden diese Kosten von der Krankenkasse \u00fcbernommen, bei der Kl\u00e4rung dieser Frage stehen wir zur Verf\u00fcgung.<\/p>\n<p>Wer interessiert ist im Projekt mitzuwirken oder Fragen zu den Dienstleistungen hat, kann gerne Kontakt aufnehmen.<\/p>\n<p>Hier ist der Link zu unserem Flyer: <a href=\"https:\/\/awo-fulda.de\/wp-content\/uploads\/2020\/03\/Generationenhilfe.pdf\">Generationenhilfe<\/a><\/p>\n<p>&nbsp;<\/p>\n<p>&nbsp;<\/p>\n","protected":false},"excerpt":{"rendered":"<p>Das Team des Mehrgenerationenhauses im B\u00fcrgerzentrum Aschenberg hat ein Netzwerk von ehrenamtlichen und hauptamtlichen Mitarbeitern aufgebaut, um im Stadtteil und der n\u00e4heren Umgebung Hilfsbed\u00fcrftige zu unterst\u00fctzen. Angeboten wird Unterst\u00fctzung im&hellip;<\/p>\n","protected":false},"author":6,"featured_media":0,"parent":0,"menu_order":0,"comment_status":"closed","ping_status":"closed","template":"","meta":{"_editorskit_title_hidden":false,"_editorskit_reading_time":0,"_editorskit_is_block_options_detached":false,"_editorskit_block_options_position":"{}","footnotes":""},"class_list":["post-21934","page","type-page","status-publish","hentry","description-off"],"translation":{"provider":"WPGlobus","version":"3.0.2","language":"ar","enabled_languages":["de","en","fr","ru","ar","tr","fa"],"languages":{"de":{"title":true,"content":true,"excerpt":false},"en":{"title":false,"content":false,"excerpt":false},"fr":{"title":false,"content":false,"excerpt":false},"ru":{"title":false,"content":false,"excerpt":false},"ar":{"title":false,"content":false,"excerpt":false},"tr":{"title":false,"content":false,"excerpt":false},"fa":{"title":false,"content":false,"excerpt":false}}},"_links":{"self":[{"href":"https:\/\/awo-fulda.de\/ar\/wp-json\/wp\/v2\/pages\/21934","targetHints":{"allow":["GET"]}}],"collection":[{"href":"https:\/\/awo-fulda.de\/ar\/wp-json\/wp\/v2\/pages"}],"about":[{"href":"https:\/\/awo-fulda.de\/ar\/wp-json\/wp\/v2\/types\/page"}],"author":[{"embeddable":true,"href":"https:\/\/awo-fulda.de\/ar\/wp-json\/wp\/v2\/users\/6"}],"replies":[{"embeddable":true,"href":"https:\/\/awo-fulda.de\/ar\/wp-json\/wp\/v2\/comments?post=21934"}],"version-history":[{"count":6,"href":"https:\/\/awo-fulda.de\/ar\/wp-json\/wp\/v2\/pages\/21934\/revisions"}],"predecessor-version":[{"id":22038,"href":"https:\/\/awo-fulda.de\/ar\/wp-json\/wp\/v2\/pages\/21934\/revisions\/22038"}],"wp:attachment":[{"href":"https:\/\/awo-fulda.de\/ar\/wp-json\/wp\/v2\/media?parent=21934"}],"curies":[{"name":"wp","href":"https:\/\/api.w.org\/{rel}","templated":true}]}}