{"id":21767,"date":"2020-02-23T13:16:00","date_gmt":"2020-02-23T12:16:00","guid":{"rendered":"https:\/\/awo-fulda.de\/?page_id=21767"},"modified":"2026-02-19T18:17:15","modified_gmt":"2026-02-19T17:17:15","slug":"buergerzentrum-ziehers-sued","status":"publish","type":"page","link":"https:\/\/awo-fulda.de\/ar\/buergerzentrum-ziehers-sued\/","title":{"rendered":"B\u00fcrgerzentrum Ziehers-S\u00fcd"},"content":{"rendered":"<div class=\"wpb-content-wrapper\">\r\n\r\n<p><\/p>\r\n<p><\/p>\r\n[vc_row][vc_column][vc_column_text]\r\n<table style=\"width: 100.368%;\" width=\"1354\">\r\n<tbody>\r\n<tr>\r\n<td style=\"width: 33.2409%;\"><img loading=\"lazy\" decoding=\"async\" class=\"alignnone wp-image-122847 size-medium\" src=\"https:\/\/awo-fulda.de\/wp-content\/uploads\/2023\/04\/BGZ-Ziehers-Sued-links-480x320.png\" alt=\"\" width=\"480\" height=\"320\" srcset=\"https:\/\/awo-fulda.de\/wp-content\/uploads\/2023\/04\/BGZ-Ziehers-Sued-links-480x320.png 480w, https:\/\/awo-fulda.de\/wp-content\/uploads\/2023\/04\/BGZ-Ziehers-Sued-links-640x426.png 640w, https:\/\/awo-fulda.de\/wp-content\/uploads\/2023\/04\/BGZ-Ziehers-Sued-links-768x512.png 768w, https:\/\/awo-fulda.de\/wp-content\/uploads\/2023\/04\/BGZ-Ziehers-Sued-links.png 812w\" sizes=\"auto, (max-width: 480px) 100vw, 480px\" \/><\/td>\r\n<td style=\"width: 33.2677%;\"><img loading=\"lazy\" decoding=\"async\" class=\"aligncenter wp-image-122846 size-medium\" src=\"https:\/\/awo-fulda.de\/wp-content\/uploads\/2023\/04\/BGZ-Ziehers-Sued-mitte-480x320.png\" alt=\"\" width=\"480\" height=\"320\" srcset=\"https:\/\/awo-fulda.de\/wp-content\/uploads\/2023\/04\/BGZ-Ziehers-Sued-mitte-480x320.png 480w, https:\/\/awo-fulda.de\/wp-content\/uploads\/2023\/04\/BGZ-Ziehers-Sued-mitte-640x427.png 640w, https:\/\/awo-fulda.de\/wp-content\/uploads\/2023\/04\/BGZ-Ziehers-Sued-mitte-768x512.png 768w, https:\/\/awo-fulda.de\/wp-content\/uploads\/2023\/04\/BGZ-Ziehers-Sued-mitte.png 849w\" sizes=\"auto, (max-width: 480px) 100vw, 480px\" \/><\/td>\r\n<td style=\"width: 67.1425%;\"><img loading=\"lazy\" decoding=\"async\" class=\"aligncenter wp-image-122845 size-medium\" src=\"https:\/\/awo-fulda.de\/wp-content\/uploads\/2023\/04\/BGZ-Ziehers-Sued-rechts-480x320.png\" alt=\"\" width=\"480\" height=\"320\" srcset=\"https:\/\/awo-fulda.de\/wp-content\/uploads\/2023\/04\/BGZ-Ziehers-Sued-rechts-480x320.png 480w, https:\/\/awo-fulda.de\/wp-content\/uploads\/2023\/04\/BGZ-Ziehers-Sued-rechts-640x427.png 640w, https:\/\/awo-fulda.de\/wp-content\/uploads\/2023\/04\/BGZ-Ziehers-Sued-rechts-768x512.png 768w, https:\/\/awo-fulda.de\/wp-content\/uploads\/2023\/04\/BGZ-Ziehers-Sued-rechts.png 1164w\" sizes=\"auto, (max-width: 480px) 100vw, 480px\" \/><\/td>\r\n<\/tr>\r\n<\/tbody>\r\n<\/table>\r\n<p>Die Einweihung des B\u00fcrgerzentrums Ziehers-S\u00fcd war im Januar 2019. Die Turnhalle der ehemaligen Athanasius-Kircher-Schule wurde im Rahmen des St\u00e4dtef\u00f6rderprogramms \u201eSoziale Stadt\u201c umgebaut und ist eine lebendige Anlaufstelle f\u00fcr alle Belange des Stadtteils geworden. Seit Januar 2020 gestaltet die AWO Fulda das B\u00fcrgerzentrum und das Gemeinschaftsleben im Stadtteil.<\/p>\r\n<p>Nachbarschaftliches Engagement, Arbeit von Ehrenamtlichen und Hauptamtlichen machen eine Vielzahl und Vielfalt an Angeboten f\u00fcr Menschen aus dem Stadtteil und dar\u00fcber hinaus m\u00f6glich. Auszugsweise sind zu nennen:<\/p>\r\n<ul>\r\n<li>Mittagstisch<\/li>\r\n<li>Abenteuer Umweltschutz f\u00fcr Kinder<\/li>\r\n<li>Bewegungsangebote<\/li>\r\n<li>Formularhilfe<\/li>\r\n<li>Digital Caf\u00e9<\/li>\r\n<li>Hausaufgabenbetreuung<\/li>\r\n<li>Caf\u00e9 im Hof<\/li>\r\n<li>Vortagsbackwaren<\/li>\r\n<li>Sprechstunden (Familienlotsin\/Seniorenberatung)<\/li>\r\n<li>Aktionen wie z.B. den Tag der Nachbarn oder eine M\u00fcllsammelaktion<\/li>\r\n<\/ul>\r\n<p>Das B\u00fcrgerzentrum Ziehers-S\u00fcd ist neben dem Begegnungsort f\u00fcr die Stadtteilbewohner*innen auch ein vielseitig genutzter Veranstaltungsort, der f\u00fcr Familienfeiern, Karnevalssitzungen und diverse weitere Gelegenheiten vermietet wird.<\/p>\r\n<p><strong>Hier finden Sie unseren aktuellen Wochenplan (anklicken f\u00fcr gr\u00f6\u00dfere Ansicht):<\/strong><\/p>\r\n<p><a href=\"https:\/\/awo-fulda.de\/wp-content\/uploads\/2026\/01\/BueZe_Wochenplan_1.HJ_2026-_ab_Januar-1.jpg\" target=\"_blank\" rel=\"noopener\"><img loading=\"lazy\" decoding=\"async\" class=\"alignnone\" src=\"https:\/\/awo-fulda.de\/wp-content\/uploads\/2026\/01\/BueZe_Wochenplan_1.HJ_2026-_ab_Januar-1.jpg\" alt=\"\" width=\"1000\" height=\"707\" \/><\/a><\/p>\r\n<p><a href=\"https:\/\/awo-fulda.de\/wp-content\/uploads\/2026\/01\/BueZe_Wochenplan_1.HJ_2026-_ab_Januar-2.jpg\" target=\"_blank\" rel=\"noopener\"><img loading=\"lazy\" decoding=\"async\" class=\"alignnone\" src=\"https:\/\/awo-fulda.de\/wp-content\/uploads\/2026\/01\/BueZe_Wochenplan_1.HJ_2026-_ab_Januar-2.jpg\" alt=\"\" width=\"700\" height=\"707\" \/><\/a><\/p>\r\n\r\n<p>Nachfolgend finden Sie die Termine f\u00fcr den <strong>Mittagstisch<\/strong> und unsere diesj\u00e4hrigen <strong>Schlie\u00dfzeiten<\/strong>.<\/p>\r\n<p><a href=\"https:\/\/awo-fulda.de\/wp-content\/uploads\/2026\/01\/Mittagstisch_2026-1.-HJ.png\" target=\"_blank\" rel=\"noopener\"><img loading=\"lazy\" decoding=\"async\" class=\"alignnone\" src=\"https:\/\/awo-fulda.de\/wp-content\/uploads\/2026\/01\/Mittagstisch_2026-1.-HJ.png\" alt=\"\" width=\"325\" height=\"707\" \/><\/a>\r\n<a href=\"https:\/\/awo-fulda.de\/wp-content\/uploads\/2026\/01\/Schliesszeit-Buergerzentrum-2025-26-2.jpg\" target=\"_blank\" rel=\"noopener\"><img loading=\"lazy\" decoding=\"async\" class=\"alignnone\" src=\"https:\/\/awo-fulda.de\/wp-content\/uploads\/2026\/01\/Schliesszeit-Buergerzentrum-2025-26-2.jpg\" alt=\"\" width=\"400\" height=\"707\" \/><\/a><\/p>\r\n\r\n<p>&nbsp;<\/p>\r\n<p>&nbsp;<\/p>\r\n<div style=\"display: grid; grid-template-columns: 1fr 1fr;\">\r\n<div>\u00a0<\/div>\r\n<div>\u00a0<\/div>\r\n<\/div>\r\n<p>&nbsp;<\/p>\r\n<p><\/p>\r\n<p>&nbsp;<\/p>\r\n<!-- \/wp:post-content --><\/div>","protected":false},"excerpt":{"rendered":"<p>[vc_row][vc_column][vc_column_text] Die Einweihung des B\u00fcrgerzentrums Ziehers-S\u00fcd war im Januar 2019. Die Turnhalle der ehemaligen Athanasius-Kircher-Schule wurde im Rahmen des St\u00e4dtef\u00f6rderprogramms \u201eSoziale Stadt\u201c umgebaut und ist eine lebendige Anlaufstelle f\u00fcr alle&hellip;<\/p>\n","protected":false},"author":6,"featured_media":0,"parent":0,"menu_order":0,"comment_status":"closed","ping_status":"closed","template":"","meta":{"_editorskit_title_hidden":false,"_editorskit_reading_time":1,"_editorskit_is_block_options_detached":false,"_editorskit_block_options_position":"{}","footnotes":""},"class_list":["post-21767","page","type-page","status-publish","hentry","description-off"],"translation":{"provider":"WPGlobus","version":"3.0.2","language":"ar","enabled_languages":["de","en","fr","ru","ar","tr","fa"],"languages":{"de":{"title":true,"content":true,"excerpt":false},"en":{"title":false,"content":false,"excerpt":false},"fr":{"title":false,"content":false,"excerpt":false},"ru":{"title":false,"content":false,"excerpt":false},"ar":{"title":false,"content":false,"excerpt":false},"tr":{"title":false,"content":false,"excerpt":false},"fa":{"title":false,"content":false,"excerpt":false}}},"_links":{"self":[{"href":"https:\/\/awo-fulda.de\/ar\/wp-json\/wp\/v2\/pages\/21767","targetHints":{"allow":["GET"]}}],"collection":[{"href":"https:\/\/awo-fulda.de\/ar\/wp-json\/wp\/v2\/pages"}],"about":[{"href":"https:\/\/awo-fulda.de\/ar\/wp-json\/wp\/v2\/types\/page"}],"author":[{"embeddable":true,"href":"https:\/\/awo-fulda.de\/ar\/wp-json\/wp\/v2\/users\/6"}],"replies":[{"embeddable":true,"href":"https:\/\/awo-fulda.de\/ar\/wp-json\/wp\/v2\/comments?post=21767"}],"version-history":[{"count":110,"href":"https:\/\/awo-fulda.de\/ar\/wp-json\/wp\/v2\/pages\/21767\/revisions"}],"predecessor-version":[{"id":144644,"href":"https:\/\/awo-fulda.de\/ar\/wp-json\/wp\/v2\/pages\/21767\/revisions\/144644"}],"wp:attachment":[{"href":"https:\/\/awo-fulda.de\/ar\/wp-json\/wp\/v2\/media?parent=21767"}],"curies":[{"name":"wp","href":"https:\/\/api.w.org\/{rel}","templated":true}]}}