{"id":18961,"date":"2018-12-07T15:13:06","date_gmt":"2018-12-07T14:13:06","guid":{"rendered":"https:\/\/awo-fulda.de\/?page_id=18961"},"modified":"2022-01-29T18:21:45","modified_gmt":"2022-01-29T17:21:45","slug":"historische-naehstube-verkaufsaktion","status":"publish","type":"page","link":"https:\/\/awo-fulda.de\/ar\/100-jahre-awo\/historische-naehstube-verkaufsaktion\/","title":{"rendered":"Historische N\u00e4hstube \/ Verkaufsaktion"},"content":{"rendered":"<table style=\"width: 100%; border-collapse: collapse;\">\n<tbody>\n<tr>\n<td style=\"width: 33.3333%;\"><img loading=\"lazy\" decoding=\"async\" class=\"aligncenter wp-image-18969\" src=\"https:\/\/awo-fulda.de\/wp-content\/uploads\/2018\/12\/N\u00e4hstube-1600_900.jpg\" alt=\"Historische N\u00e4hstube der AWO\" width=\"391\" height=\"220\" srcset=\"https:\/\/awo-fulda.de\/wp-content\/uploads\/2018\/12\/N\u00e4hstube-1600_900.jpg 1600w, https:\/\/awo-fulda.de\/wp-content\/uploads\/2018\/12\/N\u00e4hstube-1600_900-480x270.jpg 480w, https:\/\/awo-fulda.de\/wp-content\/uploads\/2018\/12\/N\u00e4hstube-1600_900-768x432.jpg 768w, https:\/\/awo-fulda.de\/wp-content\/uploads\/2018\/12\/N\u00e4hstube-1600_900-640x360.jpg 640w\" sizes=\"auto, (max-width: 391px) 100vw, 391px\" \/><\/td>\n<td style=\"width: 33.3333%;\"><img loading=\"lazy\" decoding=\"async\" class=\"wp-image-18972 aligncenter\" src=\"https:\/\/awo-fulda.de\/wp-content\/uploads\/2018\/12\/Schild-N\u00e4hstube-Arbeiterwohlfahrt.jpg\" alt=\"Schild N\u00e4hstube Arbeiter-Wohlfahrt\" width=\"398\" height=\"220\" srcset=\"https:\/\/awo-fulda.de\/wp-content\/uploads\/2018\/12\/Schild-N\u00e4hstube-Arbeiterwohlfahrt.jpg 1511w, https:\/\/awo-fulda.de\/wp-content\/uploads\/2018\/12\/Schild-N\u00e4hstube-Arbeiterwohlfahrt-480x266.jpg 480w, https:\/\/awo-fulda.de\/wp-content\/uploads\/2018\/12\/Schild-N\u00e4hstube-Arbeiterwohlfahrt-768x425.jpg 768w, https:\/\/awo-fulda.de\/wp-content\/uploads\/2018\/12\/Schild-N\u00e4hstube-Arbeiterwohlfahrt-640x354.jpg 640w\" sizes=\"auto, (max-width: 398px) 100vw, 398px\" \/><\/td>\n<td style=\"width: 33.3333%;\"><a class=\"dt-pswp-item\" href=\"https:\/\/awo-fulda.de\/wp-content\/uploads\/2018\/12\/N\u00e4hstube1.jpg\" data-dt-img-description=\"\" data-large_image_width=\"1600\" data-large_image_height=\"900\"><img loading=\"lazy\" decoding=\"async\" class=\"size-full wp-image-19034 alignright\" src=\"https:\/\/awo-fulda.de\/wp-content\/uploads\/2018\/12\/N\u00e4hstube1.jpg\" alt=\"\" width=\"1600\" height=\"900\" srcset=\"https:\/\/awo-fulda.de\/wp-content\/uploads\/2018\/12\/N\u00e4hstube1.jpg 1600w, https:\/\/awo-fulda.de\/wp-content\/uploads\/2018\/12\/N\u00e4hstube1-480x270.jpg 480w, https:\/\/awo-fulda.de\/wp-content\/uploads\/2018\/12\/N\u00e4hstube1-768x432.jpg 768w, https:\/\/awo-fulda.de\/wp-content\/uploads\/2018\/12\/N\u00e4hstube1-640x360.jpg 640w\" sizes=\"auto, (max-width: 1600px) 100vw, 1600px\" \/><\/a><\/td>\n<\/tr>\n<\/tbody>\n<\/table>\n<p><strong>Engagierte Frauen pr\u00e4sentieren die historische N\u00e4hstube der AWO und n\u00e4hen f\u00fcr den guten Zweck<\/strong><\/p>\n<p>Dank einiger flei\u00dfiger Frauen wurde die AWO N\u00e4hstube wieder aktiviert. Anl\u00e4sslich unseres Jubil\u00e4ums hatten sie die Idee, eine historische N\u00e4hstube mit entsprechenden alten N\u00e4hmaschinen, entsprechendem Zubeh\u00f6r und Fotografien aufzubauen. Damit es aber kein reines Anschauungsobjekt bleibt, sind die N\u00e4hmaschinen auch in Gang gesetzt worden.<\/p>\n<h3><strong><img loading=\"lazy\" decoding=\"async\" class=\"wp-image-18968 alignleft\" src=\"https:\/\/awo-fulda.de\/wp-content\/uploads\/2018\/12\/Kind-mit-Kissen-Hochformat.jpg\" alt=\"Kind mit herzf\u00f6rmigem Kissen\" width=\"200\" height=\"268\" srcset=\"https:\/\/awo-fulda.de\/wp-content\/uploads\/2018\/12\/Kind-mit-Kissen-Hochformat.jpg 518w, https:\/\/awo-fulda.de\/wp-content\/uploads\/2018\/12\/Kind-mit-Kissen-Hochformat-358x480.jpg 358w, https:\/\/awo-fulda.de\/wp-content\/uploads\/2018\/12\/Kind-mit-Kissen-Hochformat-478x640.jpg 478w\" sizes=\"auto, (max-width: 200px) 100vw, 200px\" \/><\/strong><\/h3>\n<p><strong>Zur Unterst\u00fctzung unserer Projekte wurden Kuschelherzen und Kirschkernkissen gen\u00e4ht. <\/strong><\/p>\n<p><strong>Au\u00dferdem kleine Handytaschen bzw. Etuis, die man auch f\u00fcr Brillen u.a. einsetzen kann.<br \/>\n<\/strong><\/p>\n<p>So ein Kuschelkissen ist nicht nur was f\u00fcrs Kinderzimmer sondern auch f\u00fcr das Sofa,<br \/>\nden Fernsehsessel und den Liegestuhl. Au\u00dferdem kann man es prima ins Genick klemmen wie eine Nackenrolle.<\/p>\n<p><strong>In unserer Gesch\u00e4ftsstelle sind sie jederzeit zu haben!<\/strong><\/p>\n<p><span style=\"color: #e63030;\"><strong>Kissen bieten wir in Gr\u00f6\u00dfe 30&#215;30 zum Preis von 5,00 Euro an.<\/strong><\/span><\/p>\n<p><span style=\"color: #e63030;\"><strong>Herzf\u00f6rmige Kirschkernkissen erhalten Sie f\u00fcr 4,00 Euro.<\/strong><\/span><\/p>\n<p><span style=\"color: #e63030;\"><strong>Die Handytaschen kosten 7,50 Euro.<\/p>\n<p><\/strong><\/span><\/p>\n<p><a href=\"http:\/\/www.awo.org\/kampagnen\/jubilaeumsjahr\"><span style=\"color: #000000;\">#100JahreAWO<\/span><\/a><\/p>\n<table style=\"border-collapse: collapse;\">\n<tbody>\n<tr>\n<td style=\"width: 100%;\"><\/td>\n<\/tr>\n<\/tbody>\n<\/table>\n<h4><strong>Information zu Kirschkernkissen:<\/strong><\/h4>\n<p>Einsatz als Massagekissen f\u00fcr Finger und F\u00fc\u00dfe egal ob bei Erwachsenen, Babys oder Kindern:<\/p>\n<p>Die massierenden Bewegungen f\u00f6rdern die Durchblutung und die Feinmotorik.<\/p>\n<table style=\"width: 100%; border-collapse: collapse; border-style: none; border-color: #ffffff;\" border=\"1\">\n<tbody>\n<tr style=\"border-style: none;\">\n<td style=\"width: 50%; border-style: none;\"><strong><u>Anwendungsbereiche des warmen Kirschkernkissens<br \/>\n<\/u><\/strong>(Backofen 100-150 Grad \/ 10-15 Minuten)<strong>R\u00fcckenschmerzen und Verspannungen<\/strong>: Kissen in der Kreuzregion auflegen,<br \/>\n3x t\u00e4glich ca. 10 Minuten<strong>Krampfartigen<\/strong> <strong>Bauchschmerzen: <\/strong>zum Lindern und Entspannen z.B. von Monatsschmerzen, liegen und 10 Minuten auflegen, bei Bedarf wiederholen.<strong>Kalte F\u00fc\u00dfe: <\/strong>wie eine W\u00e4rmflasche verschafft das Kissen ein wohlig warmes Gef\u00fchl.Weitere Anwendungsbereiche sind:<strong>Rheuma<\/strong>, <strong>Hexenschuss<\/strong>, <strong>gezerrte und schmerzende Muskeln<\/strong>, aber auch <strong>Erk\u00e4ltungskrankheiten<\/strong>.<\/td>\n<td style=\"width: 50%; border-style: none;\"><strong><u>Anwendungsbereiche des k\u00fchlenden Kirschkernkissens<br \/>\n<\/u><\/strong>(Gefriertruhe 30 Minuten)<strong>Stauchungen und Prellungen<\/strong>: lindert Schmerz und die Schwellung<strong>Geschwollenen Augen<\/strong>: wirkt wie eine k\u00fchlende Brille der Schwellung entgegen<strong>Kopfschmerzen: <\/strong>Raum verdunkeln und sich zur\u00fcckziehen, Kissen 15-30 Minuten auf den Kopf legen, hilft die Schmerzen ertr\u00e4glicher zu machen und etwas zu schlafen.<strong>Zahnschmerzen und Entz\u00fcndungen: <\/strong>wie einen K\u00fchlakku zur Linderung auf die schmerzenden Stellen legen<strong>Fieber: <\/strong>\u00a0anstelle kalter Wadenwickel<\/td>\n<\/tr>\n<\/tbody>\n<\/table>\n","protected":false},"excerpt":{"rendered":"<p>Engagierte Frauen pr\u00e4sentieren die historische N\u00e4hstube der AWO und n\u00e4hen f\u00fcr den guten Zweck Dank einiger flei\u00dfiger Frauen wurde die AWO N\u00e4hstube wieder aktiviert. Anl\u00e4sslich unseres Jubil\u00e4ums hatten sie die&hellip;<\/p>\n","protected":false},"author":10,"featured_media":0,"parent":18860,"menu_order":0,"comment_status":"closed","ping_status":"closed","template":"","meta":{"_editorskit_title_hidden":false,"_editorskit_reading_time":0,"_editorskit_is_block_options_detached":false,"_editorskit_block_options_position":"{}","footnotes":""},"class_list":["post-18961","page","type-page","status-publish","hentry","description-off"],"translation":{"provider":"WPGlobus","version":"3.0.2","language":"ar","enabled_languages":["de","en","fr","ru","ar","tr","fa"],"languages":{"de":{"title":true,"content":true,"excerpt":false},"en":{"title":false,"content":false,"excerpt":false},"fr":{"title":false,"content":false,"excerpt":false},"ru":{"title":false,"content":false,"excerpt":false},"ar":{"title":false,"content":false,"excerpt":false},"tr":{"title":false,"content":false,"excerpt":false},"fa":{"title":false,"content":false,"excerpt":false}}},"_links":{"self":[{"href":"https:\/\/awo-fulda.de\/ar\/wp-json\/wp\/v2\/pages\/18961","targetHints":{"allow":["GET"]}}],"collection":[{"href":"https:\/\/awo-fulda.de\/ar\/wp-json\/wp\/v2\/pages"}],"about":[{"href":"https:\/\/awo-fulda.de\/ar\/wp-json\/wp\/v2\/types\/page"}],"author":[{"embeddable":true,"href":"https:\/\/awo-fulda.de\/ar\/wp-json\/wp\/v2\/users\/10"}],"replies":[{"embeddable":true,"href":"https:\/\/awo-fulda.de\/ar\/wp-json\/wp\/v2\/comments?post=18961"}],"version-history":[{"count":30,"href":"https:\/\/awo-fulda.de\/ar\/wp-json\/wp\/v2\/pages\/18961\/revisions"}],"predecessor-version":[{"id":20381,"href":"https:\/\/awo-fulda.de\/ar\/wp-json\/wp\/v2\/pages\/18961\/revisions\/20381"}],"up":[{"embeddable":true,"href":"https:\/\/awo-fulda.de\/ar\/wp-json\/wp\/v2\/pages\/18860"}],"wp:attachment":[{"href":"https:\/\/awo-fulda.de\/ar\/wp-json\/wp\/v2\/media?parent=18961"}],"curies":[{"name":"wp","href":"https:\/\/api.w.org\/{rel}","templated":true}]}}