{"id":16079,"date":"2018-06-10T16:53:32","date_gmt":"2018-06-10T14:53:32","guid":{"rendered":"https:\/\/awo-fulda.de\/?page_id=16079"},"modified":"2020-10-07T12:53:16","modified_gmt":"2020-10-07T10:53:16","slug":"harmonie-e-v","status":"publish","type":"page","link":"https:\/\/awo-fulda.de\/ar\/wir-ueber-uns\/nahestehende-vereine-gruppen\/harmonie-e-v\/","title":{"rendered":"Harmonie e.V."},"content":{"rendered":"<p><img loading=\"lazy\" decoding=\"async\" class=\" wp-image-16081 alignright\" src=\"https:\/\/awo-fulda.de\/wp-content\/uploads\/2018\/06\/harmonie-logo.jpg\" alt=\"\" width=\"120\" height=\"181\" \/>Harmonie e.V. ist ein Internationaler Kultur- und Bildungsverein f\u00fcr Kinder, Jugendliche und Familien aus Fulda und Umgebung. Der Verein verfolgt das Ziel, Bildung mit Harmonie zu verwirklichen. Dabei ist ihnen wichtig, dass sie sich nicht in eine Schule oder Kindergarten verwandeln, sondern dass sich die Kinder mit Spiel, Musik, Tanz, logischen Spielen und Theater, etc. weiter entwickeln.<\/p>\n<p>Dazu finden z.B. folgende Angebote statt:<\/p>\n<ul>\n<li>F\u00f6rderung internationaler Gesinnung, der Toleranz auf allen Gebieten der Kultur und des V\u00f6lkerverst\u00e4ndigungsgedankens<\/li>\n<li>Erziehung und Bildung von Kindern, Jugendlichen und Familien mit Toleranz, Respekt und Vertrauen<\/li>\n<li>Sozialp\u00e4dagogische Betreuung sozialer Randgruppen insbesondere von\u00a0\u00a0 Aussiedlern, Asylbewerbern, Asylberechtigten und ausl\u00e4ndischen Mitb\u00fcrgern<\/li>\n<li>Au\u00dferschulische Betreuung und F\u00f6rderung von Kindern und Jugendlichen<\/li>\n<\/ul>\n<p>Zur Erf\u00fcllung dieser Aufgaben sucht der Verein die Zusammenarbeit mit Beh\u00f6rden, Selbsthilfe- und F\u00fcrsorgeorganisationen in Fulda. Die Mitglieder des Vereins sind regional in Bezirksgruppen und entsprechend ihrer jeweiligen Interessenlage und Berufsrichtung in Fachgruppen zusammengefasst.<\/p>\n<p>Der Verein Harmonie e.V. ist korporatives Mitglied des AWO Kreisverbands Fulda und arbeitet eng mit dem Mehrgenerationenhaus am Aschenberg zusammen.<\/p>\n<p><a class=\"dt-pswp-item\" href=\"https:\/\/awo-fulda.de\/wp-content\/uploads\/2019\/12\/awo-fulda-weihnachtsfeier-2019-6-von-61.jpg\" data-dt-img-description=\"\" data-large_image_width=\"2048\" data-large_image_height=\"1351\"><img loading=\"lazy\" decoding=\"async\" class=\"wp-image-21323 alignnone\" src=\"https:\/\/awo-fulda.de\/wp-content\/uploads\/2019\/12\/awo-fulda-weihnachtsfeier-2019-6-von-61.jpg\" alt=\"\" width=\"629\" height=\"415\" srcset=\"https:\/\/awo-fulda.de\/wp-content\/uploads\/2019\/12\/awo-fulda-weihnachtsfeier-2019-6-von-61.jpg 2048w, https:\/\/awo-fulda.de\/wp-content\/uploads\/2019\/12\/awo-fulda-weihnachtsfeier-2019-6-von-61-480x317.jpg 480w, https:\/\/awo-fulda.de\/wp-content\/uploads\/2019\/12\/awo-fulda-weihnachtsfeier-2019-6-von-61-640x422.jpg 640w, https:\/\/awo-fulda.de\/wp-content\/uploads\/2019\/12\/awo-fulda-weihnachtsfeier-2019-6-von-61-768x507.jpg 768w, https:\/\/awo-fulda.de\/wp-content\/uploads\/2019\/12\/awo-fulda-weihnachtsfeier-2019-6-von-61-1536x1013.jpg 1536w\" sizes=\"auto, (max-width: 629px) 100vw, 629px\" \/><\/a><\/p>\n<p><a class=\"dt-pswp-item\" href=\"https:\/\/awo-fulda.de\/wp-content\/uploads\/2019\/05\/IMG_1372-2-e1575986138410.jpg\" data-dt-img-description=\"\" data-large_image_width=\"1600\" data-large_image_height=\"1200\"><img loading=\"lazy\" decoding=\"async\" class=\"wp-image-19929 alignright\" src=\"https:\/\/awo-fulda.de\/wp-content\/uploads\/2019\/05\/IMG_1372-2-e1575986138410.jpg\" alt=\"\" width=\"629\" height=\"472\" \/><\/a><\/p>\n<p><a class=\"dt-pswp-item\" href=\"https:\/\/awo-fulda.de\/wp-content\/uploads\/2020\/10\/harmonie.jpg\" data-dt-img-description=\"\" data-large_image_width=\"1369\" data-large_image_height=\"978\"><img loading=\"lazy\" decoding=\"async\" class=\"wp-image-24690 alignleft\" src=\"https:\/\/awo-fulda.de\/wp-content\/uploads\/2020\/10\/harmonie.jpg\" alt=\"\" width=\"629\" height=\"449\" srcset=\"https:\/\/awo-fulda.de\/wp-content\/uploads\/2020\/10\/harmonie.jpg 1369w, https:\/\/awo-fulda.de\/wp-content\/uploads\/2020\/10\/harmonie-480x343.jpg 480w, https:\/\/awo-fulda.de\/wp-content\/uploads\/2020\/10\/harmonie-640x457.jpg 640w, https:\/\/awo-fulda.de\/wp-content\/uploads\/2020\/10\/harmonie-768x549.jpg 768w\" sizes=\"auto, (max-width: 629px) 100vw, 629px\" \/><\/a><\/p>\n<p><a class=\"dt-pswp-item\" href=\"https:\/\/awo-fulda.de\/wp-content\/uploads\/2019\/12\/awo-fulda-weihnachtsfeier-2019-10-von-61.jpg\" data-dt-img-description=\"\" data-large_image_width=\"2048\" data-large_image_height=\"1992\"><img loading=\"lazy\" decoding=\"async\" class=\"wp-image-21325 alignright\" src=\"https:\/\/awo-fulda.de\/wp-content\/uploads\/2019\/12\/awo-fulda-weihnachtsfeier-2019-10-von-61.jpg\" alt=\"\" width=\"463\" height=\"450\" srcset=\"https:\/\/awo-fulda.de\/wp-content\/uploads\/2019\/12\/awo-fulda-weihnachtsfeier-2019-10-von-61.jpg 2048w, https:\/\/awo-fulda.de\/wp-content\/uploads\/2019\/12\/awo-fulda-weihnachtsfeier-2019-10-von-61-480x467.jpg 480w, https:\/\/awo-fulda.de\/wp-content\/uploads\/2019\/12\/awo-fulda-weihnachtsfeier-2019-10-von-61-640x623.jpg 640w, https:\/\/awo-fulda.de\/wp-content\/uploads\/2019\/12\/awo-fulda-weihnachtsfeier-2019-10-von-61-768x747.jpg 768w, https:\/\/awo-fulda.de\/wp-content\/uploads\/2019\/12\/awo-fulda-weihnachtsfeier-2019-10-von-61-1536x1494.jpg 1536w\" sizes=\"auto, (max-width: 463px) 100vw, 463px\" \/><\/a><\/p>\n","protected":false},"excerpt":{"rendered":"<p>Harmonie e.V. ist ein Internationaler Kultur- und Bildungsverein f\u00fcr Kinder, Jugendliche und Familien aus Fulda und Umgebung. Der Verein verfolgt das Ziel, Bildung mit Harmonie zu verwirklichen. Dabei ist ihnen&hellip;<\/p>\n","protected":false},"author":6,"featured_media":0,"parent":16072,"menu_order":0,"comment_status":"closed","ping_status":"closed","template":"","meta":{"_editorskit_title_hidden":false,"_editorskit_reading_time":0,"_editorskit_is_block_options_detached":false,"_editorskit_block_options_position":"{}","footnotes":""},"class_list":["post-16079","page","type-page","status-publish","hentry","description-off"],"translation":{"provider":"WPGlobus","version":"3.0.2","language":"ar","enabled_languages":["de","en","fr","ru","ar","tr","fa"],"languages":{"de":{"title":true,"content":true,"excerpt":false},"en":{"title":false,"content":false,"excerpt":false},"fr":{"title":false,"content":false,"excerpt":false},"ru":{"title":false,"content":false,"excerpt":false},"ar":{"title":false,"content":false,"excerpt":false},"tr":{"title":false,"content":false,"excerpt":false},"fa":{"title":false,"content":false,"excerpt":false}}},"_links":{"self":[{"href":"https:\/\/awo-fulda.de\/ar\/wp-json\/wp\/v2\/pages\/16079","targetHints":{"allow":["GET"]}}],"collection":[{"href":"https:\/\/awo-fulda.de\/ar\/wp-json\/wp\/v2\/pages"}],"about":[{"href":"https:\/\/awo-fulda.de\/ar\/wp-json\/wp\/v2\/types\/page"}],"author":[{"embeddable":true,"href":"https:\/\/awo-fulda.de\/ar\/wp-json\/wp\/v2\/users\/6"}],"replies":[{"embeddable":true,"href":"https:\/\/awo-fulda.de\/ar\/wp-json\/wp\/v2\/comments?post=16079"}],"version-history":[{"count":12,"href":"https:\/\/awo-fulda.de\/ar\/wp-json\/wp\/v2\/pages\/16079\/revisions"}],"predecessor-version":[{"id":24695,"href":"https:\/\/awo-fulda.de\/ar\/wp-json\/wp\/v2\/pages\/16079\/revisions\/24695"}],"up":[{"embeddable":true,"href":"https:\/\/awo-fulda.de\/ar\/wp-json\/wp\/v2\/pages\/16072"}],"wp:attachment":[{"href":"https:\/\/awo-fulda.de\/ar\/wp-json\/wp\/v2\/media?parent=16079"}],"curies":[{"name":"wp","href":"https:\/\/api.w.org\/{rel}","templated":true}]}}