{"id":15388,"date":"2018-05-16T13:55:34","date_gmt":"2018-05-16T11:55:34","guid":{"rendered":"https:\/\/awo-fulda.de\/?page_id=15388"},"modified":"2025-09-23T09:15:40","modified_gmt":"2025-09-23T07:15:40","slug":"elternbildung","status":"publish","type":"page","link":"https:\/\/awo-fulda.de\/ar\/beratung-begleitung\/elternbildung\/","title":{"rendered":"Elternbildung"},"content":{"rendered":"<div class=\"wpb-content-wrapper\">[vc_row][vc_column][vc_column_text css=&#8221;&#8221;]\n<table style=\"height: 40px;\" width=\"1342\">\n<tbody>\n<tr>\n<td style=\"width: 440px;\"><a class=\"dt-pswp-item\" href=\"https:\/\/awo-fulda.de\/wp-content\/uploads\/2018\/05\/Obs2.jpg\" data-dt-img-description=\"\" data-large_image_width=\"1600\" data-large_image_height=\"900\"><img loading=\"lazy\" decoding=\"async\" class=\"alignnone wp-image-15251 size-full\" src=\"https:\/\/awo-fulda.de\/wp-content\/uploads\/2018\/05\/Obs2.jpg\" alt=\"\" width=\"1600\" height=\"900\" srcset=\"https:\/\/awo-fulda.de\/wp-content\/uploads\/2018\/05\/Obs2.jpg 1600w, https:\/\/awo-fulda.de\/wp-content\/uploads\/2018\/05\/Obs2-480x270.jpg 480w, https:\/\/awo-fulda.de\/wp-content\/uploads\/2018\/05\/Obs2-768x432.jpg 768w, https:\/\/awo-fulda.de\/wp-content\/uploads\/2018\/05\/Obs2-640x360.jpg 640w\" sizes=\"auto, (max-width: 1600px) 100vw, 1600px\" \/><\/a><\/td>\n<td style=\"width: 440px;\"><a href=\"https:\/\/awo-fulda.de\/wp-content\/uploads\/2025\/09\/Sturmius.png\"><img loading=\"lazy\" decoding=\"async\" class=\"alignnone\" src=\"https:\/\/awo-fulda.de\/wp-content\/uploads\/2025\/09\/Sturmius.png\" alt=\"\" width=\"1600\" height=\"901\" \/><\/a><\/td>\n<td style=\"width: 440px;\"><a href=\"https:\/\/awo-fulda.de\/wp-content\/uploads\/2018\/05\/AWO_16.jpg\"><img loading=\"lazy\" decoding=\"async\" class=\"alignnone wp-image-15202 size-full\" src=\"https:\/\/awo-fulda.de\/wp-content\/uploads\/2018\/05\/AWO_16.jpg\" alt=\"\" width=\"1600\" height=\"900\" srcset=\"https:\/\/awo-fulda.de\/wp-content\/uploads\/2018\/05\/AWO_16.jpg 1600w, https:\/\/awo-fulda.de\/wp-content\/uploads\/2018\/05\/AWO_16-480x270.jpg 480w, https:\/\/awo-fulda.de\/wp-content\/uploads\/2018\/05\/AWO_16-768x432.jpg 768w, https:\/\/awo-fulda.de\/wp-content\/uploads\/2018\/05\/AWO_16-640x360.jpg 640w\" sizes=\"auto, (max-width: 1600px) 100vw, 1600px\" \/><\/a><\/td>\n<\/tr>\n<\/tbody>\n<\/table>\n<p>In den ersten Lebensjahren werden wichtige Grundlagen f\u00fcr den sp\u00e4teren Lebensweg Ihres Kindes gelegt.<br \/>\nOb Ihr Kind einen guten Schulstart hat, ob sein Bildungsweg und schlussendlich sein Lebensweg erfolgreich wird, entscheidet sich in den ersten Lebensjahren in der Familie.<br \/>\nF\u00fcr viele sind die ersten Jahre jedoch die schwierigsten. Manche Eltern brauchen am Anfang ein wenig Unterst\u00fctzung.<\/p>\n<p>Unsere Elternprogramme machen Eltern fit:\u00a0 freiwillig, selbstbestimmt und mit jeder Menge Spa\u00df!<\/p>\n<p>Alle unsere Elternprogramme sind mehrsprachig und kostenlos.<\/p>\n[vc_zigzag]\n<p><strong>Elternchancenprojekt BiBi<\/strong><\/p>\n<p><em>Elternchancen \u2013 Gemeinsam den \u00dcbergang gestalten<\/em><\/p>\n<p>Der \u00dcbergang vom Kindergarten in die Grundschule ist f\u00fcr Kinder wie Eltern ein bedeutsamer Schritt. Mit dem Projekt \u201eElternchancen\u201c begleitet die AWO Familien in dieser wichtigen Lebensphase. Ziel ist es, Eltern fr\u00fchzeitig einzubeziehen, Kinder bestm\u00f6glich zu unterst\u00fctzen und Begegnungsr\u00e4ume zu schaffen, in denen Fragen gestellt, Sorgen geteilt und Gemeinschaft erlebt werden kann.<\/p>\n<p>Der AWO Kreisverband Fulda hat gemeinsam mit Projektkoordinatorin Sarah Heitz die erste F\u00f6rderphase des Projekts \u201eElternchancen\u201c erfolgreich abgeschlossen und ist nahtlos in die zweite F\u00f6rderphase \u00fcbergegangen. Bereits in der ersten Phase begleiteten drei erfahrene Elternbegleiterinnen die Familien: Elena Veselinova am Standort Aschenberg, Natasha Stoshikj in Ostend\/Ziehers S\u00fcd sowie Katharina Weber-Betz in Ostend\/Ziehers S\u00fcd und im S\u00fcdend. Sie standen Eltern beratend und unterst\u00fctzend zur Seite \u2013 und setzen diese wichtige Arbeit auch in der neuen F\u00f6rderphase fort.<\/p>\n<p><em>Elterncaf\u00e9s \u2013 Austausch und Unterst\u00fctzung<\/em><\/p>\n<p>Ein zentrales Element des Projekts sind die Elterncaf\u00e9s, die in Kitas und Schulen stattfinden. Hier k\u00f6nnen Eltern in entspannter Atmosph\u00e4re miteinander ins Gespr\u00e4ch kommen, ihre Fragen rund um Einschulung, Lernentwicklung oder Alltagsorganisation stellen und von Expert*innen wertvolle Impulse erhalten \u2013 etwa zu den Themen gesunde Ern\u00e4hrung oder Medienkonsum. So entstehen Orte, an denen Eltern voneinander lernen, sich vernetzen und gemeinsam st\u00e4rker werden.<\/p>\n<p><em>Vorschulgruppen und begleitende Angebote in den Stadtteilen<\/em><\/p>\n<p><em>Ostend \/ Ziehers S\u00fcd<\/em><br \/>\nIm Stadtteil Ostend\/Ziehers S\u00fcd nimmt die Vorschulgruppe BiBi Kinder aus den Kitas Schatzinsel und Hobbits auf. Zwei Mal w\u00f6chentlich werden die Vorschulkinder spielerisch auf die Schule vorbereitet \u2013 mit Basteln, Spielen, Sprach- und Konzentrations\u00fcbungen.<\/p>\n<p>Ein besonderes Highlight richtet sich an alle Vorschulkinder der Grundschule: Noch vor der Einschulung basteln sie gemeinsam im k\u00fcnftigen Klassenverbund. Dabei lernen sich Kinder, Eltern und Lehrkr\u00e4fte erstmals kennen \u2013 ein wichtiger Grundstein f\u00fcr Vertrauen und ein gutes Miteinander. Nach den Sommerferien wird die Begleitung im 14-t\u00e4gigen Elterncaf\u00e9 in der Mensa der Schule fortgesetzt.<\/p>\n<p><em>Aschenberg<\/em><br \/>\nAm Aschenberg wird die Vorschulgruppe BiBi in Kooperation mit der Bonifatiusschule durchgef\u00fchrt. Hier nehmen Kinder und Eltern der Vorklasse teil.<\/p>\n<p>Die begleitenden mobilen Elterncaf\u00e9s finden in den ans\u00e4ssigen Kinderg\u00e4rten statt. Sobald in der Bonifatiusschule ein neuer Raum fertiggestellt ist, wird zus\u00e4tzlich ein festes Elterncaf\u00e9 f\u00fcr alle Eltern eingerichtet.<\/p>\n<p><em>S\u00fcdend<\/em><br \/>\nIm S\u00fcdend liegt der Schwerpunkt st\u00e4rker auf anlassbezogenen Elterncaf\u00e9s. Sie werden im Rahmen von Veranstaltungen wie Einschulung, Sturmiusbasar oder Erntedankfest durchgef\u00fchrt und durch thematische Angebote, etwa zu Medienkonsum oder Zuckerkonsum, erg\u00e4nzt.<\/p>\n<p>Dar\u00fcber hinaus gibt es gemeinsame Aktivit\u00e4ten, die Eltern, Kinder und Schule n\u00e4her zusammenbringen \u2013 vom St. Martins-Basteln in den 1. Klassen \u00fcber die Begleitung des St. Martins-Umzugs bis hin zum traditionellen Sturmius-Picknick im Fr\u00fchjahr.<\/p>\n<p><em>St\u00e4rkung der Elternrolle<\/em><\/p>\n<p>\u201eElternchancen\u201c m\u00f6chte nicht nur Kinder beim \u00dcbergang in die Schule begleiten, sondern auch Eltern in ihrer Rolle st\u00e4rken. Wer Fragen stellen darf, Verst\u00e4ndnis findet und Anregungen erh\u00e4lt, f\u00fchlt sich sicherer \u2013 und kann diese Sicherheit an sein Kind weitergeben.<\/p>\n<p>So wird der Start in die Schule zu einer gemeinsamen Erfahrung von Eltern, Kindern und Bildungseinrichtungen, die Vertrauen schafft und den Weg f\u00fcr einen gelungenen Bildungsweg ebnet.<\/p>\n<p><em>F\u00f6rderung<\/em><\/p>\n<p>Das Projekt \u201eElternchancen\u201c wird gef\u00f6rdert vom Bundesministerium f\u00fcr Bildung, Familie, Senioren, Frauen und Jugend (BMBFSFJ) und kofinanziert von der Europ\u00e4ischen Union und der Stadt Fulda.<\/p>\n[vc_single_image image=&#8221;141087&#8243; img_size=&#8221;large&#8221; onclick=&#8221;link_image&#8221; css=&#8221;&#8221;]\n<p><strong>Die Projektverantwortlichen der unterschiedlichen Standorte<\/strong><\/p>\n<p><em>(F\u00fcr gr\u00f6\u00dfere Ansicht bitte anklicken.)<\/em><\/p>\n[vc_zigzag]\n<p><strong>Eltern-AG<\/strong><\/p>\n<table style=\"width: 100%; border-collapse: collapse; border-style: hidden;\">\n<tbody>\n<tr>\n<td style=\"width: 100%;\"><img decoding=\"async\" src=\"https:\/\/awo-fulda.de\/wp-content\/uploads\/2021\/12\/ELTERN-AG.png\" alt=\"\" \/><\/td>\n<\/tr>\n<\/tbody>\n<\/table>\n<p>ELTERN-AG ist ein besonderer Elternkurs \u2013 speziell f\u00fcr Familien mit Kindern von der Geburt bis zur Einschulung sowie werdende Eltern.<\/p>\n<p>In den ELTERN-AG Kursen, die in vielen deutschen St\u00e4dten angeboten werden, finden junge V\u00e4ter und M\u00fctter Unterst\u00fctzung und Antworten auf ihre Erziehungsfragen.\u00a0Speziell ausgebildete Kursleiter*innen moderieren die Elterngruppen, bei denen sich alles um Familie und Kindererziehung dreht. Im Mittelpunkt steht dabei immer der direkte Austausch mit anderen Eltern und die M\u00f6glichkeit, Erfahrungen einzubringen und sie gemeinsam in der Gruppe zu besprechen.<\/p>\n<p><em>Was ist gesund f\u00fcr mein Kind? Wie oft darf es fernsehen oder wann sollte mein Kind aufs T\u00f6pfchen gehen?<\/em><\/p>\n<p>Der Elternalltag h\u00e4lt viele spannende Fragen rund um den Nachwuchs bereit. In der ELTERN-AG haben Sie die M\u00f6glichkeit, diese Fragen mit anderen Eltern zu diskutieren, sich Tipps zu holen oder zu geben und dabei in gem\u00fctlicher Runde mit anderen M\u00fcttern und V\u00e4tern \u00fcber Ihre Erfahrungen zu sprechen. Bei Bedarf k\u00f6nnen Ihre Kinder in dieser Zeit kostenfrei betreut werden.<\/p>\n[vc_zigzag]\n<p><strong>MamaZeit<\/strong><\/p>\n<p>MamaZeit ist ein Angebot f\u00fcr M\u00fctter mit Kindern zwischen 0-3 Jahren. MamaZeit bietet einen Ort der Begegnung, Information f\u00fcr M\u00fctter. Es sind insbesondere M\u00fctter, die den Austausch untereinander suchen. Sich in Ruhe auszutauschen ist wegen fehlender Kinderbetreuung insbesondere am Nachmittag und bei Kindern zwischen 0-3 J Jahren kaum m\u00f6glich. Deswegen wird MamaZeit mit Kinderbetreuung angeboten. So k\u00f6nnen die M\u00fctter sich auf ihre Anliegen konzentrieren und sich gemeinsam mit anderen Frauen eine AusZeit nehmen.<\/p>\n<p>MamaZeit findet montags von 09:00 &#8211; 11:00 Uhr im Stadtteiltreff S\u00fcdend (Frankfurter Stra\u00dfe 28, 36043 Fulda) statt.[\/vc_column_text][vc_zigzag][\/vc_column][\/vc_row][vc_row][vc_column][\/vc_column][\/vc_row]\n<\/div>","protected":false},"excerpt":{"rendered":"<p>[vc_row][vc_column][vc_column_text css=&#8221;&#8221;] In den ersten Lebensjahren werden wichtige Grundlagen f\u00fcr den sp\u00e4teren Lebensweg Ihres Kindes gelegt. Ob Ihr Kind einen guten Schulstart hat, ob sein Bildungsweg und schlussendlich sein Lebensweg&hellip;<\/p>\n","protected":false},"author":6,"featured_media":0,"parent":24,"menu_order":0,"comment_status":"closed","ping_status":"closed","template":"","meta":{"_editorskit_title_hidden":false,"_editorskit_reading_time":0,"_editorskit_is_block_options_detached":false,"_editorskit_block_options_position":"{}","footnotes":""},"class_list":["post-15388","page","type-page","status-publish","hentry","description-off"],"translation":{"provider":"WPGlobus","version":"3.0.2","language":"ar","enabled_languages":["de","en","fr","ru","ar","tr","fa"],"languages":{"de":{"title":true,"content":true,"excerpt":false},"en":{"title":false,"content":false,"excerpt":false},"fr":{"title":false,"content":false,"excerpt":false},"ru":{"title":false,"content":false,"excerpt":false},"ar":{"title":false,"content":false,"excerpt":false},"tr":{"title":false,"content":false,"excerpt":false},"fa":{"title":false,"content":false,"excerpt":false}}},"_links":{"self":[{"href":"https:\/\/awo-fulda.de\/ar\/wp-json\/wp\/v2\/pages\/15388","targetHints":{"allow":["GET"]}}],"collection":[{"href":"https:\/\/awo-fulda.de\/ar\/wp-json\/wp\/v2\/pages"}],"about":[{"href":"https:\/\/awo-fulda.de\/ar\/wp-json\/wp\/v2\/types\/page"}],"author":[{"embeddable":true,"href":"https:\/\/awo-fulda.de\/ar\/wp-json\/wp\/v2\/users\/6"}],"replies":[{"embeddable":true,"href":"https:\/\/awo-fulda.de\/ar\/wp-json\/wp\/v2\/comments?post=15388"}],"version-history":[{"count":37,"href":"https:\/\/awo-fulda.de\/ar\/wp-json\/wp\/v2\/pages\/15388\/revisions"}],"predecessor-version":[{"id":141102,"href":"https:\/\/awo-fulda.de\/ar\/wp-json\/wp\/v2\/pages\/15388\/revisions\/141102"}],"up":[{"embeddable":true,"href":"https:\/\/awo-fulda.de\/ar\/wp-json\/wp\/v2\/pages\/24"}],"wp:attachment":[{"href":"https:\/\/awo-fulda.de\/ar\/wp-json\/wp\/v2\/media?parent=15388"}],"curies":[{"name":"wp","href":"https:\/\/api.w.org\/{rel}","templated":true}]}}