{"id":110,"date":"2017-10-23T18:25:45","date_gmt":"2017-10-23T16:25:45","guid":{"rendered":"https:\/\/awo-fulda.de\/?page_id=110"},"modified":"2022-01-29T14:43:55","modified_gmt":"2022-01-29T13:43:55","slug":"wir-ueber-uns","status":"publish","type":"page","link":"https:\/\/awo-fulda.de\/ar\/wir-ueber-uns\/","title":{"rendered":"Wir \u00fcber uns"},"content":{"rendered":"<div class=\"field field-name-body field-type-text-with-summary field-label-hidden\">\n<div class=\"field-items\">\n<div class=\"field-item even\">\n<div class=\"paragraph inhalt-fliesstext paragraph--view-mode--default\"><\/div>\n<table style=\"border-collapse: collapse; width: 100%;\" border=\"1\">\n<tbody>\n<tr>\n<td style=\"width: 33.3333%; background-color: #b33333;\"><strong><img loading=\"lazy\" decoding=\"async\" class=\"wp-image-485 aligncenter\" src=\"https:\/\/awo-fulda.de\/wp-content\/uploads\/2018\/01\/Marie-Juchacz_Stamp.jpg\" alt=\"\" width=\"147\" height=\"172\" \/><\/strong><\/td>\n<td style=\"width: 33.3333%; background-color: #596666;\"><strong><img loading=\"lazy\" decoding=\"async\" class=\"wp-image-484 aligncenter\" src=\"https:\/\/awo-fulda.de\/wp-content\/uploads\/2018\/01\/Marie-Juchacz_gro\u00df.jpg\" alt=\"\" width=\"290\" height=\"171\" \/><\/strong><\/td>\n<td style=\"width: 33.3333%; background-color: #b33333;\"><strong><img loading=\"lazy\" decoding=\"async\" class=\"wp-image-487 aligncenter\" src=\"https:\/\/awo-fulda.de\/wp-content\/uploads\/2018\/01\/Marie_Juchacz_timbre_allemand.jpg\" alt=\"\" width=\"146\" height=\"172\" \/><\/strong><\/td>\n<\/tr>\n<\/tbody>\n<\/table>\n<p>&nbsp;<\/p>\n<p><span style=\"font-size: 16px;\"><strong><span style=\"color: #993300;\"><span style=\"color: #000000;\">Wir stehen f\u00fcr unsere Werte, die schon 100 Jahre f\u00fcr uns gelten, ohne an Bedeutung verloren zu haben:<br \/>\n<\/span><\/span><\/strong><\/span><\/p>\n<p><strong><span style=\"color: #993300;\"><span style=\"font-size: 16px;\"><span style=\"color: #800000;\">Freiheit\u00a0\u00a0\u00a0\u00a0 &#8211;\u00a0\u00a0\u00a0\u00a0 <\/span><\/span><\/span><\/strong><span style=\"color: #800000; font-size: 16px;\"><strong>Gleichheit\u00a0\u00a0\u00a0\u00a0 &#8211;\u00a0\u00a0\u00a0\u00a0 <\/strong><strong>Gerechtigkeit\u00a0\u00a0\u00a0\u00a0 &#8211;\u00a0\u00a0\u00a0\u00a0 <\/strong><strong>Solidarit\u00e4t\u00a0\u00a0\u00a0\u00a0 &#8211;\u00a0\u00a0\u00a0\u00a0 <\/strong><strong>Toleranz<\/strong><\/span><\/p>\n<p>&nbsp;<\/p>\n<p>Die Arbeiterwohlfahrt geh\u00f6rt zu den sechs Spitzenverb\u00e4nden der Freien Wohlfahrtspflege in Deutschland. Sie ist aufgrund ihrer Geschichte und ihres gesellschaftspolitischen Selbstverst\u00e4ndnisses ein Wohlfahrtsverband mit besonderer Pr\u00e4gung.<\/p>\n<p>In ihr haben sich Frauen und M\u00e4nner als Mitglieder und als ehren- und hauptamtlich T\u00e4tige zusammengefunden, um in unserer Gesellschaft bei der Bew\u00e4ltigung sozialer Probleme und Aufgaben mitzuwirken und um den demokratischen, sozialen Rechtsstaat zu verwirklichen.<\/p>\n<div class=\"field field-inhalt field__items\">\n<div class=\"paragraph inhalt-fliesstext paragraph--view-mode--default\">\n<p>&nbsp;<br \/>\n<strong>Die Arbeiterwohlfahrt wurde 1919 &#8211; im Elend nach dem 1. Weltkrieg &#8211; von Marie Juchacz gegr\u00fcndet.<\/strong> Sie war sozialpolitisch aktiv und hielt nach Einf\u00fchrung des Frauenwahlrechts als erste Parlamentarierin eine Rede vor der Weimarer Nationalversammlung.<\/p>\n<p>Von Beginn an stand die Hilfe zur Selbsthilfe im Vordergrund. Hilfe unter Gleichen anstatt Almosen von Reichen f\u00fcr Arme. Schon vor der Nazizeit organisierten sich Hunderttausende in der AWO. Sie war gepr\u00e4gt von N\u00e4hstuben, Suppenk\u00fcchen, Wanderkreisen und Bildungszirkeln.<\/p>\n<p>Nach der Nazi- und Kriegszeit, in der die Arbeiterwohlfahrt zerschlagen und ihre Verantwortlichen vefolgt wurden, entwickelte sich die AWO zu einem modernen Wohlfahrtsverband, der professionelle Einrichtungen und Dienste f\u00fcr Kinder, Senioren, Behinderte, Ratsuchende und Migranten anbietet.<\/p>\n<p>Heute hat sie fast 400.000 Mitglieder und geh\u00f6rt zu den sechs Spitzenverb\u00e4nden der Freien Wohlfahrtspflege in Deutschland.<\/p>\n<p>&nbsp;<br \/>\n<strong>In unserer Region wurden die Ideen der AWO von Erna Hosemann 1946 durch Gr\u00fcndung des AWO Kreisverbands Fulda e.V. umgesetzt.<\/strong> Auf Erna Hosemanns Initiative entstand das sp\u00e4ter nach ihr benannte Seniorenzentrum in Ziehers-Nord. Heute ist die AWO in Fulda Tr\u00e4ger einer Vielzahl von Sozialen Diensten rund um die Themen Soziale Beratung, Familienbildung, Migrationsarbeit und Integration in den Arbeitsmarkt. Dar\u00fcber hinaus werden vom AWO Bezirksverband Hessen-Nord mehrere Altenzentren und eine Altenpflegeschule betrieben.<\/p>\n<p>Die Bedeutung von Erna Hosemann f\u00fcr die Region Fulda wurde durch das Aufstellen einer &#8220;Blauen Bank&#8221; vom Soroptimist International Club im Jubil\u00e4umsjahr 2021 gew\u00fcrdigt. Ihre Biografie haben die bei diesem Anlass gehaltenen Reden veranschaulicht: <a href=\"https:\/\/awo-fulda.de\/2021\/07\/11\/blaue-bank\/\">&#8220;Blaue Bank&#8221; f\u00fcr Erna Hosemann<\/a>.<\/p>\n<\/div>\n<\/div>\n<\/div>\n<\/div>\n<\/div>\n","protected":false},"excerpt":{"rendered":"<p>&nbsp; Wir stehen f\u00fcr unsere Werte, die schon 100 Jahre f\u00fcr uns gelten, ohne an Bedeutung verloren zu haben: Freiheit\u00a0\u00a0\u00a0\u00a0 &#8211;\u00a0\u00a0\u00a0\u00a0 Gleichheit\u00a0\u00a0\u00a0\u00a0 &#8211;\u00a0\u00a0\u00a0\u00a0 Gerechtigkeit\u00a0\u00a0\u00a0\u00a0 &#8211;\u00a0\u00a0\u00a0\u00a0 Solidarit\u00e4t\u00a0\u00a0\u00a0\u00a0 &#8211;\u00a0\u00a0\u00a0\u00a0 Toleranz &nbsp; Die&hellip;<\/p>\n","protected":false},"author":1,"featured_media":0,"parent":0,"menu_order":0,"comment_status":"closed","ping_status":"closed","template":"","meta":{"_editorskit_title_hidden":false,"_editorskit_reading_time":0,"_editorskit_is_block_options_detached":false,"_editorskit_block_options_position":"{}","footnotes":""},"class_list":["post-110","page","type-page","status-publish","hentry","description-off"],"translation":{"provider":"WPGlobus","version":"3.0.2","language":"ar","enabled_languages":["de","en","fr","ru","ar","tr","fa"],"languages":{"de":{"title":true,"content":true,"excerpt":false},"en":{"title":false,"content":false,"excerpt":false},"fr":{"title":false,"content":false,"excerpt":false},"ru":{"title":false,"content":false,"excerpt":false},"ar":{"title":false,"content":false,"excerpt":false},"tr":{"title":false,"content":false,"excerpt":false},"fa":{"title":false,"content":false,"excerpt":false}}},"_links":{"self":[{"href":"https:\/\/awo-fulda.de\/ar\/wp-json\/wp\/v2\/pages\/110","targetHints":{"allow":["GET"]}}],"collection":[{"href":"https:\/\/awo-fulda.de\/ar\/wp-json\/wp\/v2\/pages"}],"about":[{"href":"https:\/\/awo-fulda.de\/ar\/wp-json\/wp\/v2\/types\/page"}],"author":[{"embeddable":true,"href":"https:\/\/awo-fulda.de\/ar\/wp-json\/wp\/v2\/users\/1"}],"replies":[{"embeddable":true,"href":"https:\/\/awo-fulda.de\/ar\/wp-json\/wp\/v2\/comments?post=110"}],"version-history":[{"count":17,"href":"https:\/\/awo-fulda.de\/ar\/wp-json\/wp\/v2\/pages\/110\/revisions"}],"predecessor-version":[{"id":103367,"href":"https:\/\/awo-fulda.de\/ar\/wp-json\/wp\/v2\/pages\/110\/revisions\/103367"}],"wp:attachment":[{"href":"https:\/\/awo-fulda.de\/ar\/wp-json\/wp\/v2\/media?parent=110"}],"curies":[{"name":"wp","href":"https:\/\/api.w.org\/{rel}","templated":true}]}}