{"id":106,"date":"2017-10-23T18:24:56","date_gmt":"2017-10-23T16:24:56","guid":{"rendered":"https:\/\/awo-fulda.de\/?page_id=106"},"modified":"2021-11-04T17:32:37","modified_gmt":"2021-11-04T16:32:37","slug":"gwa-gersfeld","status":"publish","type":"page","link":"https:\/\/awo-fulda.de\/ar\/begegnungsstaetten\/gwa-gersfeld\/","title":{"rendered":"Gemeinwesenarbeit in Gersfeld"},"content":{"rendered":"<table style=\"height: 44px;\" width=\"1353\">\n<tbody>\n<tr>\n<td style=\"width: 443.667px;\"><img loading=\"lazy\" decoding=\"async\" class=\"wp-image-15201 alignnone\" src=\"https:\/\/awo-fulda.de\/wp-content\/uploads\/2018\/05\/AWO_15-640x360.jpg\" alt=\"\" width=\"1600\" height=\"900\" srcset=\"https:\/\/awo-fulda.de\/wp-content\/uploads\/2018\/05\/AWO_15-640x360.jpg 640w, https:\/\/awo-fulda.de\/wp-content\/uploads\/2018\/05\/AWO_15-480x270.jpg 480w, https:\/\/awo-fulda.de\/wp-content\/uploads\/2018\/05\/AWO_15-768x432.jpg 768w, https:\/\/awo-fulda.de\/wp-content\/uploads\/2018\/05\/AWO_15.jpg 1600w\" sizes=\"auto, (max-width: 1600px) 100vw, 1600px\" \/><\/td>\n<td style=\"width: 443.667px;\"><img loading=\"lazy\" decoding=\"async\" class=\"size-medium wp-image-15319 alignnone\" src=\"https:\/\/awo-fulda.de\/wp-content\/uploads\/2018\/05\/fussball1-480x270.jpg\" alt=\"\" width=\"480\" height=\"270\" srcset=\"https:\/\/awo-fulda.de\/wp-content\/uploads\/2018\/05\/fussball1-480x270.jpg 480w, https:\/\/awo-fulda.de\/wp-content\/uploads\/2018\/05\/fussball1-768x432.jpg 768w, https:\/\/awo-fulda.de\/wp-content\/uploads\/2018\/05\/fussball1-640x360.jpg 640w, https:\/\/awo-fulda.de\/wp-content\/uploads\/2018\/05\/fussball1.jpg 1024w\" sizes=\"auto, (max-width: 480px) 100vw, 480px\" \/><\/td>\n<td style=\"width: 443.667px;\"><img loading=\"lazy\" decoding=\"async\" class=\"size-medium wp-image-15274 alignnone\" src=\"https:\/\/awo-fulda.de\/wp-content\/uploads\/2018\/05\/Weyhers3-480x270.jpg\" alt=\"\" width=\"480\" height=\"270\" srcset=\"https:\/\/awo-fulda.de\/wp-content\/uploads\/2018\/05\/Weyhers3-480x270.jpg 480w, https:\/\/awo-fulda.de\/wp-content\/uploads\/2018\/05\/Weyhers3-768x432.jpg 768w, https:\/\/awo-fulda.de\/wp-content\/uploads\/2018\/05\/Weyhers3-640x360.jpg 640w, https:\/\/awo-fulda.de\/wp-content\/uploads\/2018\/05\/Weyhers3.jpg 1600w\" sizes=\"auto, (max-width: 480px) 100vw, 480px\" \/><\/td>\n<\/tr>\n<\/tbody>\n<\/table>\n<p>Gemeinwesenarbeit (GWA) richtet sich auf die Lebenszusammenh\u00e4nge von Menschen und strebt die Verbesserung von materiellen (z.B. Wohnraum), infrastrukturellen (z.B. Mobilit\u00e4t, Bildung) und immateriellen (z.B. soziale Beziehungen, Teilhabe, Kultur) Bedingungen an. Die Herausforderungen in diesen Bereichen werden f\u00fcr die Menschen an ganz konkreten Orten in ihren Kommunen oder Stadtteilen erlebbar und m\u00fcssen auch vor Ort bearbeitet werden. Dazu bedarf es niedrigschwelliger Anlaufstellen, die mit bedarfsorientierten Ma\u00dfnahmen die gesellschaftliche Teilhabe st\u00e4rken, niedrigschwellige Beratung bieten, b\u00fcrgerschaftliches Engagement, Selbsthilfe und Vernetzung f\u00f6rdern.<\/p>\n<p>Dank des F\u00f6rderprogrammes \u201eGemeinwesenarbeit\u201c des Hessischen Ministeriums f\u00fcr Soziales und Integration kann am Standtort Gersfeld die in 2016 begonnenen sozialraumorientierte Gemeinwesenarbeit fortgesetzt und weiterentwickelt werden. Die Projektumsetzung erfolgt in enger Kooperation mit der Stadt Gersfeld und dem Begegnungszentrum \u201eGute Stube\u201c (Familienzentrum).<\/p>\n<p>Mit folgenden Ma\u00dfnahmen wollen wir die soziale und ehrenamtliche Infrastruktur im l\u00e4ndlichen Raum weiterentwickeln, sowie die Entwicklungsperspektiven von Personen in den Bereichen Integration, Bildung und Besch\u00e4ftigung verbessern:<\/p>\n<p><strong>Aktivierung, Unterst\u00fctzung und Verbesserung der Selbstorganisation der Bewohner*innen und St\u00e4rkung der Handlungskompetenz<\/strong><\/p>\n<ul>\n<li>Aktivierende Ma\u00dfnahmen (Beratung, Bedarfsermittlung, etc.)<\/li>\n<li>Selbstorganisierte Veranstaltungen (z.B. Kreativangebote, Ausfl\u00fcge)<\/li>\n<li>Niedrigschwellige Bildungsangebote (Sprachcaf\u00e9, etc.)<\/li>\n<\/ul>\n<p><strong>Auf- und Ausbau von Netzwerk- und Kooperationsstrukturen, die zu einer Verbesserung der Lebenslagen der Bewohner*innen beitragen.<\/strong><\/p>\n<ul>\n<li>lokale Vernetzung (Runde Tische, Arbeitsgruppen, Gremien)<\/li>\n<li>\u00fcbergreifende Vernetzung (fachlicher Austausch, Wissenstransfer, best practise)<\/li>\n<li>Kooperationen (gemeinsame Projekte werden initiiert)<\/li>\n<\/ul>\n<p><strong>Gutes Nachbarschaftliches Zusammenleben durch Schaffung von Begegnungsm\u00f6glichkeiten zwischen Bewohner*innen aller Kulturen und Generationen.<\/strong><\/p>\n<ul>\n<li>Begegnung und Austausch (z.B. Kreativangebote mit wechselndem Angebot)<\/li>\n<li>Kulturelle Vielfalt (geselliger und informativer Austausch \u00fcber verschiedene Kulturen)<\/li>\n<li>Nachbarschaftliches Miteinander (Ausfl\u00fcge, Teilnahme an Stadtfesten)<\/li>\n<\/ul>\n<p><strong>Es gibt eine lokale Anlaufstalle, an die sich die Bewohn*innen zur Verbesserung ihrer Lebenslagen wenden k\u00f6nnen.<\/strong><\/p>\n<ul>\n<li>Lokale Anlaufstelle (niedrigschwellige Beratung)<\/li>\n<li>Verweisung an Fach- und Beratungsstellen (z.B. an Sozial- oder Migrationsberatung)<\/li>\n<li>Fachvortr\u00e4ge (zu Themen wie Nachhaltigkeit, Verbraucherschutz)<\/li>\n<\/ul>\n<p>Gerne k\u00f6nnen Sie sich unseren Flyer downloaden: <a href=\"https:\/\/awo-fulda.de\/wp-content\/uploads\/2018\/06\/Flyer-GWA_2017.pdf\">Flyer GWA_2017<\/a><\/p>\n<h3><strong>Newsletter und Instagram<\/strong><\/h3>\n<p>Um immer \u00fcber die Angebote und Aktivit\u00e4ten auf dem Laufenden zu bleiben, besteht die M\u00f6glichkeit, sich unter gutestube(at)gersfeld.de f\u00fcr den <strong>E-Mail-Newsletter<\/strong> der Guten Stube anzumelden. Au\u00dferdem kann man die Gute Stube auch mit eigenem Account auf <strong><a href=\"https:\/\/www.instagram.com\/gutestubegersfeld\/\"><strong>I<\/strong>nstagram<\/a> <\/strong>finden.<\/p>\n<h3>\u00a0<\/h3>\n<h3>\u00a0<\/h3>\n<h3><span style=\"background-color: #99cc00;\"><strong>Aktuelle Veranstaltungen<\/strong><\/span><\/h3>\n<table style=\"height: 998px; width: 76.0912%; border-collapse: collapse; background-color: #c9c7c7; border-color: #0;\">\n<tbody>\n<tr style=\"height: 499px;\">\n<td style=\"width: 35.5801%; height: 499px;\"><a class=\"dt-pswp-item\" href=\"https:\/\/awo-fulda.de\/wp-content\/uploads\/2021\/11\/Kaffee-international.png\" data-dt-img-description=\"\" data-large_image_width=\"1587\" data-large_image_height=\"2245\"><img loading=\"lazy\" decoding=\"async\" class=\"alignleft size-full wp-image-100009\" src=\"https:\/\/awo-fulda.de\/wp-content\/uploads\/2021\/11\/Kaffee-international.png\" alt=\"\" width=\"1587\" height=\"2245\" srcset=\"https:\/\/awo-fulda.de\/wp-content\/uploads\/2021\/11\/Kaffee-international.png 1587w, https:\/\/awo-fulda.de\/wp-content\/uploads\/2021\/11\/Kaffee-international-339x480.png 339w, https:\/\/awo-fulda.de\/wp-content\/uploads\/2021\/11\/Kaffee-international-452x640.png 452w, https:\/\/awo-fulda.de\/wp-content\/uploads\/2021\/11\/Kaffee-international-768x1086.png 768w, https:\/\/awo-fulda.de\/wp-content\/uploads\/2021\/11\/Kaffee-international-1086x1536.png 1086w, https:\/\/awo-fulda.de\/wp-content\/uploads\/2021\/11\/Kaffee-international-1448x2048.png 1448w\" sizes=\"auto, (max-width: 1587px) 100vw, 1587px\" \/><\/a><\/td>\n<td style=\"width: 2.59156%;\">\u00a0<\/td>\n<td style=\"width: 40.5593%; height: 499px;\"><a class=\"dt-pswp-item\" href=\"https:\/\/awo-fulda.de\/wp-content\/uploads\/2021\/11\/Vorlesetag-2021.png\" data-dt-img-description=\"\" data-large_image_width=\"1587\" data-large_image_height=\"2245\"><img loading=\"lazy\" decoding=\"async\" class=\"aligncenter wp-image-100010 size-large\" src=\"https:\/\/awo-fulda.de\/wp-content\/uploads\/2021\/11\/Vorlesetag-2021-452x640.png\" alt=\"\" width=\"452\" height=\"640\" srcset=\"https:\/\/awo-fulda.de\/wp-content\/uploads\/2021\/11\/Vorlesetag-2021-452x640.png 452w, https:\/\/awo-fulda.de\/wp-content\/uploads\/2021\/11\/Vorlesetag-2021-339x480.png 339w, https:\/\/awo-fulda.de\/wp-content\/uploads\/2021\/11\/Vorlesetag-2021-768x1086.png 768w, https:\/\/awo-fulda.de\/wp-content\/uploads\/2021\/11\/Vorlesetag-2021-1086x1536.png 1086w, https:\/\/awo-fulda.de\/wp-content\/uploads\/2021\/11\/Vorlesetag-2021-1448x2048.png 1448w, https:\/\/awo-fulda.de\/wp-content\/uploads\/2021\/11\/Vorlesetag-2021.png 1587w\" sizes=\"auto, (max-width: 452px) 100vw, 452px\" \/><\/a><\/td>\n<\/tr>\n<tr style=\"height: 499px;\">\n<td style=\"width: 35.5801%; height: 499px;\"><a class=\"dt-pswp-item\" href=\"https:\/\/awo-fulda.de\/wp-content\/uploads\/2021\/11\/Menschaergeredichnicht.png\" data-dt-img-description=\"\" data-large_image_width=\"980\" data-large_image_height=\"1295\"><img loading=\"lazy\" decoding=\"async\" class=\"alignleft wp-image-100012 size-medium\" src=\"https:\/\/awo-fulda.de\/wp-content\/uploads\/2021\/11\/Menschaergeredichnicht-363x480.png\" alt=\"\" width=\"363\" height=\"480\" srcset=\"https:\/\/awo-fulda.de\/wp-content\/uploads\/2021\/11\/Menschaergeredichnicht-363x480.png 363w, https:\/\/awo-fulda.de\/wp-content\/uploads\/2021\/11\/Menschaergeredichnicht-484x640.png 484w, https:\/\/awo-fulda.de\/wp-content\/uploads\/2021\/11\/Menschaergeredichnicht-768x1015.png 768w, https:\/\/awo-fulda.de\/wp-content\/uploads\/2021\/11\/Menschaergeredichnicht.png 980w\" sizes=\"auto, (max-width: 363px) 100vw, 363px\" \/><\/a><\/td>\n<td style=\"width: 2.59156%;\">\u00a0<\/td>\n<td style=\"width: 40.5593%; height: 499px;\"><a class=\"dt-pswp-item\" href=\"https:\/\/awo-fulda.de\/wp-content\/uploads\/2021\/10\/Repaircafe-november-21-insta.png\" data-dt-img-description=\"\" data-large_image_width=\"1080\" data-large_image_height=\"1080\"><img loading=\"lazy\" decoding=\"async\" class=\"alignleft wp-image-99430 size-medium\" src=\"https:\/\/awo-fulda.de\/wp-content\/uploads\/2021\/10\/Repaircafe-november-21-insta-480x480.png\" alt=\"\" width=\"480\" height=\"480\" srcset=\"https:\/\/awo-fulda.de\/wp-content\/uploads\/2021\/10\/Repaircafe-november-21-insta-480x480.png 480w, https:\/\/awo-fulda.de\/wp-content\/uploads\/2021\/10\/Repaircafe-november-21-insta-640x640.png 640w, https:\/\/awo-fulda.de\/wp-content\/uploads\/2021\/10\/Repaircafe-november-21-insta-300x300.png 300w, https:\/\/awo-fulda.de\/wp-content\/uploads\/2021\/10\/Repaircafe-november-21-insta-768x768.png 768w, https:\/\/awo-fulda.de\/wp-content\/uploads\/2021\/10\/Repaircafe-november-21-insta.png 1080w\" sizes=\"auto, (max-width: 480px) 100vw, 480px\" \/><\/a><\/td>\n<\/tr>\n<\/tbody>\n<\/table>\n<h3>\u00a0<\/h3>\n<h3><span style=\"background-color: #99cc00;\"><strong>Regelm\u00e4\u00dfige Angebote<\/strong><\/span><\/h3>\n<p>\u00a0<\/p>\n<table style=\"width: 76.4062%; border-style: solid; background-color: #cccaca;\" border=\"0\" cellspacing=\"0\" cellpadding=\"0\">\n<tbody>\n<tr style=\"height: 663px;\">\n<td style=\"width: 37.2955%; height: 663px;\"><a class=\"dt-pswp-item\" href=\"https:\/\/awo-fulda.de\/wp-content\/uploads\/2021\/10\/Handarbeitstreff-november-insta.png\" data-dt-img-description=\"\" data-large_image_width=\"1080\" data-large_image_height=\"1080\"><img loading=\"lazy\" decoding=\"async\" class=\"alignleft wp-image-99432 size-medium\" src=\"https:\/\/awo-fulda.de\/wp-content\/uploads\/2021\/10\/Handarbeitstreff-november-insta-480x480.png\" alt=\"\" width=\"480\" height=\"480\" srcset=\"https:\/\/awo-fulda.de\/wp-content\/uploads\/2021\/10\/Handarbeitstreff-november-insta-480x480.png 480w, https:\/\/awo-fulda.de\/wp-content\/uploads\/2021\/10\/Handarbeitstreff-november-insta-640x640.png 640w, https:\/\/awo-fulda.de\/wp-content\/uploads\/2021\/10\/Handarbeitstreff-november-insta-300x300.png 300w, https:\/\/awo-fulda.de\/wp-content\/uploads\/2021\/10\/Handarbeitstreff-november-insta-768x768.png 768w, https:\/\/awo-fulda.de\/wp-content\/uploads\/2021\/10\/Handarbeitstreff-november-insta.png 1080w\" sizes=\"auto, (max-width: 480px) 100vw, 480px\" \/><\/a><a class=\"dt-pswp-item\" href=\"https:\/\/awo-fulda.de\/wp-content\/uploads\/2021\/11\/english.png\" data-dt-img-description=\"\" data-large_image_width=\"976\" data-large_image_height=\"1386\"><img loading=\"lazy\" decoding=\"async\" class=\"alignleft wp-image-100008 size-medium\" src=\"https:\/\/awo-fulda.de\/wp-content\/uploads\/2021\/11\/english-338x480.png\" alt=\"\" width=\"338\" height=\"480\" srcset=\"https:\/\/awo-fulda.de\/wp-content\/uploads\/2021\/11\/english-338x480.png 338w, https:\/\/awo-fulda.de\/wp-content\/uploads\/2021\/11\/english-451x640.png 451w, https:\/\/awo-fulda.de\/wp-content\/uploads\/2021\/11\/english-768x1091.png 768w, https:\/\/awo-fulda.de\/wp-content\/uploads\/2021\/11\/english.png 976w\" sizes=\"auto, (max-width: 338px) 100vw, 338px\" \/><\/a><a class=\"dt-pswp-item\" href=\"https:\/\/awo-fulda.de\/wp-content\/uploads\/2021\/10\/Gruener-Tisch-allg-insta.png\" data-dt-img-description=\"\" data-large_image_width=\"1414\" data-large_image_height=\"1414\"><img loading=\"lazy\" decoding=\"async\" class=\"alignleft wp-image-99431 size-medium\" src=\"https:\/\/awo-fulda.de\/wp-content\/uploads\/2021\/10\/Gruener-Tisch-allg-insta-480x480.png\" alt=\"\" width=\"480\" height=\"480\" srcset=\"https:\/\/awo-fulda.de\/wp-content\/uploads\/2021\/10\/Gruener-Tisch-allg-insta-480x480.png 480w, https:\/\/awo-fulda.de\/wp-content\/uploads\/2021\/10\/Gruener-Tisch-allg-insta-640x640.png 640w, https:\/\/awo-fulda.de\/wp-content\/uploads\/2021\/10\/Gruener-Tisch-allg-insta-300x300.png 300w, https:\/\/awo-fulda.de\/wp-content\/uploads\/2021\/10\/Gruener-Tisch-allg-insta-768x768.png 768w, https:\/\/awo-fulda.de\/wp-content\/uploads\/2021\/10\/Gruener-Tisch-allg-insta.png 1414w\" sizes=\"auto, (max-width: 480px) 100vw, 480px\" \/><\/a><\/td>\n<td style=\"width: 1.02249%;\">\u00a0<\/td>\n<td style=\"width: 38.2902%; height: 663px;\">\n<p><a class=\"dt-pswp-item\" href=\"https:\/\/awo-fulda.de\/wp-content\/uploads\/2021\/10\/Bastelattacke-Oktober-21-insta.png\" data-dt-img-description=\"\" data-large_image_width=\"1080\" data-large_image_height=\"1080\" data-wp-editing=\"1\"><img loading=\"lazy\" decoding=\"async\" class=\"alignleft wp-image-99434 size-medium\" src=\"https:\/\/awo-fulda.de\/wp-content\/uploads\/2021\/10\/Bastelattacke-Oktober-21-insta-480x480.png\" alt=\"\" width=\"480\" height=\"480\" srcset=\"https:\/\/awo-fulda.de\/wp-content\/uploads\/2021\/10\/Bastelattacke-Oktober-21-insta-480x480.png 480w, https:\/\/awo-fulda.de\/wp-content\/uploads\/2021\/10\/Bastelattacke-Oktober-21-insta-640x640.png 640w, https:\/\/awo-fulda.de\/wp-content\/uploads\/2021\/10\/Bastelattacke-Oktober-21-insta-300x300.png 300w, https:\/\/awo-fulda.de\/wp-content\/uploads\/2021\/10\/Bastelattacke-Oktober-21-insta-768x768.png 768w, https:\/\/awo-fulda.de\/wp-content\/uploads\/2021\/10\/Bastelattacke-Oktober-21-insta.png 1080w\" sizes=\"auto, (max-width: 480px) 100vw, 480px\" \/><\/a><\/p>\n<p>\u00a0<\/p>\n<p>\u00a0<\/p>\n<p>\u00a0<\/p>\n<p>\u00a0<\/p>\n<p><a class=\"dt-pswp-item\" href=\"https:\/\/awo-fulda.de\/wp-content\/uploads\/2021\/10\/komm-setzt-dich.png\" data-dt-img-description=\"\" data-large_image_width=\"1587\" data-large_image_height=\"2245\"><img loading=\"lazy\" decoding=\"async\" class=\"alignleft wp-image-99433 size-large\" src=\"https:\/\/awo-fulda.de\/wp-content\/uploads\/2021\/10\/komm-setzt-dich-452x640.png\" alt=\"\" width=\"452\" height=\"640\" srcset=\"https:\/\/awo-fulda.de\/wp-content\/uploads\/2021\/10\/komm-setzt-dich-452x640.png 452w, https:\/\/awo-fulda.de\/wp-content\/uploads\/2021\/10\/komm-setzt-dich-339x480.png 339w, https:\/\/awo-fulda.de\/wp-content\/uploads\/2021\/10\/komm-setzt-dich-768x1086.png 768w, https:\/\/awo-fulda.de\/wp-content\/uploads\/2021\/10\/komm-setzt-dich-1086x1536.png 1086w, https:\/\/awo-fulda.de\/wp-content\/uploads\/2021\/10\/komm-setzt-dich-1448x2048.png 1448w, https:\/\/awo-fulda.de\/wp-content\/uploads\/2021\/10\/komm-setzt-dich.png 1587w\" sizes=\"auto, (max-width: 452px) 100vw, 452px\" \/><\/a><\/p>\n<\/td>\n<\/tr>\n<\/tbody>\n<\/table>\n<p>\u00a0<\/p>\n\n","protected":false},"excerpt":{"rendered":"<p>Gemeinwesenarbeit (GWA) richtet sich auf die Lebenszusammenh\u00e4nge von Menschen und strebt die Verbesserung von materiellen (z.B. Wohnraum), infrastrukturellen (z.B. Mobilit\u00e4t, Bildung) und immateriellen (z.B. soziale Beziehungen, Teilhabe, Kultur) Bedingungen an.&hellip;<\/p>\n","protected":false},"author":1,"featured_media":0,"parent":92,"menu_order":0,"comment_status":"closed","ping_status":"closed","template":"","meta":{"_editorskit_title_hidden":false,"_editorskit_reading_time":0,"_editorskit_is_block_options_detached":false,"_editorskit_block_options_position":"{}","footnotes":""},"class_list":["post-106","page","type-page","status-publish","hentry","description-off"],"translation":{"provider":"WPGlobus","version":"3.0.2","language":"ar","enabled_languages":["de","en","fr","ru","ar","tr","fa"],"languages":{"de":{"title":true,"content":true,"excerpt":false},"en":{"title":false,"content":false,"excerpt":false},"fr":{"title":false,"content":false,"excerpt":false},"ru":{"title":false,"content":false,"excerpt":false},"ar":{"title":false,"content":false,"excerpt":false},"tr":{"title":false,"content":false,"excerpt":false},"fa":{"title":false,"content":false,"excerpt":false}}},"_links":{"self":[{"href":"https:\/\/awo-fulda.de\/ar\/wp-json\/wp\/v2\/pages\/106","targetHints":{"allow":["GET"]}}],"collection":[{"href":"https:\/\/awo-fulda.de\/ar\/wp-json\/wp\/v2\/pages"}],"about":[{"href":"https:\/\/awo-fulda.de\/ar\/wp-json\/wp\/v2\/types\/page"}],"author":[{"embeddable":true,"href":"https:\/\/awo-fulda.de\/ar\/wp-json\/wp\/v2\/users\/1"}],"replies":[{"embeddable":true,"href":"https:\/\/awo-fulda.de\/ar\/wp-json\/wp\/v2\/comments?post=106"}],"version-history":[{"count":25,"href":"https:\/\/awo-fulda.de\/ar\/wp-json\/wp\/v2\/pages\/106\/revisions"}],"predecessor-version":[{"id":100013,"href":"https:\/\/awo-fulda.de\/ar\/wp-json\/wp\/v2\/pages\/106\/revisions\/100013"}],"up":[{"embeddable":true,"href":"https:\/\/awo-fulda.de\/ar\/wp-json\/wp\/v2\/pages\/92"}],"wp:attachment":[{"href":"https:\/\/awo-fulda.de\/ar\/wp-json\/wp\/v2\/media?parent=106"}],"curies":[{"name":"wp","href":"https:\/\/api.w.org\/{rel}","templated":true}]}}